{"id":224,"date":"2026-02-13T07:47:34","date_gmt":"2026-02-13T07:47:34","guid":{"rendered":"https:\/\/qbet-se.com\/?page_id=224"},"modified":"2026-03-31T02:47:23","modified_gmt":"2026-03-31T02:47:23","slug":"verantwortungsvolles-spielen","status":"publish","type":"page","link":"https:\/\/qbet-se.com\/de\/verantwortungsvolles-spielen\/","title":{"rendered":"Verantwortungsvolles Spielen"},"content":{"rendered":"\n<div class=\"wp-block-columns is-layout-flex wp-container-core-columns-is-layout-28f84493 wp-block-columns-is-layout-flex\">\n<div class=\"wp-block-column is-layout-flow wp-block-column-is-layout-flow\">\n<h2 class=\"wp-block-heading\">Verantwortungsvolles Spielen<\/h2>\n\n\n\n<p>Unser verantwortungsvolles Spielen<\/p>\n\n\n\n<p><strong>Unser Engagement f\u00fcr verantwortungsvolles Spielen<\/strong><\/p>\n\n\n\n<p>Einer der Kernwerte von <a href=\"https:\/\/qbet-se.com\/de\/\" data-type=\"page\" data-id=\"203\">Qbet Casino<\/a> ist Transparenz. Wir gehen sogar noch einen Schritt weiter und geben Ihnen Einblicke in Ihr Spielverhalten \u2013 wie viel Sie wann gewinnen und verlieren. Daher liegt es auch in unserem Interesse und unserer Verpflichtung, kontinuierlich sicherzustellen, dass unsere Spiele nicht missbraucht werden und dass unsere Kunden verantwortungsbewusst und transparent spielen.<\/p>\n\n\n\n<p><strong>Wie spiele ich verantwortungsbewusst?<\/strong><\/p>\n\n\n\n<ul class=\"wp-block-list\">\n<li>Betrachten Sie Spiele als Unterhaltung \u2013 nicht als Einnahmequelle.<\/li>\n\n\n\n<li>Setzen Sie niemals mehr Geld ein, als Sie sich leisten k\u00f6nnen zu verlieren. Nutzen Sie Einzahlungs- und Ausgabenlimits, um den \u00dcberblick \u00fcber Ihre Ausgaben zu behalten.<\/li>\n\n\n\n<li>Verluste nicht aufzuholen ist keine Option \u2013 das f\u00fchrt oft zu Problemen.<\/li>\n\n\n\n<li>Verfolge deine Spielzeit. Nutze Sitzungslimits, um festzulegen, wie lange du eingeloggt bleiben kannst.<\/li>\n\n\n\n<li>Sorge f\u00fcr ein Gleichgewicht zwischen Gaming und anderen Aktivit\u00e4ten. Wenn Gaming deine einzige Unterhaltungsform wird, solltest du innehalten und dar\u00fcber nachdenken, ob es dir noch Spa\u00df macht.<\/li>\n\n\n\n<li>Machen Sie regelm\u00e4\u00dfig Pausen. Langes Spielen kann dazu f\u00fchren, dass man das Zeitgef\u00fchl und die Perspektive verliert.<\/li>\n\n\n\n<li>Spielen Sie nicht unter Alkoholeinfluss oder wenn Sie ver\u00e4rgert oder deprimiert sind \u2013 das beeintr\u00e4chtigt Ihr Urteilsverm\u00f6gen.<\/li>\n\n\n\n<li>\u00dcberlegen Sie einmal, wie viel Zeit und Geld Sie f\u00fcr Gl\u00fccksspiele ausgeben. Sie k\u00f6nnen dies in Ihrem Online-Kontoverlauf nachverfolgen.<\/li>\n\n\n\n<li>Informieren Sie sich \u00fcber Ihre Gewinnchancen und die Funktionsweise des Produkts.<\/li>\n\n\n\n<li>Wenn Sie mit jemandem \u00fcber Ihr Gl\u00fccksspielproblem sprechen m\u00f6chten, wenden Sie sich an eine Selbsthilfegruppe f\u00fcr Gl\u00fccksspielsucht.<\/li>\n<\/ul>\n\n\n\n<p><strong>Was ist problematisches Gl\u00fccksspiel?<\/strong><\/p>\n\n\n\n<p>Spielsucht liegt vor, wenn das Gl\u00fccksspiel das Familienleben, pers\u00f6nliche Beziehungen oder Freizeitaktivit\u00e4ten gef\u00e4hrdet, st\u00f6rt oder sch\u00e4digt. Ein problematischer Spieler wird oft als jemand beschrieben, der mehr Geld und\/oder Zeit mit Gl\u00fccksspiel verbracht hat, als er sich leisten kann.<\/p>\n\n\n\n<p><strong>Warnzeichen f\u00fcr problematisches Gl\u00fccksspiel<\/strong><\/p>\n\n\n\n<ul class=\"wp-block-list\">\n<li>Du gibst mehr Geld und Zeit f\u00fcr Gl\u00fccksspiel aus, als du dir leisten kannst.<\/li>\n\n\n\n<li>Sie haben Schwierigkeiten, Ihr Gl\u00fccksspiel zu beenden oder zu kontrollieren.<\/li>\n\n\n\n<li>Streit mit Familie oder Freunden \u00fcber Geld und Gl\u00fccksspiel.<\/li>\n\n\n\n<li>Vermindertes Interesse an gewohnten Aktivit\u00e4ten und Interessen.<\/li>\n\n\n\n<li>Du denkst oder sprichst unaufh\u00f6rlich \u00fcber Spiele.<\/li>\n\n\n\n<li>Du l\u00fcgst \u00fcber dein Gl\u00fccksspiel oder verheimlichst es.<\/li>\n\n\n\n<li>Man jagt Verlusten hinterher oder spielt, um finanzielle Probleme zu l\u00f6sen.<\/li>\n\n\n\n<li>Man spielt so lange, bis das ganze Geld weg ist.<\/li>\n\n\n\n<li>Um Gl\u00fccksspiel zu finanzieren, leiht man sich Geld, verkauft Dinge oder ignoriert Rechnungen.<\/li>\n\n\n\n<li>Um den gleichen \u201eKick\u201c zu bekommen, braucht man h\u00f6here Eins\u00e4tze oder eine l\u00e4ngere Spielzeit.<\/li>\n\n\n\n<li>Arbeit\/Studium\/Familie\/Verpflichtungen leiden.<\/li>\n\n\n\n<li>Gef\u00fchle der Sorge, Schuld, Depression oder Reizbarkeit.<\/li>\n<\/ul>\n\n\n\n<p><strong>Werkzeuge, die helfen<\/strong><\/p>\n\n\n\n<p>Praktische Tipps und L\u00f6sungen zur Vorbeugung von Problemen. Die folgenden Tools erm\u00f6glichen es Ihnen , selbst zu \u00fcberpr\u00fcfen, ob Sie ein Problem haben und Ihr Gl\u00fccksspiel gegebenenfalls einzuschr\u00e4nken oder ganz aufzugeben.<\/p>\n\n\n\n<p><strong>Einzahlungslimit<\/strong><\/p>\n\n\n\n<p>Mit den Einzahlungslimits legen Sie fest, wie viel Geld Sie pro Kalendertag, Woche oder Monat einzahlen k\u00f6nnen.<br>Sobald das Limit erreicht ist, k\u00f6nnen Sie erst wieder einzahlen, wenn der Zeitraum zur\u00fcckgesetzt wird. Sie k\u00f6nnen weiterhin alle anderen Qbet- Dienste nutzen, einschlie\u00dflich des Spielens mit Ihrem vorhandenen Guthaben.<\/p>\n\n\n\n<p><strong>Mach eine Pause<\/strong><\/p>\n\n\n\n<p>Wenn Sie eine kurze Pause vom Spielen und Wetten einlegen m\u00f6chten, k\u00f6nnen Sie <strong>eine Auszeit <\/strong>von 72 Stunden, 7 Tagen oder 30 Tagen w\u00e4hlen.<br>W\u00e4hrend der Auszeit k\u00f6nnen Sie weder spielen noch wetten, aber Sie k\u00f6nnen sich einloggen, um Ihr Restguthaben abzuheben.<\/p>\n\n\n\n<p><strong>Selbsttest<\/strong><\/p>\n\n\n\n<p>Gamblers Anonymous bietet einen einfachen Test an, um festzustellen, ob Ihr Gl\u00fccksspiel ein Problem darstellt:<br><a href=\"http:\/\/www.gamblersanonymous.org\/ga\/content\/20-questions\" target=\"_blank\" rel=\"noopener\"><strong>www.gamblersanonymous.org\/ga\/content\/20-questions<\/strong><\/a><\/p>\n\n\n\n<p><strong>Selbstabschaltung<\/strong><\/p>\n\n\n\n<p>Melden Sie sich in Ihrem Qbet- Konto an, gehen Sie zu den Kontoeinstellungen und w\u00e4hlen Sie die gew\u00fcnschte Selbstausschlussoption aus.<\/p>\n\n\n\n<p><strong>Wer kann helfen?<\/strong><\/p>\n\n\n\n<p>Wenn Sie oder jemand, den Sie kennen, ein Problem hat, suchen Sie Unterst\u00fctzung. Ein Problem einzugestehen, zeugt von St\u00e4rke, ebenso wie die Suche nach Hilfe. Im Folgenden finden Sie Organisationen, die sich t\u00e4glich mit Gl\u00fccksspielproblemen befassen.<\/p>\n\n\n\n<p><strong>Organisationen<\/strong><\/p>\n\n\n\n<p><strong>Gambling Therapy<\/strong><br><a href=\"http:\/\/www.gamblingtherapy.org\/\" target=\"_blank\" rel=\"noopener\">www.gamblingtherapy.org<\/a><br>Weltweiter Service, der kostenlose praktische Ratschl\u00e4ge und emotionale Unterst\u00fctzung f\u00fcr alle von problematischem Gl\u00fccksspiel Betroffenen anbietet.<\/p>\n\n\n\n<p><strong>Gamblers Anonymous<\/strong><br><a href=\"http:\/\/www.gamblersanonymous.org.uk\/\" target=\"_blank\" rel=\"noopener\">(www.gamblersanonymous.org.uk )<\/a><br>bietet Foren, Chat, Materialien und \u2013 besonders wichtig \u2013 eine Treffensuche. Treffen finden t\u00e4glich in England, Wales und Ulster statt.<\/p>\n\n\n\n<p><strong>Dunlewey Suchthilfe <\/strong><a href=\"http:\/\/www.dunlewey.org\/\" target=\"_blank\" rel=\"noopener\">www.dunlewey.org Kostenloses und vertrauliches Programm mit Beratung und Mentoring f\u00fcr Menschen mit Problemen im<\/a><br><strong>Zusammenhang<\/strong><br>mit eigenem oder fremdem Substanzkonsum oder Gl\u00fccksspiel.<\/p>\n\n\n\n<p><strong>Blockiere Gaming-Websites<\/strong><\/p>\n\n\n\n<p><strong>Gamban.com<\/strong><br><a href=\"http:\/\/www.gamban.com\/\" target=\"_blank\" rel=\"noopener\">www.gamban.com<\/a><br>Wenn Sie den Zugriff auf Gl\u00fccksspielseiten unterbinden m\u00f6chten, kann Gamban Apps und Websites auf Mobiltelefonen, Tablets und Computern blockieren.<\/p>\n\n\n\n<p><strong>Schulden- und Finanzberatung<\/strong><\/p>\n\n\n\n<p>Gl\u00fccksspiel kann mitunter zu unbezahlten Krediten oder Kreditkartenschulden f\u00fchren. Versuchen Sie nicht, solche Probleme durch Gl\u00fccksspiel zu l\u00f6sen. Es gibt Organisationen, die Ihnen bei der Erstellung eines L\u00f6sungsplans helfen k\u00f6nnen.<\/p>\n\n\n\n<p><strong>My Money Steps<\/strong><br><a href=\"http:\/\/www.mymoneysteps.org\/\" target=\"_blank\" rel=\"noopener\">www.mymoneysteps.org<\/a><br>bietet Ihnen m\u00f6gliche Optionen zur Schuldenbew\u00e4ltigung und entwickelt einen pers\u00f6nlichen Aktionsplan.<\/p>\n\n\n\n<p><strong>Wie man einem Freund helfen kann<\/strong><\/p>\n\n\n\n<p><strong>Erkennen Sie die Anzeichen<\/strong><\/p>\n\n\n\n<p>Beachten Sie folgende Punkte, wenn Sie vermuten, dass ein Freund durch Gl\u00fccksspiel gef\u00e4hrdet ist:<\/p>\n\n\n\n<ul class=\"wp-block-list\">\n<li><strong>Gesch\u00e4ftigkeit: <\/strong>St\u00e4ndiges Reden \u00fcber Erfolge ist ungesund.<\/li>\n\n\n\n<li><strong>Toleranz: <\/strong>Immer h\u00f6here Eins\u00e4tze f\u00fcr denselben Rausch.<\/li>\n\n\n\n<li><strong>Unf\u00e4higkeit zum Aufh\u00f6ren: <\/strong>Habe es versucht, bin aber gescheitert.<\/li>\n\n\n\n<li><strong>Reizbarkeit: <\/strong>Wird w\u00fctend, wenn er nicht spielen kann.<\/li>\n\n\n\n<li><strong>Flucht: <\/strong>Nutzt Spiele, um Problemen zu Hause\/am Arbeitsplatz zu entfliehen.<\/li>\n\n\n\n<li><strong>Verluste zur\u00fcckgewinnen: <\/strong>Der Versuch, Geld zur\u00fcckzugewinnen.<\/li>\n\n\n\n<li><strong>Verstecken: <\/strong>Heimliches Spiel auf dem Handy unter dem Tisch.<\/li>\n\n\n\n<li><strong>Geld leihen: <\/strong>Freunde um Geld zum Spielen bitten.<\/li>\n\n\n\n<li><strong>L\u00fcgen: <\/strong>Verluste verheimlichen \u2013 kann auf tieferliegende Probleme hinweisen.<\/li>\n<\/ul>\n\n\n\n<p><strong>Glaubst du, dass du oder jemand anderes ein Problem hat? Was tust du dann?<\/strong><\/p>\n\n\n\n<p>Wenn Sie bei einem Freund mehrere Anzeichen bemerken, f\u00fchren Sie ein ruhiges Gespr\u00e4ch.<br>Ein einfaches \u201eMir ist aufgefallen, dass du in letzter Zeit viel spielst \u2013 ist alles in Ordnung mit dir?\u201c kann viel bewirken. Unterst\u00fctzung ist entscheidend. Im Abschnitt \u201e <strong>Wer kann helfen?\u201c finden Sie <\/strong>Kontaktm\u00f6glichkeiten.<\/p>\n\n\n\n<p><strong>Minderj\u00e4hrige sch\u00fctzen<\/strong><\/p>\n\n\n\n<p>Wir wollen nicht, dass Kinder spielen \u2013 Punkt. Wir f\u00fchren f\u00fcr jedes Konto eine Alterspr\u00fcfung durch, um sicherzustellen, dass unsere Kunden mindestens 18 Jahre alt und somit berechtigt sind, zu spielen.<br>K\u00f6nnen wir das Alter nicht elektronisch best\u00e4tigen, sperren wir das Konto und fordern einen Altersnachweis an.<\/p>\n\n\n\n<p>Kinder nutzen oft die Ger\u00e4te ihrer Eltern, und m\u00f6glicherweise sind Sie gerade angemeldet. Spielefirmen und Eltern m\u00fcssen zusammenarbeiten, um Minderj\u00e4hrige zu sch\u00fctzen.<\/p>\n\n\n\n<p><strong>Tipps zum Schutz von Minderj\u00e4hrigen<\/strong><\/p>\n\n\n\n<ul class=\"wp-block-list\">\n<li>Bewahren Sie Ihren Benutzernamen, Ihr Passwort und Ihre Einzahlungsdaten au\u00dferhalb der Reichweite von Kindern auf (nicht auf einem Post-it-Zettel an Ihrem Computer).<\/li>\n\n\n\n<li>Speichern Sie keine Passw\u00f6rter und verwenden Sie nicht die Autofill-Funktion .<\/li>\n\n\n\n<li>Melden Sie sich immer von Ihrem Qbet- Konto ab, wenn sich Kinder in der N\u00e4he befinden.<\/li>\n\n\n\n<li>Installieren Sie Webfilter wie NetNanny , um Spiele-Websites auf PC und Mobilger\u00e4ten zu blockieren.<\/li>\n\n\n\n<li>Sprechen Sie mit Ihren Kindern \u00fcber die Legalit\u00e4t und die Risiken des Gl\u00fccksspiels im Jugendalter.<\/li>\n\n\n\n<li>Begrenzen Sie die Zeit, die Ihre Kinder online verbringen.<\/li>\n\n\n\n<li>Nutzen Sie die integrierten Kindersicherungsfunktionen auf Mobilger\u00e4ten\/Tablets\/Computern\/Fernsehern.<\/li>\n<\/ul>\n<\/div>\n<\/div>\n","protected":false},"excerpt":{"rendered":"<p>Verantwortungsvolles Spielen Unser verantwortungsvolles Spielen Unser Engagement f\u00fcr verantwortungsvolles Spielen Einer der Kernwerte von Qbet Casino ist Transparenz. Wir gehen [&hellip;]<\/p>\n","protected":false},"author":7,"featured_media":0,"parent":0,"menu_order":0,"comment_status":"closed","ping_status":"closed","template":"","meta":{"site-sidebar-layout":"default","site-content-layout":"","ast-site-content-layout":"default","site-content-style":"default","site-sidebar-style":"default","ast-global-header-display":"","ast-banner-title-visibility":"","ast-main-header-display":"","ast-hfb-above-header-display":"","ast-hfb-below-header-display":"","ast-hfb-mobile-header-display":"","site-post-title":"disabled","ast-breadcrumbs-content":"","ast-featured-img":"","footer-sml-layout":"","ast-disable-related-posts":"","theme-transparent-header-meta":"","adv-header-id-meta":"","stick-header-meta":"","header-above-stick-meta":"","header-main-stick-meta":"","header-below-stick-meta":"","astra-migrate-meta-layouts":"default","ast-page-background-enabled":"default","ast-page-background-meta":{"desktop":{"background-color":"var(--ast-global-color-5)","background-image":"","background-repeat":"repeat","background-position":"center center","background-size":"auto","background-attachment":"scroll","background-type":"","background-media":"","overlay-type":"","overlay-color":"","overlay-opacity":"","overlay-gradient":""},"tablet":{"background-color":"","background-image":"","background-repeat":"repeat","background-position":"center center","background-size":"auto","background-attachment":"scroll","background-type":"","background-media":"","overlay-type":"","overlay-color":"","overlay-opacity":"","overlay-gradient":""},"mobile":{"background-color":"","background-image":"","background-repeat":"repeat","background-position":"center center","background-size":"auto","background-attachment":"scroll","background-type":"","background-media":"","overlay-type":"","overlay-color":"","overlay-opacity":"","overlay-gradient":""}},"ast-content-background-meta":{"desktop":{"background-color":"var(--ast-global-color-4)","background-image":"","background-repeat":"repeat","background-position":"center center","background-size":"auto","background-attachment":"scroll","background-type":"","background-media":"","overlay-type":"","overlay-color":"","overlay-opacity":"","overlay-gradient":""},"tablet":{"background-color":"var(--ast-global-color-4)","background-image":"","background-repeat":"repeat","background-position":"center center","background-size":"auto","background-attachment":"scroll","background-type":"","background-media":"","overlay-type":"","overlay-color":"","overlay-opacity":"","overlay-gradient":""},"mobile":{"background-color":"var(--ast-global-color-4)","background-image":"","background-repeat":"repeat","background-position":"center center","background-size":"auto","background-attachment":"scroll","background-type":"","background-media":"","overlay-type":"","overlay-color":"","overlay-opacity":"","overlay-gradient":""}},"footnotes":""},"class_list":["post-224","page","type-page","status-publish","hentry"],"_links":{"self":[{"href":"https:\/\/qbet-se.com\/de\/wp-json\/wp\/v2\/pages\/224","targetHints":{"allow":["GET"]}}],"collection":[{"href":"https:\/\/qbet-se.com\/de\/wp-json\/wp\/v2\/pages"}],"about":[{"href":"https:\/\/qbet-se.com\/de\/wp-json\/wp\/v2\/types\/page"}],"author":[{"embeddable":true,"href":"https:\/\/qbet-se.com\/de\/wp-json\/wp\/v2\/users\/7"}],"replies":[{"embeddable":true,"href":"https:\/\/qbet-se.com\/de\/wp-json\/wp\/v2\/comments?post=224"}],"version-history":[{"count":2,"href":"https:\/\/qbet-se.com\/de\/wp-json\/wp\/v2\/pages\/224\/revisions"}],"predecessor-version":[{"id":509,"href":"https:\/\/qbet-se.com\/de\/wp-json\/wp\/v2\/pages\/224\/revisions\/509"}],"wp:attachment":[{"href":"https:\/\/qbet-se.com\/de\/wp-json\/wp\/v2\/media?parent=224"}],"curies":[{"name":"wp","href":"https:\/\/api.w.org\/{rel}","templated":true}]}}