{"id":240,"date":"2025-09-09T05:27:38","date_gmt":"2025-09-09T05:27:38","guid":{"rendered":"https:\/\/qbet-se.com\/?page_id=240"},"modified":"2026-03-31T02:48:43","modified_gmt":"2026-03-31T02:48:43","slug":"bonusbedingungen","status":"publish","type":"page","link":"https:\/\/qbet-se.com\/de\/bonusbedingungen\/","title":{"rendered":"Bonusbedingungen"},"content":{"rendered":"\n<div class=\"wp-block-columns is-layout-flex wp-container-core-columns-is-layout-28f84493 wp-block-columns-is-layout-flex\">\n<div class=\"wp-block-column is-layout-flow wp-block-column-is-layout-flow\">\n<h2 class=\"wp-block-heading\" id=\"h-bonusvillkor\">Bonusbedingungen<\/h2>\n\n\n\n<p><strong>Allgemeine Bonusbedingungen<\/strong><\/p>\n\n\n\n<p><strong>Casino-Bonusbedingungen<\/strong><\/p>\n\n\n\n<p><a href=\"https:\/\/qbet-se.com\/de\/\" data-type=\"page\" data-id=\"203\">QBet Casino<\/a> angebotenen Boni k\u00f6nnen nur einmal pro Person\/Konto, Familie, Haushalt, Adresse, E-Mail-Adresse, Kreditkarte, Ger\u00e4t, IP-Adresse oder Umgebung, in der Computer gemeinsam genutzt werden (Universit\u00e4t, Schule, Arbeitsplatz, Bibliothek usw.), beansprucht werden.<\/p>\n\n\n\n<p>Wenn f\u00fcr eine Kampagne oder Werbeaktion eine qualifizierende Einzahlung erforderlich ist, muss diese in einer einzigen Transaktion erfolgen; mehrere Einzahlungen z\u00e4hlen nicht.<\/p>\n\n\n\n<p>Bonusangebote per E-Mail, SMS oder \u00fcber andere Kan\u00e4le sind personengebunden und gelten nur f\u00fcr den Empf\u00e4nger, an den QBet das Angebot gesendet hat.<\/p>\n\n\n\n<p>Jeder QBet- Bonus ist f\u00fcr einen bestimmten Aktionszeitraum g\u00fcltig und muss innerhalb dieses Zeitraums genutzt werden. Nicht genutzte Boni verfallen.<\/p>\n\n\n\n<p>QBet zu erhalten , m\u00fcssen alle pers\u00f6nlichen Daten korrekt und aktuell sein. QBet beh\u00e4lt sich das Recht vor, Boni und Gewinne auf Konten mit fehlerhaften Angaben zu stornieren.<\/p>\n\n\n\n<p>Boni k\u00f6nnen nicht mit anderen Aktionen kombiniert oder parallel genutzt werden, sofern nicht ausdr\u00fccklich anders angegeben.<\/p>\n\n\n\n<p>Bonusguthaben aus Casino-Aktionen gilt nur f\u00fcr Spielautomaten. Eins\u00e4tze bei Tischspielen, Video-Poker oder anderen Spielkategorien au\u00dferhalb von Spielautomaten werden nicht auf die Umsatzbedingungen angerechnet.<\/p>\n\n\n\n<p>F\u00f6ljande slots \u00e4r sp\u00e4rrade f\u00f6r bonusspel : <strong>Deep Rush, Aviator, 9 Lions, Plinko, Lil Devil, Triple Cash or Crash, London Tube, Wild Swarm, Take the Shot, Scrooge, Dwarfs Fortune, Butterfly Lovers, Money Cart 4, Tomb Raider \u2013 Secret of the Sword, Hot 777, Space XY, Lines, 9 Burning Stars, Babylon Riches, Gem Saviour, Bison Battle, Dragon&#8217;s Crash, Black Horse Cash Out Edition, Limbo, African Spirit Sticky Wilds, Hood vs Wolf, Savage Jungle, The Wish Master Megaways , Football Mania Deluxe, Mice &amp; Magic Wonder Spin, Beautiful Bones, WBC Ring of Riches, Telly Reels, Fruit Mania Deluxe, Tiki Tumble, The Perfect Heist, Cool Buck, Beach Invaders, Money Cart, Monsters Unchained, Pushy Cats, Wild Heart, Siren&#8217;s Riches, Plinko, Ishtar Power Zones, Blaze of Ra, Razor Shark, 1000X BUSTA, Legion Hot 1, Robin \u2013 Nottingham Raiders, Spina Colada, Towering Pays Valhalla, Hammer of Gods, 100 Bit Dice, Vikings go to Hell, Vikings go Berzerk , Hunters Moon Gigablox , Return of the Valkyrie, Ancient Eclipse, Robin \u2013 Sherwood Marauders, Cauldron, The Hot Offer, Spaceman, 5 Families, Double Dragons, Alchymedes , Ozwins Jackpots, Tut&#8217;s Twister, Wolf Hunters, Dark Vortex, Baron Samedi, Football Glory, Atlantean Gigarise , Frost Queen Jackpots, Royal Family, Take Santa&#8217;s Shop, Take Olympus, Take the Kingdom, Knockout Football, Marvelous Furlongs, Presto!, Fruit Mania, Fruit Mania, Hula Magic, Xi You Ji, Ancients Blessing, Arcade Bomb, Atlantis, Aurum Codex, Aztec Spins, Beriched , Betty, Boris und Boo, Blood Suckers, Book of 99, Cash Ultimate, Crown of Valor, Dead or Alive 2, Dead or Alive, Diamond Blitz, Dragon&#8217;s Fire Infinireels , Dragon&#8217;s Fire Megaways , Dwarfs Gone Wild, EggOMatic , Eye of the Kraken, Fa Fa Babies, Forever 7&#8217;s, Frequent Flyer, Gems Gone Wild Power Reels, Get The Gold InfiniReels , Gods of Troy, Golden Lotus, Golden Tsar, Harle Coin, Hellcatraz , Secrets of Atlantis, Hoard of Poseidon, Hotline, Jack Hammer 2: Fishy Business, Jewel Scarabs, Knight Rider, Lion&#8217;s Hoard, Lucky Fridays, Magikspell , Mahjong 88, Marching Legions, Money Cart 2, Multiplier Riches, Three Musketeers, Mystery Joker 6000, Night Roller, Pearls of India, Piggy Pirates, Primate King, Rage of the Seas, Rage to Riches, RA&#8217;s Legend, Reel Heist, Reel Keeper, Reptizillions Power Reels, Riddle of the Sphinx, Chaos Crew, Mines, Coins, Boxes, Agent 51, Age of Dragons, Age of Huracan, Bangkok Dreams, Blazing Bull, Blazing Bull 2, Caribbean Anne, Caribbean Anne 2, Cosmic Charms, Crystal Cavern, Dino Odyssey, Finnegan&#8217;s Formula, Firedrake&#8217;s Fortune, Goblins &amp; Gemstones, Hong Bao, Jewels of Jupiter, Joker Times Xmas, Maui Millions, Midas Treasure, Monkey God, Pyro Pixie, Holmes: Reel Detective, Sky Hunters, Tree of Gold, Zombie Queen, Solar King, Solar Queen, Solar Temple, Egypt King, Kochbuch , Rome: The Golden Age, Royal Gems, Sea Hunter, Serengeti Kings, Spin Town, Street Fighter II: The World Warrior Slot, Super Striker, The Wisecracker Lightning, Three Musketeers, Tower Quest, Viking Runecraft, Snakes and Ladders Megadice , Jungle Gorilla, Cash Elevator, 3 Kingdoms \u2013 Battle of Red Cliffs, Gold Train, Dragon Kingdom \u2013 Eyes of Fire, Well of Wishes, White Rabbit Megaways , Wilderland , Wild Expedition, Wild Hot Chilli Reels, Wild O&#8217;Clock , Win Escalator, Scrooge, Larry the Leprechaun, Hot 777 Deluxe, 11 Champions, Fruit Mania, Cool Buck, Black Horse Deluxe, Take The Bank, Tomb Raider \u2013 Secret of the Sword, Plinko 2, Money Cart 3, Beautiful Bones, Midnight Thirst, 11 Champions.<\/strong><\/p>\n\n\n\n<p>Beim Spielen mit Bonusguthaben ist die Nutzung der <strong>Feature-Buy -Funktion <\/strong>bei Spielautomaten , bei denen diese angeboten wird, untersagt.<\/p>\n\n\n\n<p>beh\u00e4lt sich QBet das Recht vor:<\/p>\n\n\n\n<ul class=\"wp-block-list\">\n<li>den gew\u00e4hrten Bonus und alle daraus resultierenden Gewinne verlieren und\/oder<\/li>\n\n\n\n<li>einen Bonus widerrufen oder verweigern und\/oder den Zugang zu bestimmten Produkten sperren und\/oder<\/li>\n\n\n\n<li>Den Spieler von zuk\u00fcnftigen Werbeaktionen ausschlie\u00dfen und\/oder das Konto umgehend schlie\u00dfen.<\/li>\n<\/ul>\n\n\n\n<p>QBet beh\u00e4lt sich das Recht vor, Ihre Spielhistorie und Bonusnutzung jederzeit einzusehen. Bei Missbrauch k\u00f6nnen Boni oder Gewinne einbehalten und das Konto geschlossen werden.<\/p>\n\n\n\n<p>Ihr eingezahltes Guthaben wird immer zuerst verwendet. Nur Spiele mit Bonusguthaben z\u00e4hlen zu den Umsatzbedingungen. Gewinne aus Bonusguthaben gelten als Bonus und k\u00f6nnen erst nach Erf\u00fcllung der Umsatzbedingungen ausgezahlt werden.<\/p>\n\n\n\n<p>Wenn Sie den Bonus oder die Freispiele stornieren , verlieren Sie sowohl den Bonus\/ die Freispiele als auch alle daraus erzielten Gewinne.<\/p>\n\n\n\n<p>Gewinne aus Freispielen oder Bonusguthaben ohne Einzahlung d\u00fcrfen <strong>100 \u20ac <\/strong>(oder den entsprechenden Gegenwert) nicht \u00fcbersteigen. Jegliche dar\u00fcber hinausgehenden Betr\u00e4ge verfallen.<\/p>\n\n\n\n<p>Maximale Gewinnbetr\u00e4ge:<\/p>\n\n\n\n<ul class=\"wp-block-list\">\n<li>NOK: 1.000 NOK<\/li>\n\n\n\n<li>EUR: 100 \u20ac<\/li>\n\n\n\n<li>CAD: 100 CAD<\/li>\n<\/ul>\n\n\n\n<p>Werden die Umsatzbedingungen nicht innerhalb der Frist erf\u00fcllt, verf\u00e4llt der Bonus und alle damit erzielten Gewinne.<\/p>\n\n\n\n<p>QBet beh\u00e4lt sich das Recht vor, Werbeaktionen ohne Vorank\u00fcndigung zu \u00e4ndern, auszusetzen oder zu beenden.<br>Im Streitfall ist stets die englische Fassung der Allgemeinen Gesch\u00e4ftsbedingungen ma\u00dfgebend.<\/p>\n\n\n\n<p><strong>Einzahlungs-\/ Aufladeboni<\/strong><\/p>\n\n\n\n<p>Einzahlungs- oder Aufladeboni werden regelm\u00e4\u00dfig angeboten. Bei einer qualifizierenden Einzahlung wird Ihr Einzahlungsbetrag bis zu einem festgelegten H\u00f6chstbetrag um einen bestimmten Prozentsatz aufgestockt.<\/p>\n\n\n\n<ul class=\"wp-block-list\">\n<li>Casino-Boni bis zu <strong>100 % unterliegen einer 40-fachen <\/strong>Umsatzbedingung des Bonusbetrags.<\/li>\n\n\n\n<li>Casino-Boni ab <strong>101 % <\/strong>unterliegen einer Umsatzbedingung von <strong>50x <\/strong>des Bonusbetrags.<\/li>\n<\/ul>\n\n\n\n<p>Es kann jeweils nur ein Bonus aktiv sein. Einzahlungsboni sind nicht kombinierbar.<br>Sofern nicht anders angegeben, verfallen alle Einzahlungsboni nach <strong>30 Tagen <\/strong>.<\/p>\n\n\n\n<p>Nur Wetten, die mit Bonusgeld get\u00e4tigt werden, tragen zur Erf\u00fcllung der Umsatzbedingungen bei.<br>Spieler k\u00f6nnen ihren Bonus jederzeit stornieren und das Restguthaben auszahlen lassen.<\/p>\n\n\n\n<p>Maximaleinsatz w\u00e4hrend des Umsatzes: <strong>4 \u20ac oder 0,4 \u20ac pro Linie.<\/strong><\/p>\n\n\n\n<p>Nach Aktivierung eines Einzahlungsbonus m\u00fcssen sowohl Einzahlungs- als auch Bonusguthaben f\u00fcr Spielautomaten verwendet werden . Gewinne aus Funktionen, die mit Bonusguthaben gestartet, aber nach Ablauf des Bonus abgeschlossen wurden, verfallen.<\/p>\n\n\n\n<p>Wer Boni lediglich dazu nutzt, Werte in Bonusspielen \u201eauszuspielen\u201c, riskiert den Verlust der Gewinne.<\/p>\n\n\n\n<p>Es gelten die allgemeinen Bonusbedingungen des Casinos.<\/p>\n\n\n\n<p><strong>Freispiele\u200b<\/strong><\/p>\n\n\n\n<p>Freispiele sind kostenlose Spiele, die manchmal angeboten werden.<\/p>\n\n\n\n<ul class=\"wp-block-list\">\n<li>Sofern nicht anders angegeben, sind Freispiele an ein bestimmtes Spiel gebunden.<\/li>\n\n\n\n<li>Sie werden immer mit dem im Angebot angegebenen Einsatz gespielt.<\/li>\n\n\n\n<li>Gewinne aus Freispielen unterliegen einer <strong>35-fachen <\/strong>Umsatzbedingung , sofern nicht anders angegeben.<\/li>\n<\/ul>\n\n\n\n<p>Bei abweichenden Bonusregeln gelten die <a href=\"https:\/\/qbet-se.com\/de\/geschaeftsbedingungen\/\" data-type=\"page\" data-id=\"275\">allgemeinen Gesch\u00e4ftsbedingungen<\/a>.<\/p>\n\n\n\n<p><strong>Version 04, 08.08.2025<\/strong><\/p>\n<\/div>\n<\/div>\n","protected":false},"excerpt":{"rendered":"<p>Bonusbedingungen Allgemeine Bonusbedingungen Casino-Bonusbedingungen QBet Casino angebotenen Boni k\u00f6nnen nur einmal pro Person\/Konto, Familie, Haushalt, Adresse, E-Mail-Adresse, Kreditkarte, Ger\u00e4t, IP-Adresse [&hellip;]<\/p>\n","protected":false},"author":7,"featured_media":0,"parent":0,"menu_order":0,"comment_status":"closed","ping_status":"closed","template":"","meta":{"site-sidebar-layout":"default","site-content-layout":"","ast-site-content-layout":"default","site-content-style":"default","site-sidebar-style":"default","ast-global-header-display":"","ast-banner-title-visibility":"","ast-main-header-display":"","ast-hfb-above-header-display":"","ast-hfb-below-header-display":"","ast-hfb-mobile-header-display":"","site-post-title":"disabled","ast-breadcrumbs-content":"","ast-featured-img":"","footer-sml-layout":"","ast-disable-related-posts":"","theme-transparent-header-meta":"","adv-header-id-meta":"","stick-header-meta":"","header-above-stick-meta":"","header-main-stick-meta":"","header-below-stick-meta":"","astra-migrate-meta-layouts":"default","ast-page-background-enabled":"default","ast-page-background-meta":{"desktop":{"background-color":"var(--ast-global-color-5)","background-image":"","background-repeat":"repeat","background-position":"center center","background-size":"auto","background-attachment":"scroll","background-type":"","background-media":"","overlay-type":"","overlay-color":"","overlay-opacity":"","overlay-gradient":""},"tablet":{"background-color":"","background-image":"","background-repeat":"repeat","background-position":"center center","background-size":"auto","background-attachment":"scroll","background-type":"","background-media":"","overlay-type":"","overlay-color":"","overlay-opacity":"","overlay-gradient":""},"mobile":{"background-color":"","background-image":"","background-repeat":"repeat","background-position":"center center","background-size":"auto","background-attachment":"scroll","background-type":"","background-media":"","overlay-type":"","overlay-color":"","overlay-opacity":"","overlay-gradient":""}},"ast-content-background-meta":{"desktop":{"background-color":"var(--ast-global-color-4)","background-image":"","background-repeat":"repeat","background-position":"center center","background-size":"auto","background-attachment":"scroll","background-type":"","background-media":"","overlay-type":"","overlay-color":"","overlay-opacity":"","overlay-gradient":""},"tablet":{"background-color":"var(--ast-global-color-4)","background-image":"","background-repeat":"repeat","background-position":"center center","background-size":"auto","background-attachment":"scroll","background-type":"","background-media":"","overlay-type":"","overlay-color":"","overlay-opacity":"","overlay-gradient":""},"mobile":{"background-color":"var(--ast-global-color-4)","background-image":"","background-repeat":"repeat","background-position":"center center","background-size":"auto","background-attachment":"scroll","background-type":"","background-media":"","overlay-type":"","overlay-color":"","overlay-opacity":"","overlay-gradient":""}},"footnotes":""},"class_list":["post-240","page","type-page","status-publish","hentry"],"_links":{"self":[{"href":"https:\/\/qbet-se.com\/de\/wp-json\/wp\/v2\/pages\/240","targetHints":{"allow":["GET"]}}],"collection":[{"href":"https:\/\/qbet-se.com\/de\/wp-json\/wp\/v2\/pages"}],"about":[{"href":"https:\/\/qbet-se.com\/de\/wp-json\/wp\/v2\/types\/page"}],"author":[{"embeddable":true,"href":"https:\/\/qbet-se.com\/de\/wp-json\/wp\/v2\/users\/7"}],"replies":[{"embeddable":true,"href":"https:\/\/qbet-se.com\/de\/wp-json\/wp\/v2\/comments?post=240"}],"version-history":[{"count":2,"href":"https:\/\/qbet-se.com\/de\/wp-json\/wp\/v2\/pages\/240\/revisions"}],"predecessor-version":[{"id":511,"href":"https:\/\/qbet-se.com\/de\/wp-json\/wp\/v2\/pages\/240\/revisions\/511"}],"wp:attachment":[{"href":"https:\/\/qbet-se.com\/de\/wp-json\/wp\/v2\/media?parent=240"}],"curies":[{"name":"wp","href":"https:\/\/api.w.org\/{rel}","templated":true}]}}