{"id":253,"date":"2025-09-09T05:28:39","date_gmt":"2025-09-09T05:28:39","guid":{"rendered":"https:\/\/qbet-se.com\/?page_id=253"},"modified":"2026-03-31T02:49:18","modified_gmt":"2026-03-31T02:49:18","slug":"datenschutzrichtlinie","status":"publish","type":"page","link":"https:\/\/qbet-se.com\/de\/datenschutzrichtlinie\/","title":{"rendered":"Datenschutzrichtlinie"},"content":{"rendered":"\n<div class=\"wp-block-columns is-layout-flex wp-container-core-columns-is-layout-28f84493 wp-block-columns-is-layout-flex\">\n<div class=\"wp-block-column is-layout-flow wp-block-column-is-layout-flow\">\n<h2 class=\"wp-block-heading\" id=\"h-integritetspolicy\">Datenschutzrichtlinie<\/h2>\n\n\n\n<p><strong>Datenschutz- und Cookie-Richtlinie<\/strong><\/p>\n\n\n\n<p><strong>Einf\u00fchrung<\/strong><\/p>\n\n\n\n<p>Bei <a href=\"https:\/\/qbet-se.com\/de\/\" data-type=\"page\" data-id=\"203\">Qbet Casino<\/a> legen wir gro\u00dfen Wert auf Transparenz und nehmen den Schutz Ihrer Daten sehr ernst. Wir wissen Ihr Vertrauen in uns und Ihre pers\u00f6nlichen Daten zu sch\u00e4tzen und m\u00f6chten Ihnen transparent darlegen, wie wir diese verwenden.<br>Diese Datenschutzerkl\u00e4rung erl\u00e4utert, wie und warum wir Ihre personenbezogenen Daten \u00fcber unsere Website <strong>www.Qbet.com <\/strong>und alle ihre Varianten, einschlie\u00dflich unserer mobilen Apps (die \u201eWebsite\u201c), erfassen, zu welchem Zweck sie erhoben werden und wie sie gesch\u00fctzt werden. Wir haben Sicherheitsma\u00dfnahmen f\u00fcr Ihre personenbezogenen Daten implementiert und verarbeiten diese gem\u00e4\u00df den geltenden Datenschutzgesetzen.<br>Die Datenschutzerkl\u00e4rung beschreibt, wie wir mit Ihren personenbezogenen Daten umgehen und gilt f\u00fcr das Unternehmen, das www.Qbet.com betreibt (nachfolgend \u201ewir\u201c, \u201euns\u201c oder \u201eunser\u201c).<\/p>\n\n\n\n<p><strong>Welche Informationen erfassen wir von Ihnen?<\/strong><\/p>\n\n\n\n<p><strong>Informationen, die Sie selbst angeben<\/strong><\/p>\n\n\n\n<p>Wir erfassen Informationen, die Sie uns freiwillig zur Verf\u00fcgung stellen, wenn Sie unsere Dienste nutzen, beispielsweise bei Ihrer Registrierung als Qbet- Kunde. Welche Informationen Sie angeben m\u00fcssen, h\u00e4ngt von den Funktionen des jeweiligen Dienstes ab. Sie k\u00f6nnen jedoch kein Konto erstellen, ohne die folgenden Angaben zu machen:<\/p>\n\n\n\n<ul class=\"wp-block-list\">\n<li>Kontaktinformationen: Name, Nachname, Adresse, Alter, Geburtsdatum, Geschlecht, E-Mail-Adresse, Telefonnummer und Postleitzahl.<\/li>\n\n\n\n<li>Finanzinformationen: Zur Abwicklung von Online-Zahlungen erfassen wir Ihre Bankdaten und Ihre Transaktionshistorie, wie z. B. Ein- und Auszahlungen von Ihrem Konto bei uns.<\/li>\n<\/ul>\n\n\n\n<p>Dar\u00fcber hinaus sind wir aufgrund der Gesetze zur Bek\u00e4mpfung der Geldw\u00e4sche verpflichtet, zus\u00e4tzliche Dokumente anzufordern, wie zum Beispiel einen Lichtbildausweis, Informationen \u00fcber die Herkunft des Verm\u00f6gens, eine Stromrechnung oder \u00c4hnliches.<\/p>\n\n\n\n<p><strong>Daten von Drittanbietern<\/strong><\/p>\n\n\n\n<p>Wir k\u00f6nnen die von Ihnen erhobenen Informationen mit Daten kombinieren, die wir aus anderen Quellen erhalten, wie z. B. \u00f6ffentlichen Datenbanken, demografischen Anbietern oder spezialisierten KYC-Unternehmen ( Know Your Customer ). Dein Kundendaten ). Diese Informationen werden nur dann erhoben, wenn dies zur Erf\u00fcllung unserer regulatorischen Verpflichtungen erforderlich ist.<\/p>\n\n\n\n<p><strong>Automatisch erfasste Daten<\/strong><\/p>\n\n\n\n<p>Wir und unsere Drittanbieter k\u00f6nnen auf verschiedene Weise automatisch Informationen von Ihrem Ger\u00e4t erfassen, zum Beispiel:<\/p>\n\n\n\n<ul class=\"wp-block-list\">\n<li>Per Browser oder Ger\u00e4t: IP-Adresse, Ger\u00e4tetyp, Sprache, Browsertyp.<\/li>\n\n\n\n<li>Durch die Nutzung der App : Wenn Sie unsere Apps herunterladen und verwenden , erfassen wir m\u00f6glicherweise Datum und Uhrzeit der Serververbindung sowie heruntergeladene Dateien\/Informationen.<\/li>\n<\/ul>\n\n\n\n<p>Weitere Informationen zu Cookies finden Sie in unserer <strong>Cookie-Richtlinie <\/strong>.<\/p>\n\n\n\n<p><strong>Wie verwenden wir Ihre personenbezogenen Daten?<\/strong><\/p>\n\n\n\n<p>Wir verarbeiten Ihre personenbezogenen Daten ausschlie\u00dflich gem\u00e4\u00df dieser Datenschutzerkl\u00e4rung. Die erhobenen Daten werden zu folgenden Zwecken verwendet:<\/p>\n\n\n\n<ul class=\"wp-block-list\">\n<li>Verwalten Sie Ihre Registrierung, erstellen und pflegen Sie Ihr Konto (einschlie\u00dflich Alters- und Betrugspr\u00fcfungen);<\/li>\n\n\n\n<li>die Spiele, an denen Sie teilnehmen, verwalten und Sie \u00fcber Gewinne oder Bonuszahlungen informieren;<\/li>\n\n\n\n<li>unsere Dienstleistungen bereitstellen, verbessern und anpassen sowie analysieren, wie sie genutzt werden;<\/li>\n\n\n\n<li>sicherstellen, dass die Website f\u00fcr Sie und Ihr Ger\u00e4t optimal dargestellt wird;<\/li>\n\n\n\n<li>Wir senden Ihnen Serviceinformationen zu Ihrem Konto und Marketingmitteilungen (sofern Sie Ihre Einwilligung erteilt haben).<\/li>\n<\/ul>\n\n\n\n<p>In einigen F\u00e4llen werden die Daten auch f\u00fcr Forschungszwecke verwendet, beispielsweise zur Bewertung der Kundenzufriedenheit, zur Priorisierung von Produktmerkmalen oder zur \u00dcberpr\u00fcfung von Kampagnen.<\/p>\n\n\n\n<p>Wir verkaufen Ihre personenbezogenen Daten niemals an Dritte und geben Ihre Daten nicht ohne Ihre ausdr\u00fcckliche Einwilligung zu Marketingzwecken weiter. Sie k\u00f6nnen Ihre Einstellungen jederzeit in Ihrem Konto \u00e4ndern.<\/p>\n\n\n\n<p><strong>An wen geben wir Ihre Daten weiter?<\/strong><\/p>\n\n\n\n<p>Ihre personenbezogenen Daten k\u00f6nnen weitergegeben werden an:<\/p>\n\n\n\n<ul class=\"wp-block-list\">\n<li>Anbieter von Anruf- und SMS-Diensten.<\/li>\n\n\n\n<li>Zahlungsdienstleister (zur Abwicklung von Ein- und Auszahlungen).<\/li>\n\n\n\n<li>Partner f\u00fcr Betrugsbek\u00e4mpfung und Compliance mit vertraglichen Sicherheitsvorkehrungen.<\/li>\n\n\n\n<li>Partner, die Ihr Nutzererlebnis verbessern \u2013 allerdings nur mit Ihrer Zustimmung.<\/li>\n\n\n\n<li>Beh\u00f6rden, Aufsichtsorgane oder Sportorganisationen, sofern dies gesetzlich vorgeschrieben ist.<\/li>\n<\/ul>\n\n\n\n<p>Wir geben Ihre Daten niemals ohne Ihre Zustimmung f\u00fcr andere Zwecke weiter, es sei denn, dies ist gesetzlich vorgeschrieben.<\/p>\n\n\n\n<p><strong>Wie lange speichern wir Ihre Daten?<\/strong><\/p>\n\n\n\n<p>Wir speichern Ihre Daten nur so lange, wie es f\u00fcr die in dieser Richtlinie genannten Zwecke erforderlich ist. Nach Schlie\u00dfung Ihres Qbet- Kontos speichern wir Daten nur noch im erforderlichen Umfang, um gesetzliche Verpflichtungen, wie z. B. Steuer- und Geldw\u00e4schegesetze, zu erf\u00fcllen und Streitigkeiten beizulegen. Informationen zu den in Ihrem Land geltenden Aufbewahrungsfristen erhalten Sie unter <strong>dpo@Qbet.com <\/strong>.<\/p>\n\n\n\n<p><strong>Sicherheit, Identit\u00e4tspr\u00fcfungen und Betrugspr\u00e4vention<\/strong><\/p>\n\n\n\n<p>Zu Ihrer Sicherheit benachrichtigen wir Sie, wenn Sie sich von einem neuen Ger\u00e4t anmelden. Wir erfassen Informationen zu Ger\u00e4tetyp, Hersteller, IP-Adresse, Zeitstempel, Aufl\u00f6sung, Zeitzone und Betriebssystem. Dies hilft uns, Ihr Konto zu sch\u00fctzen.<\/p>\n\n\n\n<p>Qbet setzt sich au\u00dferdem aktiv f\u00fcr die Integrit\u00e4t des Sports und die Verhinderung von Spielmanipulationen ein, unter anderem durch seine Partner, darunter <strong>die International Betting Integrity Association (IBIA) <\/strong>.<\/p>\n\n\n\n<p>Wir k\u00f6nnen Ihre Identit\u00e4t auch \u00fcber vertrauensw\u00fcrdige Drittanbieter wie <strong>SCHUFA (Deutschland) <\/strong>, <strong>GB Group (Gro\u00dfbritannien) <\/strong>und <strong>Iovation (USA) verifizieren <\/strong>. Bitte beachten Sie, dass es sich hierbei lediglich um eine Identit\u00e4tspr\u00fcfung handelt \u2013 keine Bonit\u00e4tspr\u00fcfung.<\/p>\n\n\n\n<p><strong>Ihre Rechte<\/strong><\/p>\n\n\n\n<p>Sie haben das Recht auf:<\/p>\n\n\n\n<ul class=\"wp-block-list\">\n<li>Sie k\u00f6nnen kostenlos Auskunft \u00fcber gespeicherte Daten, deren Herkunft, Empf\u00e4nger und Zweck anfordern;<\/li>\n\n\n\n<li>Berichtigung, Vervollst\u00e4ndigung, L\u00f6schung oder Daten\u00fcbertragbarkeit beantragen;<\/li>\n\n\n\n<li>Widerspruch gegen die Verarbeitung, einschlie\u00dflich Profiling;<\/li>\n\n\n\n<li>Widerruf der Einwilligung;<\/li>\n\n\n\n<li>Sie k\u00f6nnen eine Beschwerde bei einer Aufsichtsbeh\u00f6rde einreichen (unsere Hauptbeh\u00f6rde ist <strong>das Amt f\u00fcr Informations- und Datenschutz) . Kommissar <\/strong>).<\/li>\n<\/ul>\n\n\n\n<p>Es gelten bestimmte Ausnahmen, beispielsweise wenn die Offenlegung Informationen einer anderen Person preisgeben w\u00fcrde oder wenn wir gesetzlich zur Aufbewahrung von Informationen verpflichtet sind.<\/p>\n\n\n\n<p><strong>Externe Inhalte und Cookies<\/strong><\/p>\n\n\n\n<p>Wir verwenden aktiv JavaScript-Inhalte von externen Anbietern. Dies kann bedeuten, dass Daten au\u00dferhalb der EU verarbeitet werden. Sie k\u00f6nnen dies beispielsweise durch <strong>das NoScript <\/strong>-Plugin oder durch Deaktivieren von JavaScript verhindern (allerdings kann dies die Funktionalit\u00e4t einschr\u00e4nken).<\/p>\n\n\n\n<p>Wir verwenden Cookies auch auf der Website, in Apps und Newslettern. Cookies sind kleine Textdateien, die auf Ihrem Ger\u00e4t gespeichert werden und bestimmte Informationen enthalten k\u00f6nnen (z. B. IP-Adresse, Betriebssystem, besuchte Seiten).<\/p>\n\n\n\n<p>Sie k\u00f6nnen in Ihrem Browser individuell entscheiden, ob Sie Cookies akzeptieren, ablehnen oder zulassen. F\u00fcr ein optimales Nutzungserlebnis empfehlen wir Ihnen, unsere Cookies zu akzeptieren.<\/p>\n\n\n\n<p><strong>Arten von Cookies, die wir verwenden:<\/strong><\/p>\n\n\n\n<ul class=\"wp-block-list\">\n<li><strong>Notwendige Cookies <\/strong>\u2013 erforderlich, damit die Website ordnungsgem\u00e4\u00df funktioniert.<\/li>\n\n\n\n<li><strong>Performance-Cookies <\/strong>\u2013 messen das Nutzerverhalten, um die Funktionalit\u00e4t zu verbessern.<\/li>\n\n\n\n<li><strong>Funktionale Cookies <\/strong>\u2013 speichern Einstellungen wie Sprache und Benutzername.<\/li>\n\n\n\n<li><strong>Werbe-Cookies <\/strong>\u2013 liefern zielgerichtete Inhalte basierend auf Ihren Interessen.<\/li>\n\n\n\n<li><strong>Cookies von Drittanbietern <\/strong>\u2013 von externen Anbietern (die deren Richtlinien unterliegen).<\/li>\n<\/ul>\n\n\n\n<p><strong>Beispiele f\u00fcr von uns verwendete Drittanbieter-Tools:<\/strong><\/p>\n\n\n\n<ul class=\"wp-block-list\">\n<li><strong>Google Analytics <\/strong>\u2013 Webanalyse mit IP-Anonymisierung (mehr Infos: <a href=\"https:\/\/www.google.com\/analytics\/learn\/privacy.html\" target=\"_blank\" rel=\"noreferrer noopener\">Google <\/a><a href=\"https:\/\/www.google.com\/analytics\/learn\/privacy.html\" target=\"_blank\" rel=\"noreferrer noopener\"><\/a><a href=\"https:\/\/www.google.com\/analytics\/learn\/privacy.html\" target=\"_blank\" rel=\"noreferrer noopener\">Datenschutz <\/a><a href=\"https:\/\/www.google.com\/analytics\/learn\/privacy.html\" target=\"_blank\" rel=\"noreferrer noopener\"><\/a>).<\/li>\n\n\n\n<li><strong>Iovation <\/strong>\u2013 Analyse des Navigationsverhaltens (Info: <a href=\"https:\/\/www.iovation.com\/legal\/privacy\" target=\"_blank\" rel=\"noreferrer noopener\">Iovation) Datenschutz <\/a>).<\/li>\n\n\n\n<li><strong>Google APIs <\/strong>\u2013 Anwendungsprogrammierschnittstellen f\u00fcr Funktionen.<\/li>\n\n\n\n<li><strong>Googletagmanager.com <\/strong>\u2013 Skriptcodeverwaltung.<\/li>\n<\/ul>\n\n\n\n<p><strong>Datensicherheit<\/strong><\/p>\n\n\n\n<p>Wir setzen technische und organisatorische Ma\u00dfnahmen ein, um Ihre Daten vor unbefugtem Zugriff, Ver\u00e4nderung, Verlust oder Zerst\u00f6rung zu sch\u00fctzen. Bitte beachten Sie jedoch, dass E-Mails nicht vollst\u00e4ndig sicher sind. Daher empfehlen wir, vertrauliche Informationen per Post zu versenden.<\/p>\n\n\n\n<p><strong>Wer wir sind und wie Sie uns kontaktieren k\u00f6nnen<\/strong><\/p>\n\n\n\n<p>Um Ihre Rechte auszu\u00fcben, kontaktieren Sie bitte unseren Datenschutzbeauftragten unter <strong>dpo@Qbet.com <\/strong>.<br>Fragen oder Anmerkungen zu dieser Richtlinie senden Sie bitte an: <strong>support@Qbet.com <\/strong>.<\/p>\n\n\n\n<p><strong>\u00c4nderungen dieser Datenschutzrichtlinie<\/strong><\/p>\n\n\n\n<p>Diese Richtlinie wird gelegentlich aktualisiert. \u00c4nderungen werden auf dieser Seite ver\u00f6ffentlicht und Sie werden per E-Mail oder Nachricht benachrichtigt. Sie haben die M\u00f6glichkeit, wesentlichen \u00c4nderungen zuzustimmen. Die \u00c4nderungen treten mit der Ver\u00f6ffentlichung in Kraft; Ihre weitere Nutzung gilt als Zustimmung.<\/p>\n\n\n\n<p><strong>Version 1.0 \u2013 Ver\u00f6ffentlicht: 01.01.2022<\/strong><\/p>\n<\/div>\n<\/div>\n","protected":false},"excerpt":{"rendered":"<p>Datenschutzrichtlinie Datenschutz- und Cookie-Richtlinie Einf\u00fchrung Bei Qbet Casino legen wir gro\u00dfen Wert auf Transparenz und nehmen den Schutz Ihrer Daten [&hellip;]<\/p>\n","protected":false},"author":7,"featured_media":0,"parent":0,"menu_order":0,"comment_status":"closed","ping_status":"closed","template":"","meta":{"site-sidebar-layout":"default","site-content-layout":"","ast-site-content-layout":"default","site-content-style":"default","site-sidebar-style":"default","ast-global-header-display":"","ast-banner-title-visibility":"","ast-main-header-display":"","ast-hfb-above-header-display":"","ast-hfb-below-header-display":"","ast-hfb-mobile-header-display":"","site-post-title":"disabled","ast-breadcrumbs-content":"","ast-featured-img":"","footer-sml-layout":"","ast-disable-related-posts":"","theme-transparent-header-meta":"","adv-header-id-meta":"","stick-header-meta":"","header-above-stick-meta":"","header-main-stick-meta":"","header-below-stick-meta":"","astra-migrate-meta-layouts":"default","ast-page-background-enabled":"default","ast-page-background-meta":{"desktop":{"background-color":"var(--ast-global-color-5)","background-image":"","background-repeat":"repeat","background-position":"center center","background-size":"auto","background-attachment":"scroll","background-type":"","background-media":"","overlay-type":"","overlay-color":"","overlay-opacity":"","overlay-gradient":""},"tablet":{"background-color":"","background-image":"","background-repeat":"repeat","background-position":"center center","background-size":"auto","background-attachment":"scroll","background-type":"","background-media":"","overlay-type":"","overlay-color":"","overlay-opacity":"","overlay-gradient":""},"mobile":{"background-color":"","background-image":"","background-repeat":"repeat","background-position":"center center","background-size":"auto","background-attachment":"scroll","background-type":"","background-media":"","overlay-type":"","overlay-color":"","overlay-opacity":"","overlay-gradient":""}},"ast-content-background-meta":{"desktop":{"background-color":"var(--ast-global-color-4)","background-image":"","background-repeat":"repeat","background-position":"center center","background-size":"auto","background-attachment":"scroll","background-type":"","background-media":"","overlay-type":"","overlay-color":"","overlay-opacity":"","overlay-gradient":""},"tablet":{"background-color":"var(--ast-global-color-4)","background-image":"","background-repeat":"repeat","background-position":"center center","background-size":"auto","background-attachment":"scroll","background-type":"","background-media":"","overlay-type":"","overlay-color":"","overlay-opacity":"","overlay-gradient":""},"mobile":{"background-color":"var(--ast-global-color-4)","background-image":"","background-repeat":"repeat","background-position":"center center","background-size":"auto","background-attachment":"scroll","background-type":"","background-media":"","overlay-type":"","overlay-color":"","overlay-opacity":"","overlay-gradient":""}},"footnotes":""},"class_list":["post-253","page","type-page","status-publish","hentry"],"_links":{"self":[{"href":"https:\/\/qbet-se.com\/de\/wp-json\/wp\/v2\/pages\/253","targetHints":{"allow":["GET"]}}],"collection":[{"href":"https:\/\/qbet-se.com\/de\/wp-json\/wp\/v2\/pages"}],"about":[{"href":"https:\/\/qbet-se.com\/de\/wp-json\/wp\/v2\/types\/page"}],"author":[{"embeddable":true,"href":"https:\/\/qbet-se.com\/de\/wp-json\/wp\/v2\/users\/7"}],"replies":[{"embeddable":true,"href":"https:\/\/qbet-se.com\/de\/wp-json\/wp\/v2\/comments?post=253"}],"version-history":[{"count":3,"href":"https:\/\/qbet-se.com\/de\/wp-json\/wp\/v2\/pages\/253\/revisions"}],"predecessor-version":[{"id":513,"href":"https:\/\/qbet-se.com\/de\/wp-json\/wp\/v2\/pages\/253\/revisions\/513"}],"wp:attachment":[{"href":"https:\/\/qbet-se.com\/de\/wp-json\/wp\/v2\/media?parent=253"}],"curies":[{"name":"wp","href":"https:\/\/api.w.org\/{rel}","templated":true}]}}