{"id":218,"date":"2026-02-13T07:47:34","date_gmt":"2026-02-13T07:47:34","guid":{"rendered":"https:\/\/qbet-se.com\/?page_id=218"},"modified":"2026-03-31T02:22:34","modified_gmt":"2026-03-31T02:22:34","slug":"vastuullinen-pelaaminen","status":"publish","type":"page","link":"https:\/\/qbet-se.com\/fi\/vastuullinen-pelaaminen\/","title":{"rendered":"Vastuullinen pelaaminen"},"content":{"rendered":"\n<div class=\"wp-block-columns is-layout-flex wp-container-core-columns-is-layout-28f84493 wp-block-columns-is-layout-flex\">\n<div class=\"wp-block-column is-layout-flow wp-block-column-is-layout-flow\">\n<h2 class=\"wp-block-heading\">Vastuullinen pelaaminen<\/h2>\n\n\n\n<p>Vastuullinen pelaaminen<\/p>\n\n\n\n<p><strong>Sitoutumisemme vastuulliseen pelaamiseen<\/strong><\/p>\n\n\n\n<p>Yksi <a href=\"https:\/\/qbet-se.com\/fi\/\" data-type=\"page\" data-id=\"206\">QBet Casino<\/a> ydinarvoista on l\u00e4pin\u00e4kyvyys. Viemme sen askeleen pidemm\u00e4lle antamalla sinulle tietoa siit\u00e4, miten pelaat \u2013 kuinka paljon, milloin voitat ja h\u00e4vi\u00e4t. Siksi on my\u00f6s meid\u00e4n etujemme ja sitoumuksemme jatkuvasti varmistaa, ettei pelej\u00e4 k\u00e4ytet\u00e4 v\u00e4\u00e4rin ja ett\u00e4 asiakkaamme pelaavat vastuullisesti ja l\u00e4pin\u00e4kyv\u00e4sti.<\/p>\n\n\n\n<p><strong>Miten pelaan vastuullisesti?<\/strong><\/p>\n\n\n\n<ul class=\"wp-block-list\">\n<li>Pid\u00e4 pelej\u00e4 viihteen\u00e4 \u2013 \u00e4l\u00e4 tulonl\u00e4hteen\u00e4.<\/li>\n\n\n\n<li>\u00c4l\u00e4 koskaan pelaa enemp\u00e4\u00e4 kuin sinulla on varaa h\u00e4vit\u00e4. K\u00e4yt\u00e4 talletus- ja kulutusrajoja seurataksesi kulutustasi.<\/li>\n\n\n\n<li>\u00c4l\u00e4 jahtaa tappioita \u2013 se johtaa usein ongelmiin.<\/li>\n\n\n\n<li>Seuraa peliaikaasi. K\u00e4yt\u00e4 istuntorajoituksia hallitaksesi sit\u00e4, kuinka kauan voit pysy\u00e4 kirjautuneena sis\u00e4\u00e4n.<\/li>\n\n\n\n<li>Tasapainota pelaamista muiden aktiviteettien kanssa. Jos pelaamisesta tulee ainoa viihteen muotosi, sinun kannattaa pys\u00e4hty\u00e4 ja mietti\u00e4, onko se edelleen hauskaa.<\/li>\n\n\n\n<li>Pid\u00e4 s\u00e4\u00e4nn\u00f6llisesti taukoja. Pitk\u00e4aikainen pelaaminen voi saada sinut menett\u00e4m\u00e4\u00e4n ajantajun ja perspektiivin.<\/li>\n\n\n\n<li>\u00c4l\u00e4 pelaa alkoholin vaikutuksen alaisena tai ollessasi j\u00e4rkyttynyt tai masentunut \u2013 se heikent\u00e4\u00e4 harkintakyky\u00e4si.<\/li>\n\n\n\n<li>Mieti, kuinka paljon aikaa ja rahaa k\u00e4yt\u00e4t uhkapelaamiseen. Voit seurata t\u00e4t\u00e4 verkkotilisi historiasta.<\/li>\n\n\n\n<li>Ymm\u00e4rr\u00e4 voittomahdollisuutesi ja miten tuote toimii.<\/li>\n\n\n\n<li>Jos sinun t\u00e4ytyy puhua peliriippuvuudestasi jonkun kanssa, ota yhteytt\u00e4 peliriippuvuuden tukiryhm\u00e4\u00e4n.<\/li>\n<\/ul>\n\n\n\n<p><strong>Mit\u00e4 on ongelmapelaaminen?<\/strong><\/p>\n\n\n\n<p>Ongelmapelaaminen tarkoittaa pelaamista siin\u00e4 m\u00e4\u00e4rin, ett\u00e4 se vaarantaa, h\u00e4iritsee tai vahingoittaa perhe-el\u00e4m\u00e4\u00e4, henkil\u00f6kohtaisia suhteita tai vapaa-ajan aktiviteetteja. Ongelmapelaajaksi kuvataan usein henkil\u00f6, joka on k\u00e4ytt\u00e4nyt pelaamiseen enemm\u00e4n rahaa ja\/tai aikaa kuin h\u00e4nell\u00e4 on varaa.<\/p>\n\n\n\n<p><strong>Ongelmapelaamisen varoitusmerkit<\/strong><\/p>\n\n\n\n<ul class=\"wp-block-list\">\n<li>K\u00e4yt\u00e4t uhkapelaamiseen enemm\u00e4n rahaa ja aikaa kuin sinulla on varaa.<\/li>\n\n\n\n<li>Sinulla on vaikeuksia lopettaa tai hallita uhkapelaamista.<\/li>\n\n\n\n<li>Riitely perheen tai yst\u00e4vien kanssa rahasta ja uhkapelaamisesta.<\/li>\n\n\n\n<li>V\u00e4hentynyt halu tavallisiin aktiviteetteihin ja kiinnostuksen kohteisiin.<\/li>\n\n\n\n<li>Ajattelet tai puhut peleist\u00e4 lakkaamatta.<\/li>\n\n\n\n<li>Valehtelet uhkapelaamisesta tai salaat sen.<\/li>\n\n\n\n<li>Jahtaat tappioita tai pelaat uhkapelej\u00e4 ratkaistaksesi taloudellisia ongelmia.<\/li>\n\n\n\n<li>Pelaat, kunnes kaikki rahat ovat loppuneet.<\/li>\n\n\n\n<li>Lainaat rahaa, myyt tavaroita tai j\u00e4t\u00e4t laskut maksamatta rahoittaaksesi uhkapelaamista.<\/li>\n\n\n\n<li>Tarvitset korkeammat panokset tai pidemm\u00e4n peliajan samaan &#8221;potkuun&#8221;.<\/li>\n\n\n\n<li>Ty\u00f6\/opiskelu\/perhe\/velvollisuudet k\u00e4rsiv\u00e4t.<\/li>\n\n\n\n<li>Huolen, syyllisyyden, masennuksen tai \u00e4rtyneisyyden tunteet.<\/li>\n<\/ul>\n\n\n\n<p><strong>Ty\u00f6kaluja, jotka auttavat<\/strong><\/p>\n\n\n\n<p>K\u00e4yt\u00e4nn\u00f6n vinkkej\u00e4 ja ratkaisuja ongelmien ehk\u00e4isemiseksi. Alla olevat ty\u00f6kalut mahdollistavat itsevalvonnan, jos sinulla on ongelma, ja tarvittaessa rajoittaa tai lopettaa pelaamisesi.<\/p>\n\n\n\n<p><strong>Talletusraja<\/strong><\/p>\n\n\n\n<p>Talletusrajojen avulla voit p\u00e4\u00e4tt\u00e4\u00e4, kuinka paljon rahaa voit tallettaa kalenterip\u00e4iv\u00e4n, viikon tai kuukauden aikana.<br>Kun raja on saavutettu, et voi tallettaa enemp\u00e4\u00e4, ennen kuin ajanjakso on nollattu. Voit edelleen k\u00e4ytt\u00e4\u00e4 muita Qbetin palveluita, mukaan lukien pelaamista tilill\u00e4si olevilla varoilla.<\/p>\n\n\n\n<p><strong>Pid\u00e4 tauko<\/strong><\/p>\n\n\n\n<p>Jos haluat pit\u00e4\u00e4 lyhyen tauon pelaamisesta ja vedonly\u00f6nnist\u00e4, voit valita <strong>tauon <\/strong>72 tunniksi, 7 p\u00e4iv\u00e4ksi tai 30 p\u00e4iv\u00e4ksi.<br>Tauon aikana et voi pelata tai ly\u00f6d\u00e4 vetoa, mutta voit kirjautua sis\u00e4\u00e4n ja nostaa j\u00e4ljell\u00e4 olevan saldosi.<\/p>\n\n\n\n<p><strong>Itsetestaus<\/strong><\/p>\n\n\n\n<p>Gamblers Anonymous tarjoaa yksinkertaisen testin, jolla voit arvioida, aiheuttaako pelaaminen ongelman:<br><a href=\"http:\/\/www.gamblersanonymous.org\/ga\/content\/20-questions\" target=\"_blank\" rel=\"noopener\"><strong>www.gamblersanonymous.org\/ga\/content\/20-questions<\/strong><\/a><\/p>\n\n\n\n<p><strong>Itsesammutus<\/strong><\/p>\n\n\n\n<p>Kirjaudu Qbet -tilillesi, siirry tilin asetuksiin ja valitse haluamasi itsens\u00e4 poissulkemisvaihtoehto.<\/p>\n\n\n\n<p><strong>Kuka voi auttaa?<\/strong><\/p>\n\n\n\n<p>Jos sinulla tai jollakulla tuntemallasi on ongelma \u2013 hae tukea. Ongelman my\u00f6nt\u00e4minen on merkki vahvuudesta, kuten my\u00f6s avun hakeminen. Alla on organisaatioita, jotka ty\u00f6skentelev\u00e4t p\u00e4ivitt\u00e4in peliriippuvuuteen liittyvien ongelmien parissa.<\/p>\n\n\n\n<p><strong>Organisaatiot<\/strong><\/p>\n\n\n\n<p><strong>Gambling Therapy<\/strong><br><a href=\"http:\/\/www.gamblingtherapy.org\/\" target=\"_blank\" rel=\"noopener\">www.gamblingtherapy.org<\/a><br>Maailmanlaajuinen palvelu, joka tarjoaa maksutonta k\u00e4yt\u00e4nn\u00f6n neuvontaa ja emotionaalista tukea kaikille ongelmapelaamisesta k\u00e4rsiville.<\/p>\n\n\n\n<p><strong>Gamblers Anonymous<\/strong><br><a href=\"http:\/\/www.gamblersanonymous.org.uk\/\" target=\"_blank\" rel=\"noopener\">www.gamblersanonymous.org.uk<\/a><br>Foorumit, chat, materiaalit ja \u2013 mik\u00e4 t\u00e4rkeint\u00e4 \u2013 tapaamisten haku. Kokouksia pidet\u00e4\u00e4n joka viikonp\u00e4iv\u00e4 Englannissa, Walesissa ja Ulsterissa.<\/p>\n\n\n\n<p><strong>Dunlewey Riippuvuuspalvelut <\/strong><a href=\"http:\/\/www.dunlewey.org\/\" target=\"_blank\" rel=\"noopener\">www.dunlewey.org Maksuton ja luottamuksellinen ohjelma<\/a><br><strong>,<\/strong><br>joka sis\u00e4lt\u00e4\u00e4 neuvontaa ja mentorointia niille, joilla on ongelmia oman tai muiden p\u00e4ihteiden k\u00e4yt\u00f6n tai pelaamisen kanssa.<\/p>\n\n\n\n<p><strong>Est\u00e4 pelisivustot<\/strong><\/p>\n\n\n\n<p><strong>Gamban.com<\/strong><br><a href=\"http:\/\/www.gamban.com\/\" target=\"_blank\" rel=\"noopener\">www.gamban.com<\/a><br>Jos haluat est\u00e4\u00e4 p\u00e4\u00e4syn uhkapelisivustoille, Gamban voi est\u00e4\u00e4 sovelluksia ja verkkosivustoja mobiililaitteilla, tableteilla ja tietokoneilla.<\/p>\n\n\n\n<p><strong>Velka- ja talousneuvonta<\/strong><\/p>\n\n\n\n<p>Uhkapelaaminen voi joskus johtaa maksamattomiin lainoihin tai luottokorttivelkoihin. \u00c4l\u00e4 yrit\u00e4 ratkaista t\u00e4llaisia ongelmia pelaamalla. On olemassa organisaatioita, jotka voivat auttaa sinua tekem\u00e4\u00e4n suunnitelman.<\/p>\n\n\n\n<p><strong>My Money Steps<\/strong><br><a href=\"http:\/\/www.mymoneysteps.org\/\" target=\"_blank\" rel=\"noopener\">www.mymoneysteps.org<\/a><br>Tarjoaa sinulle vaihtoehtoja velan hallintaan ja kehitt\u00e4\u00e4 henkil\u00f6kohtaisen toimintasuunnitelman.<\/p>\n\n\n\n<p><strong>Kuinka auttaa yst\u00e4v\u00e4\u00e4<\/strong><\/p>\n\n\n\n<p><strong>Tunnista merkit<\/strong><\/p>\n\n\n\n<p>Pid\u00e4 n\u00e4m\u00e4 asiat mieless\u00e4si, jos ep\u00e4ilet, ett\u00e4 yst\u00e4v\u00e4si on vaarassa joutua uhkapelaamisen uhriksi:<\/p>\n\n\n\n<ul class=\"wp-block-list\">\n<li><strong>Kiire: <\/strong>Jatkuva voitokas puhe ei ole terveellist\u00e4.<\/li>\n\n\n\n<li><strong>Suvaitsevaisuus: <\/strong>Yh\u00e4 korkeammat panokset samasta korkeudesta.<\/li>\n\n\n\n<li><strong>Kyvytt\u00f6myys lopettaa: <\/strong>Olen yritt\u00e4nyt, mutta ep\u00e4onnistunut.<\/li>\n\n\n\n<li><strong>\u00c4rtyneisyys: <\/strong>Suutuu, jos ei pysty pelaamaan.<\/li>\n\n\n\n<li><strong>Pako: <\/strong>K\u00e4ytt\u00e4\u00e4 pelej\u00e4 paetakseen ongelmia kotona\/ty\u00f6ss\u00e4.<\/li>\n\n\n\n<li><strong>Tappioiden per\u00e4ss\u00e4 juokseminen: <\/strong>Rahan takaisin voittaminen.<\/li>\n\n\n\n<li><strong>Piilota: <\/strong>Hiippaile peli\u00e4 matkapuhelimella p\u00f6yd\u00e4n alla.<\/li>\n\n\n\n<li><strong>Lainaa rahaa: <\/strong>Pyyd\u00e4 yst\u00e4vilt\u00e4 rahaa pelaamiseen.<\/li>\n\n\n\n<li><strong>Valehtelu: <\/strong>Tappioiden salaaminen \u2013 voi viitata syvempiin ongelmiin.<\/li>\n<\/ul>\n\n\n\n<p><strong>Onko sinulla tai jollain muulla mielest\u00e4si ongelma? Mit\u00e4 teet?<\/strong><\/p>\n\n\n\n<p>Jos huomaat useita merkkej\u00e4 yst\u00e4v\u00e4ss\u00e4si \u2013 keskustele rauhallisesti.<br>Yksinkertainen &#8221;Olen huomannut, ett\u00e4 olet pelannut paljon uhkapelej\u00e4 viime aikoina \u2013 oletko kunnossa?&#8221; auttaa pitk\u00e4lle. Tuki on avainasemassa. Katso osiosta <strong>Kuka voi auttaa <\/strong>, miten voit ottaa h\u00e4neen yhteytt\u00e4.<\/p>\n\n\n\n<p><strong>Suojele alaik\u00e4isi\u00e4<\/strong><\/p>\n\n\n\n<p>Emme halua lasten pelaavan \u2013 piste. Suoritamme ik\u00e4tarkistuksia jokaiselle tilille varmistaaksemme, ett\u00e4 asiakkaat ovat yli 18-vuotiaita ja siten laillisesti oikeutettuja pelaamaan.<br>Jos emme pysty vahvistamaan ik\u00e4\u00e4 s\u00e4hk\u00f6isten tarkistusten avulla, suljemme tilin ja pyyd\u00e4mme todistetta i\u00e4st\u00e4.<\/p>\n\n\n\n<p>Lapset k\u00e4ytt\u00e4v\u00e4t usein vanhempiensa laitteita, ja saatat sattua olemaan kirjautuneena sis\u00e4\u00e4n. Peliyhti\u00f6iden ja vanhempien on teht\u00e4v\u00e4 yhteisty\u00f6t\u00e4 alaik\u00e4isten suojelemiseksi.<\/p>\n\n\n\n<p><strong>Vinkkej\u00e4 alaik\u00e4isten suojelemiseen<\/strong><\/p>\n\n\n\n<ul class=\"wp-block-list\">\n<li>Pid\u00e4 k\u00e4ytt\u00e4j\u00e4tunnuksesi, salasanasi ja talletustietosi poissa ulottuvilta (\u00e4l\u00e4k\u00e4 s\u00e4ilyt\u00e4 niit\u00e4 tietokoneellasi olevalla Post-it-lapulla).<\/li>\n\n\n\n<li>\u00c4l\u00e4 tallenna salasanoja \u00e4l\u00e4k\u00e4 k\u00e4yt\u00e4 automaattista t\u00e4ytt\u00f6\u00e4 .<\/li>\n\n\n\n<li>Kirjaudu aina ulos Qbet -tililt\u00e4si, jos l\u00e4hell\u00e4 on lapsia.<\/li>\n\n\n\n<li>Asenna verkkosuodattimet, kuten NetNanny , est\u00e4\u00e4ksesi pelisivustoja tietokoneella ja mobiililaitteilla.<\/li>\n\n\n\n<li>Keskustele lastesi kanssa alaik\u00e4isten uhkapelaamisen laillisuudesta ja riskeist\u00e4.<\/li>\n\n\n\n<li>Rajoita lastesi verkossa viett\u00e4m\u00e4\u00e4 aikaa.<\/li>\n\n\n\n<li>K\u00e4yt\u00e4 sis\u00e4\u00e4nrakennettuja lapsilukkoja mobiili-\/tabletti-\/tietokone-\/televisiolaitteissa.<\/li>\n<\/ul>\n<\/div>\n<\/div>\n","protected":false},"excerpt":{"rendered":"<p>Vastuullinen pelaaminen Vastuullinen pelaaminen Sitoutumisemme vastuulliseen pelaamiseen Yksi QBet Casino ydinarvoista on l\u00e4pin\u00e4kyvyys. Viemme sen askeleen pidemm\u00e4lle antamalla sinulle tietoa [&hellip;]<\/p>\n","protected":false},"author":7,"featured_media":0,"parent":0,"menu_order":0,"comment_status":"closed","ping_status":"closed","template":"","meta":{"site-sidebar-layout":"default","site-content-layout":"","ast-site-content-layout":"default","site-content-style":"default","site-sidebar-style":"default","ast-global-header-display":"","ast-banner-title-visibility":"","ast-main-header-display":"","ast-hfb-above-header-display":"","ast-hfb-below-header-display":"","ast-hfb-mobile-header-display":"","site-post-title":"disabled","ast-breadcrumbs-content":"","ast-featured-img":"","footer-sml-layout":"","ast-disable-related-posts":"","theme-transparent-header-meta":"","adv-header-id-meta":"","stick-header-meta":"","header-above-stick-meta":"","header-main-stick-meta":"","header-below-stick-meta":"","astra-migrate-meta-layouts":"default","ast-page-background-enabled":"default","ast-page-background-meta":{"desktop":{"background-color":"var(--ast-global-color-5)","background-image":"","background-repeat":"repeat","background-position":"center center","background-size":"auto","background-attachment":"scroll","background-type":"","background-media":"","overlay-type":"","overlay-color":"","overlay-opacity":"","overlay-gradient":""},"tablet":{"background-color":"","background-image":"","background-repeat":"repeat","background-position":"center center","background-size":"auto","background-attachment":"scroll","background-type":"","background-media":"","overlay-type":"","overlay-color":"","overlay-opacity":"","overlay-gradient":""},"mobile":{"background-color":"","background-image":"","background-repeat":"repeat","background-position":"center center","background-size":"auto","background-attachment":"scroll","background-type":"","background-media":"","overlay-type":"","overlay-color":"","overlay-opacity":"","overlay-gradient":""}},"ast-content-background-meta":{"desktop":{"background-color":"var(--ast-global-color-4)","background-image":"","background-repeat":"repeat","background-position":"center center","background-size":"auto","background-attachment":"scroll","background-type":"","background-media":"","overlay-type":"","overlay-color":"","overlay-opacity":"","overlay-gradient":""},"tablet":{"background-color":"var(--ast-global-color-4)","background-image":"","background-repeat":"repeat","background-position":"center center","background-size":"auto","background-attachment":"scroll","background-type":"","background-media":"","overlay-type":"","overlay-color":"","overlay-opacity":"","overlay-gradient":""},"mobile":{"background-color":"var(--ast-global-color-4)","background-image":"","background-repeat":"repeat","background-position":"center center","background-size":"auto","background-attachment":"scroll","background-type":"","background-media":"","overlay-type":"","overlay-color":"","overlay-opacity":"","overlay-gradient":""}},"footnotes":""},"class_list":["post-218","page","type-page","status-publish","hentry"],"_links":{"self":[{"href":"https:\/\/qbet-se.com\/fi\/wp-json\/wp\/v2\/pages\/218","targetHints":{"allow":["GET"]}}],"collection":[{"href":"https:\/\/qbet-se.com\/fi\/wp-json\/wp\/v2\/pages"}],"about":[{"href":"https:\/\/qbet-se.com\/fi\/wp-json\/wp\/v2\/types\/page"}],"author":[{"embeddable":true,"href":"https:\/\/qbet-se.com\/fi\/wp-json\/wp\/v2\/users\/7"}],"replies":[{"embeddable":true,"href":"https:\/\/qbet-se.com\/fi\/wp-json\/wp\/v2\/comments?post=218"}],"version-history":[{"count":3,"href":"https:\/\/qbet-se.com\/fi\/wp-json\/wp\/v2\/pages\/218\/revisions"}],"predecessor-version":[{"id":488,"href":"https:\/\/qbet-se.com\/fi\/wp-json\/wp\/v2\/pages\/218\/revisions\/488"}],"wp:attachment":[{"href":"https:\/\/qbet-se.com\/fi\/wp-json\/wp\/v2\/media?parent=218"}],"curies":[{"name":"wp","href":"https:\/\/api.w.org\/{rel}","templated":true}]}}