{"id":236,"date":"2025-09-09T05:27:38","date_gmt":"2025-09-09T05:27:38","guid":{"rendered":"https:\/\/qbet-se.com\/?page_id=236"},"modified":"2026-03-31T02:24:20","modified_gmt":"2026-03-31T02:24:20","slug":"bonusehdot","status":"publish","type":"page","link":"https:\/\/qbet-se.com\/fi\/bonusehdot\/","title":{"rendered":"Bonusehdot"},"content":{"rendered":"\n<div class=\"wp-block-columns is-layout-flex wp-container-core-columns-is-layout-28f84493 wp-block-columns-is-layout-flex\">\n<div class=\"wp-block-column is-layout-flow wp-block-column-is-layout-flow\">\n<h2 class=\"wp-block-heading\" id=\"h-bonusvillkor\">Bonusehdot<\/h2>\n\n\n\n<p><strong>Yleiset bonusehdot<\/strong><\/p>\n\n\n\n<p><strong>Kasinobonusten k\u00e4ytt\u00f6ehdot<\/strong><\/p>\n\n\n\n<p><a href=\"https:\/\/qbet-se.com\/fi\/\" data-type=\"page\" data-id=\"206\">QBet Casino<\/a> tarjoamat bonukset voi lunastaa vain kerran henkil\u00f6\u00e4\/tili\u00e4, perhett\u00e4, kotitaloutta, osoitetta, s\u00e4hk\u00f6postiosoitetta, luottokorttia, laitetta, IP-osoitetta tai jaettuja tietokoneita (yliopisto, koulu, ty\u00f6paikka, kirjasto jne.) kohden.<\/p>\n\n\n\n<p>Jos kampanja tai tarjous vaatii hyv\u00e4ksytt\u00e4v\u00e4n talletuksen, se on teht\u00e4v\u00e4 yhdell\u00e4 kertaa; useita talletuksia ei lasketa.<\/p>\n\n\n\n<p>S\u00e4hk\u00f6postitse, tekstiviestitse tai muilla kanavilla l\u00e4hetetyt bonustarjoukset ovat henkil\u00f6kohtaisia ja koskevat vain sit\u00e4 vastaanottajaa, jolle QBet l\u00e4hetti tarjouksen.<\/p>\n\n\n\n<p>Jokainen QBet- bonus on voimassa tietyn kampanja-ajan ja se on k\u00e4ytett\u00e4v\u00e4 t\u00e4m\u00e4n ajan kuluessa. K\u00e4ytt\u00e4m\u00e4tt\u00f6m\u00e4t bonukset vanhenevat.<\/p>\n\n\n\n<p>QBetin bonukseen , kaikkien henkil\u00f6tietojen on oltava oikein ja ajan tasalla. QBet pid\u00e4tt\u00e4\u00e4 oikeuden mit\u00e4t\u00f6id\u00e4 bonukset ja voitot tileilt\u00e4, joilla on virheellisi\u00e4 tietoja.<\/p>\n\n\n\n<p>Bonuksia ei voi yhdist\u00e4\u00e4 muihin kampanjoihin tai k\u00e4ytt\u00e4\u00e4 rinnakkain, ellei toisin ole nimenomaisesti mainittu.<\/p>\n\n\n\n<p>Kasinokampanjoiden bonusrahat ovat voimassa vain kolikkopeleiss\u00e4. P\u00f6yt\u00e4peleihin, videopokeriin tai muihin pelien ulkopuolisiin kategorioihin tehtyj\u00e4 panoksia ei lasketa mukaan kierr\u00e4tysvaatimuksiin.<\/p>\n\n\n\n<p>F\u00f6ljande &#8211; kolikkopelit Tarjolla bonuspelej\u00e4 : Deep Rush, Aviator, 9 Lions, Plinko, Lil Devil, Triple Cash or Crash, London Tube, Wild Swarm, Take the Shot, Scrooge, Dwarfs Fortune, Butterfly Lovers, Money Cart 4, Tomb Raider \u2013 Secret of the Sword <strong>, Hot 777, Space XY, Lines, 9 Burning Stars, Babylon Riches, Gem Saviour, Bison Battle, Dragon&#8217;s Crash, Black Horse Cash Out Edition, Limbo, African Spirit Sticky Wilds, Hood vs Wolf, Savage Jungle, The Wish Master Megaways , Football Mania Deluxe, Mice &amp; Magic Wonder Spin, Beautiful Bones, WBC Ring of Riches, Telly Reels, Fruit Mania Deluxe, Tiki Tumble, The Perfect Heist, Cool Buck, Beach Invaders, Money Cart, Monsters Unchained, Pushy Cats, Wild Heart, Siren&#8217;s Riches, Plinko, Ishtar Power Zones, Blaze of Ra, Razor Shark, 1000X BUSTA, Legion Hot 1, Robin \u2013 Nottingham Raiders, Spina Colada, Towering Pays Valhalla, Hammer of Gods, 100 Bit Dice, Viikingit menev\u00e4t helvettiin, Viikingit menev\u00e4t Berzerkiin , Mets\u00e4st\u00e4jien Kuu Gigablox , Valkyrien Paluu, Ancient Eclipse, Robin \u2013 Sherwood Marauders, Cauldron, The Hot Offer, Spaceman, 5 Perhett\u00e4, Tuplalohik\u00e4\u00e4rmeet, Alchymedes , Ozwins Jackpotit, Tut&#8217;s Twister, Wolf Hunters, Dark Vortex, Baron Samedi, Football Glory, Atlantean Gigarise , Frost Queen Jackpotit, Kuninkaallinen perhe, Vie Joulupukin Kauppa, Vie Olympus, Vie Kuningaskunta, Knockout Football, Marvelous Furlongs, Presto!, Fruit Mania, Fruit Mania, Hula Magic, Xi You Ji, Ancients Blessing, Arcade Bomb, Atlantis, Aurum Codex, Aztec Spins, Beriched , Betty, Boris and Boo, Blood Suckers, Book of 99, Cash Ultimate, Crown of Valor, Dead or Alive 2, Dead or Alive, Diamond Blitz, Dragon&#8217;s Fire Infinireels , Dragon&#8217;s Fire Megaways , Dwarfs Gone Wild, EggOMatic , Eye of the Kraken, Fa Fa Babies, Forever 7&#8217;s, Frequent Flyer, Gems Gone Wild Power Reels, Get The Gold InfiniReels , Gods of Troy, Golden Lotus, Golden Tsar, Harle Coin, Hellcatraz , Secrets of Atlantis, Hoard of Poseidon, Hotline, Jack Hammer 2: Fishy Business, Jewel Scarabs, Knight Rider, Lion&#8217;s Hoard, Lucky Fridays, Magikspell , Mahjong 88, Marching Legions, Money Cart 2, Multiplier Riches, Three Musketeers, Mystery Joker 6000, Night Roller, Pearls of India, Piggy Pirates, Primate King, Rage of the Seas, Rage to Riches, RA&#8217;s Legend, Reel Heist, Reel Keeper, Reptizillions Power Reels, Riddle of the Sphinx, Chaos Miehist\u00f6, Kaivokset, Kolikot, Laatikot, Agentti 51, Lohik\u00e4\u00e4rmeiden aika, Huracanin aika, Bangkok Dreams, Liekehtiv\u00e4 h\u00e4rk\u00e4, Liekehtiv\u00e4 h\u00e4rk\u00e4 2, Karibian Anne, Karibian Anne 2, Cosmic Charms, Kristalliluola, Dino Odyssey, Finnegan&#8217;s Formula, Firedrake&#8217;s Fortune, Goblins &amp; Gemstones, Hong Bao, Jupiterin jalokivet, Joker Times Xmas, Maui Millions, Midas Treasure, Monkey God, Pyro Pixie, Holmes: Reel Detective, Sky Hunters, Kultapuu, Zombie Queen, Aurinkokuningas, Aurinkokuningatar, Aurinkotemppeli, Egyptin kuningas, Kochbuch , Rome: The Golden Age, Kuninkaalliset jalokivet, Sea Hunter, Serengeti Kings, Spin Town, Street Fighter II: The World Warrior Slot, Super Striker, Wisecracker Lightning, Kolme muskettisoturia, Tower Quest, Viking Runecraft, Snakes and Ladders Megadice , Jungle Gorilla, Cash Elevator, 3 Kingdoms \u2013 Punaisten kallioiden taistelu, Kultajuna, Lohik\u00e4\u00e4rmeiden valtakunta \u2013 Tulen silm\u00e4t, Toiveiden kaivo White Rabbit Megaways , Wilderland , Wild Expedition, Wild Hot Chilli Reels, Wild O&#8217;Clock , Win Escalator, Scrooge, Larry the Leprechaun, Hot 777 Deluxe, 11 Champions, Fruit Mania, Cool Buck, Black Horse Deluxe, Take The Bank, Tomb Raider \u2013 Secret of the Sword, Plinko 2, Money Cart 3, Beautiful Bones, Midnight Thirst, 11 Champions.<\/strong><\/p>\n\n\n\n<p>Bonusvaroilla pelatessa on <strong>Feature Buy -toiminnon k\u00e4ytt\u00f6 kielletty <\/strong>kolikkopeleiss\u00e4 , joissa sit\u00e4 tarjotaan.<\/p>\n\n\n\n<p>QBet pid\u00e4tt\u00e4\u00e4 oikeuden:<\/p>\n\n\n\n<ul class=\"wp-block-list\">\n<li>menett\u00e4\u00e4 my\u00f6nnetyn bonuksen ja kaikki siit\u00e4 saadut voitot ja\/tai<\/li>\n\n\n\n<li>peruuttaa tai ev\u00e4t\u00e4 bonuksen ja\/tai est\u00e4\u00e4 p\u00e4\u00e4syn tiettyihin tuotteisiin ja\/tai<\/li>\n\n\n\n<li>sulkea pelaajan pois tulevista kampanjoista ja\/tai sulkea tilin v\u00e4litt\u00f6m\u00e4sti.<\/li>\n<\/ul>\n\n\n\n<p>QBet voi tarkistaa pelihistoriasi ja bonusten k\u00e4ytt\u00f6si milloin tahansa. V\u00e4\u00e4rink\u00e4ytt\u00f6tapauksessa bonukset tai voitot voidaan takavarikoida ja tili sulkea.<\/p>\n\n\n\n<p>Oma talletettu raha k\u00e4ytet\u00e4\u00e4n aina ensin. Vain pelit, joissa on bonusrahaa, lasketaan kierr\u00e4tysvaatimuksiin. Bonusvaroilla saadut voitot katsotaan bonukseksi, eik\u00e4 niit\u00e4 voida kotiuttaa ennen kuin kierr\u00e4tysvaatimukset on t\u00e4ytetty.<\/p>\n\n\n\n<p>Jos peruutat bonuksen tai ilmaiskierrokset , menet\u00e4t sek\u00e4 bonuksen\/ kierrokset ett\u00e4 kaikki niist\u00e4 saadut voitot.<\/p>\n\n\n\n<p>Ilmaispy\u00f6r\u00e4ytysten tai ilman talletusta saatavien bonusten voitot eiv\u00e4t saa ylitt\u00e4\u00e4 <strong>100 \u20ac <\/strong>(tai vastaavaa summaa). Ylim\u00e4\u00e4r\u00e4inen summa mit\u00e4t\u00f6id\u00e4\u00e4n.<\/p>\n\n\n\n<p>Maksimivoittosummat:<\/p>\n\n\n\n<ul class=\"wp-block-list\">\n<li>Norjan kruunua: 1 000 Norjan kruunua<\/li>\n\n\n\n<li>100 euroa<\/li>\n\n\n\n<li>Kanadan dollari: 100 Kanadan dollaria<\/li>\n<\/ul>\n\n\n\n<p>Jos kierr\u00e4tysvaatimuksia ei t\u00e4ytet\u00e4 m\u00e4\u00e4r\u00e4aikaan menness\u00e4, bonus ja kaikki voitot mit\u00e4t\u00f6id\u00e4\u00e4n.<\/p>\n\n\n\n<p>QBet pid\u00e4tt\u00e4\u00e4 oikeuden muuttaa, keskeytt\u00e4\u00e4 tai lopettaa kampanjoita ilman erillist\u00e4 ilmoitusta.<br>Riitatilanteissa englanninkieliset s\u00e4\u00e4nn\u00f6t ja ehdot ovat aina ensisijaisia.<\/p>\n\n\n\n<p><strong>Talletus-\/ uudelleenlatausbonukset<\/strong><\/p>\n\n\n\n<p>Reload- tai talletusbonuksia voidaan tarjota s\u00e4\u00e4nn\u00f6llisin v\u00e4liajoin. Kun teet hyv\u00e4ksytt\u00e4v\u00e4n talletuksen, talletuksesi tuplataan tietyll\u00e4 prosenttiosuudella tiettyyn summaan asti.<\/p>\n\n\n\n<ul class=\"wp-block-list\">\n<li><strong>100 %:n <\/strong>kasinobonuksilla on <strong>40-kertainen <\/strong>kierr\u00e4tysvaatimus bonussummaan n\u00e4hden.<\/li>\n\n\n\n<li>Kasinobonuksilla <strong>101 %:sta yl\u00f6sp\u00e4in on 50-kertainen <\/strong>kierr\u00e4tysvaatimus bonussummaan n\u00e4hden.<\/li>\n<\/ul>\n\n\n\n<p>Vain yksi bonus voi olla aktiivinen kerrallaan. Talletusbonuksia ei voi pinota.<br>Ellei toisin mainita, kaikki talletusbonukset vanhenevat <strong>30 p\u00e4iv\u00e4n kuluttua <\/strong>.<\/p>\n\n\n\n<p>Vain bonusrahalla tehdyt panokset t\u00e4ytt\u00e4v\u00e4t kierr\u00e4tysvaatimusta.<br>Pelaajat voivat peruuttaa bonuksensa milloin tahansa ja nostaa j\u00e4ljell\u00e4 olevan saldon.<\/p>\n\n\n\n<p>Maksimipanos kierr\u00e4tystilanteessa: <strong>4 \u20ac tai 0,4 \u20ac per linja.<\/strong><\/p>\n\n\n\n<p>Kun talletusbonus on aktivoitu, sek\u00e4 talletus- ett\u00e4 bonusvarat on k\u00e4ytett\u00e4v\u00e4 kolikkopeleiss\u00e4 . Bonusvaroilla aloitetuista, mutta bonuksen vanhenemisen j\u00e4lkeen loppuun suoritetuista toiminnoista saadut voitot poistetaan.<\/p>\n\n\n\n<p>Bonusten k\u00e4ytt\u00e4minen pelkk\u00e4\u00e4n bonuspelien arvojen &#8221;pelaamiseen&#8221; voi mit\u00e4t\u00f6id\u00e4 voitot.<\/p>\n\n\n\n<p>Yleiset kasinobonusten s\u00e4\u00e4nn\u00f6t ja ehdot ovat voimassa.<\/p>\n\n\n\n<p><strong>Ilmaiskierrokset\u200b<\/strong><\/p>\n\n\n\n<p>Ilmaiskierrokset ovat joskus tarjolla olevia ilmaispelej\u00e4.<\/p>\n\n\n\n<ul class=\"wp-block-list\">\n<li>Ellei toisin mainita, ilmaiskierrokset on lukittu tiettyyn peliin.<\/li>\n\n\n\n<li>Niit\u00e4 pelataan aina tarjouksessa m\u00e4\u00e4ritellyll\u00e4 panoksella.<\/li>\n\n\n\n<li>Ilmaiskierrosten voitoilla on <strong>35-kertainen <\/strong>kierr\u00e4tysvaatimus , ellei toisin mainita.<\/li>\n<\/ul>\n\n\n\n<p><a href=\"https:\/\/qbet-se.com\/fi\/kayttoehdot\/\" data-type=\"page\" data-id=\"277\">Yleiset ehdot<\/a> ovat voimassa, jos bonuss\u00e4\u00e4nn\u00f6t eiv\u00e4t ole t\u00e4sm\u00e4llisi\u00e4.<\/p>\n\n\n\n<p><strong>Versio 04, 08.08.2025<\/strong><\/p>\n<\/div>\n<\/div>\n","protected":false},"excerpt":{"rendered":"<p>Bonusehdot Yleiset bonusehdot Kasinobonusten k\u00e4ytt\u00f6ehdot QBet Casino tarjoamat bonukset voi lunastaa vain kerran henkil\u00f6\u00e4\/tili\u00e4, perhett\u00e4, kotitaloutta, osoitetta, s\u00e4hk\u00f6postiosoitetta, luottokorttia, laitetta, [&hellip;]<\/p>\n","protected":false},"author":7,"featured_media":0,"parent":0,"menu_order":0,"comment_status":"closed","ping_status":"closed","template":"","meta":{"site-sidebar-layout":"default","site-content-layout":"","ast-site-content-layout":"default","site-content-style":"default","site-sidebar-style":"default","ast-global-header-display":"","ast-banner-title-visibility":"","ast-main-header-display":"","ast-hfb-above-header-display":"","ast-hfb-below-header-display":"","ast-hfb-mobile-header-display":"","site-post-title":"disabled","ast-breadcrumbs-content":"","ast-featured-img":"","footer-sml-layout":"","ast-disable-related-posts":"","theme-transparent-header-meta":"","adv-header-id-meta":"","stick-header-meta":"","header-above-stick-meta":"","header-main-stick-meta":"","header-below-stick-meta":"","astra-migrate-meta-layouts":"default","ast-page-background-enabled":"default","ast-page-background-meta":{"desktop":{"background-color":"var(--ast-global-color-5)","background-image":"","background-repeat":"repeat","background-position":"center center","background-size":"auto","background-attachment":"scroll","background-type":"","background-media":"","overlay-type":"","overlay-color":"","overlay-opacity":"","overlay-gradient":""},"tablet":{"background-color":"","background-image":"","background-repeat":"repeat","background-position":"center center","background-size":"auto","background-attachment":"scroll","background-type":"","background-media":"","overlay-type":"","overlay-color":"","overlay-opacity":"","overlay-gradient":""},"mobile":{"background-color":"","background-image":"","background-repeat":"repeat","background-position":"center center","background-size":"auto","background-attachment":"scroll","background-type":"","background-media":"","overlay-type":"","overlay-color":"","overlay-opacity":"","overlay-gradient":""}},"ast-content-background-meta":{"desktop":{"background-color":"var(--ast-global-color-4)","background-image":"","background-repeat":"repeat","background-position":"center center","background-size":"auto","background-attachment":"scroll","background-type":"","background-media":"","overlay-type":"","overlay-color":"","overlay-opacity":"","overlay-gradient":""},"tablet":{"background-color":"var(--ast-global-color-4)","background-image":"","background-repeat":"repeat","background-position":"center center","background-size":"auto","background-attachment":"scroll","background-type":"","background-media":"","overlay-type":"","overlay-color":"","overlay-opacity":"","overlay-gradient":""},"mobile":{"background-color":"var(--ast-global-color-4)","background-image":"","background-repeat":"repeat","background-position":"center center","background-size":"auto","background-attachment":"scroll","background-type":"","background-media":"","overlay-type":"","overlay-color":"","overlay-opacity":"","overlay-gradient":""}},"footnotes":""},"class_list":["post-236","page","type-page","status-publish","hentry"],"_links":{"self":[{"href":"https:\/\/qbet-se.com\/fi\/wp-json\/wp\/v2\/pages\/236","targetHints":{"allow":["GET"]}}],"collection":[{"href":"https:\/\/qbet-se.com\/fi\/wp-json\/wp\/v2\/pages"}],"about":[{"href":"https:\/\/qbet-se.com\/fi\/wp-json\/wp\/v2\/types\/page"}],"author":[{"embeddable":true,"href":"https:\/\/qbet-se.com\/fi\/wp-json\/wp\/v2\/users\/7"}],"replies":[{"embeddable":true,"href":"https:\/\/qbet-se.com\/fi\/wp-json\/wp\/v2\/comments?post=236"}],"version-history":[{"count":2,"href":"https:\/\/qbet-se.com\/fi\/wp-json\/wp\/v2\/pages\/236\/revisions"}],"predecessor-version":[{"id":492,"href":"https:\/\/qbet-se.com\/fi\/wp-json\/wp\/v2\/pages\/236\/revisions\/492"}],"wp:attachment":[{"href":"https:\/\/qbet-se.com\/fi\/wp-json\/wp\/v2\/media?parent=236"}],"curies":[{"name":"wp","href":"https:\/\/api.w.org\/{rel}","templated":true}]}}