{"id":254,"date":"2025-09-09T05:28:39","date_gmt":"2025-09-09T05:28:39","guid":{"rendered":"https:\/\/qbet-se.com\/?page_id=254"},"modified":"2026-03-31T02:25:10","modified_gmt":"2026-03-31T02:25:10","slug":"tietosuojakaytanto","status":"publish","type":"page","link":"https:\/\/qbet-se.com\/fi\/tietosuojakaytanto\/","title":{"rendered":"Tietosuojak\u00e4yt\u00e4nt\u00f6"},"content":{"rendered":"\n<div class=\"wp-block-columns is-layout-flex wp-container-core-columns-is-layout-28f84493 wp-block-columns-is-layout-flex\">\n<div class=\"wp-block-column is-layout-flow wp-block-column-is-layout-flow\">\n<h2 class=\"wp-block-heading\" id=\"h-integritetspolicy\">Tietosuojak\u00e4yt\u00e4nt\u00f6<\/h2>\n\n\n\n<p><strong>Tietosuoja- ja ev\u00e4stek\u00e4yt\u00e4nt\u00f6<\/strong><\/p>\n\n\n\n<p><strong>Johdanto<\/strong><\/p>\n\n\n\n<p><a href=\"https:\/\/qbet-se.com\/fi\/\" data-type=\"page\" data-id=\"206\">QBet Casino<\/a> l\u00e4pin\u00e4kyvyys on meille eritt\u00e4in t\u00e4rke\u00e4\u00e4 ja otamme yksityisyytesi eritt\u00e4in vakavasti. Arvostamme, ett\u00e4 luotat meille henkil\u00f6tietojesi k\u00e4sittelyn, ja haluamme olla avoimia siit\u00e4, miten k\u00e4yt\u00e4mme niit\u00e4. T\u00e4ss\u00e4 tietosuojak\u00e4yt\u00e4nn\u00f6ss\u00e4 selitet\u00e4\u00e4n<br>, miten ja miksi ker\u00e4\u00e4mme henkil\u00f6tietojasi verkkosivustomme www.Qbet.com ja kaikkien sen muunnelmien, mukaan lukien mobiilisovelluksemme ( &#8221;Verkkosivusto&#8221;), k\u00e4yt\u00f6n kautta, miksi tietoja ker\u00e4t\u00e4\u00e4n ja miten niit\u00e4 suojataan. Olemme ottaneet k\u00e4ytt\u00f6\u00f6n turvatoimenpiteit\u00e4 henkil\u00f6tietojesi suojaamiseksi ja k\u00e4sittelemme niit\u00e4 sovellettavan tietosuojalains\u00e4\u00e4d\u00e4nn\u00f6n mukaisesti.<br>K\u00e4yt\u00e4nn\u00f6ss\u00e4 kuvataan, miten k\u00e4sittelemme henkil\u00f6tietojasi, ja se koskee www.Qbet.com-sivustoa operoivaa yrityst\u00e4, jota j\u00e4ljemp\u00e4n\u00e4 kutsutaan nimell\u00e4 &#8221;Me&#8221;, &#8221;Meid\u00e4n&#8221; tai &#8221;Meid\u00e4n&#8221;.<\/p>\n\n\n\n<p><strong>Mit\u00e4 tietoja ker\u00e4\u00e4mme sinulta?<\/strong><\/p>\n\n\n\n<p><strong>Itse antamasi tiedot<\/strong><\/p>\n\n\n\n<p>Ker\u00e4\u00e4mme tietoja, jotka annat vapaaehtoisesti k\u00e4ytt\u00e4ess\u00e4si palveluitamme, esimerkiksi rekister\u00f6ityess\u00e4si Qbetin asiakkaaksi. Antamiseen vaadittavat tiedot riippuvat palvelun ominaisuuksista, mutta et voi luoda tili\u00e4 antamatta seuraavia tietoja:<\/p>\n\n\n\n<ul class=\"wp-block-list\">\n<li>Yhteystiedot: nimi, sukunimi, osoite, ik\u00e4, syntym\u00e4aika, sukupuoli, s\u00e4hk\u00f6postiosoite, puhelinnumero ja postinumero.<\/li>\n\n\n\n<li>Taloudelliset tiedot: verkkomaksujen k\u00e4sittelemiseksi ker\u00e4\u00e4mme pankkitietosi ja tapahtumahistoriasi, kuten tililt\u00e4si tehdyt talletukset ja nostot.<\/li>\n<\/ul>\n\n\n\n<p>Lis\u00e4ksi rahanpesun vastaiset lait velvoittavat meit\u00e4 pyyt\u00e4m\u00e4\u00e4n lis\u00e4asiakirjoja, kuten valokuvallinen henkil\u00f6llisyystodistus, tiedot varallisuuden alkuper\u00e4st\u00e4, s\u00e4hk\u00f6lasku tai vastaava.<\/p>\n\n\n\n<p><strong>Kolmannen osapuolen tiedot<\/strong><\/p>\n\n\n\n<p>Saatamme yhdist\u00e4\u00e4 sinulta ker\u00e4\u00e4mi\u00e4mme tietoja muista l\u00e4hteist\u00e4, kuten julkisista tietokannoista, demografisten tietojen tarjoajilta tai erikoistuneilta KYC-yrityksilt\u00e4 ( Know Your Customer, Tunne asiakkaasi ) saamiimme tietoihin. Sinun Asiakas ). N\u00e4it\u00e4 tietoja ker\u00e4t\u00e4\u00e4n vain, jos se on tarpeen lakis\u00e4\u00e4teisten velvoitteidemme noudattamiseksi.<\/p>\n\n\n\n<p><strong>Automaattisesti ker\u00e4tyt tiedot<\/strong><\/p>\n\n\n\n<p>Me ja kolmannen osapuolen palveluntarjoajamme voimme automaattisesti ker\u00e4t\u00e4 tietoja laitteestasi useilla tavoilla, kuten:<\/p>\n\n\n\n<ul class=\"wp-block-list\">\n<li>Selaimen tai laitteen kautta: IP-osoite, laitetyyppi, kieli, selaintyyppi.<\/li>\n\n\n\n<li>Sovelluksen k\u00e4yt\u00f6n kautta : Kun lataat ja k\u00e4yt\u00e4t sovelluksiamme, voimme tallentaa palvelinyhteyden p\u00e4iv\u00e4m\u00e4\u00e4r\u00e4n ja kellonajan sek\u00e4 ladatut tiedostot\/tiedot.<\/li>\n<\/ul>\n\n\n\n<p>Lis\u00e4tietoja ev\u00e4steist\u00e4 on <strong>ev\u00e4stek\u00e4yt\u00e4nn\u00f6ss\u00e4mme <\/strong>.<\/p>\n\n\n\n<p><strong>Miten k\u00e4yt\u00e4mme henkil\u00f6tietojasi?<\/strong><\/p>\n\n\n\n<p>K\u00e4sittelemme henkil\u00f6tietojasi ainoastaan t\u00e4m\u00e4n tietosuojak\u00e4yt\u00e4nn\u00f6n mukaisesti. Ker\u00e4ttyj\u00e4 tietoja k\u00e4ytet\u00e4\u00e4n seuraaviin tarkoituksiin:<\/p>\n\n\n\n<ul class=\"wp-block-list\">\n<li>hallinnoida rekister\u00f6inti\u00e4si, luoda ja yll\u00e4pit\u00e4\u00e4 tili\u00e4si (mukaan lukien ik\u00e4- ja petostarkastukset);<\/li>\n\n\n\n<li>hallinnoida pelej\u00e4, joihin osallistut, ilmoittaa sinulle voitoista tai bonuksista;<\/li>\n\n\n\n<li>tarjota, parantaa ja mukauttaa palveluitamme ja analysoida niiden k\u00e4ytt\u00f6\u00e4;<\/li>\n\n\n\n<li>varmistaa, ett\u00e4 verkkosivusto esitet\u00e4\u00e4n parhaalla mahdollisella tavalla sinulle ja laitteellesi;<\/li>\n\n\n\n<li>l\u00e4hett\u00e4\u00e4 sinulle palvelutietoja tilist\u00e4si ja markkinointiviestej\u00e4 (jos olet antanut siihen suostumuksesi).<\/li>\n<\/ul>\n\n\n\n<p>Joissakin tapauksissa tietoja k\u00e4ytet\u00e4\u00e4n my\u00f6s tutkimukseen, esimerkiksi asiakaskokemuksen arviointiin, tuoteominaisuuksien priorisointiin tai kampanjoiden arvosteluun.<\/p>\n\n\n\n<p>Emme koskaan myy henkil\u00f6tietojasi kolmansille osapuolille emmek\u00e4 jaa tietojasi markkinointitarkoituksiin ilman nimenomaista suostumustasi. Voit muuttaa asetuksiasi tilill\u00e4si milloin tahansa.<\/p>\n\n\n\n<p><strong>Kenen kanssa jaamme tietojasi?<\/strong><\/p>\n\n\n\n<p>Henkil\u00f6tietojasi voidaan jakaa seuraavien kanssa:<\/p>\n\n\n\n<ul class=\"wp-block-list\">\n<li>Puhelu- ja tekstiviestipalveluiden tarjoajat.<\/li>\n\n\n\n<li>Maksupalveluntarjoajat (talletusten\/nostojen k\u00e4sittely\u00e4 varten).<\/li>\n\n\n\n<li>Petostentorjunta- ja vaatimustenmukaisuuskumppanit, sopimusteknisine suojatoimineen.<\/li>\n\n\n\n<li>Kumppanit, jotka parantavat k\u00e4ytt\u00f6kokemustasi, ainoastaan suostumuksellasi.<\/li>\n\n\n\n<li>Viranomaiset, s\u00e4\u00e4ntelyelimet tai urheiluj\u00e4rjest\u00f6t lain niin vaatiessa.<\/li>\n<\/ul>\n\n\n\n<p>Emme koskaan jaa tietojasi muihin tarkoituksiin ilman lupaasi, paitsi lain niin vaatiessa.<\/p>\n\n\n\n<p><strong>Kuinka kauan s\u00e4ilyt\u00e4mme tietojasi?<\/strong><\/p>\n\n\n\n<p>S\u00e4ilyt\u00e4mme tietojasi vain niin kauan kuin on tarpeen t\u00e4ss\u00e4 k\u00e4yt\u00e4nn\u00f6ss\u00e4 m\u00e4\u00e4riteltyjen tarkoitusten toteuttamiseksi. Qbet- tilisi sulkemisen j\u00e4lkeen s\u00e4ilyt\u00e4mme tietoja vain siin\u00e4 m\u00e4\u00e4rin kuin on tarpeen lakis\u00e4\u00e4teisten velvoitteiden, kuten vero- ja rahanpesulakien, noudattamiseksi ja riitojen ratkaisemiseksi. Saat lis\u00e4tietoja laink\u00e4ytt\u00f6alueesi erityisist\u00e4 s\u00e4ilytysajoista ottamalla meihin yhteytt\u00e4 osoitteessa <strong>dpo@Qbet.com <\/strong>.<\/p>\n\n\n\n<p><strong>Turvallisuus, henkil\u00f6llisyyden tarkistukset ja petosten ehk\u00e4isy<\/strong><\/p>\n\n\n\n<p>Turvallisuutesi vuoksi ilmoitamme sinulle, kun kirjaudut sis\u00e4\u00e4n uudelta laitteelta. Ker\u00e4\u00e4mme tietoja laitteesi tyypist\u00e4, valmistajasta, IP-osoitteesta, aikaleimasta, resoluutiosta, aikavy\u00f6hykkeest\u00e4 ja k\u00e4ytt\u00f6j\u00e4rjestelm\u00e4st\u00e4. T\u00e4m\u00e4 auttaa meit\u00e4 suojaamaan tili\u00e4si.<\/p>\n\n\n\n<p>Qbet ty\u00f6skentelee my\u00f6s aktiivisesti urheilun rehellisyyden edist\u00e4miseksi ja otteluiden manipuloinnin est\u00e4miseksi yhteisty\u00f6kumppaniemme, kuten <strong>International Betting Integrity Associationin (IBIA), kautta <\/strong>.<\/p>\n\n\n\n<p>Voimme my\u00f6s varmistaa henkil\u00f6llisyytesi luotettavien kolmansien osapuolten, kuten <strong>SCHUFAn (Saksa) <\/strong>, <strong>GB Groupin (Iso-Britannia) <\/strong>ja <strong>Iovationin (USA) , kautta <\/strong>. Huomaa, ett\u00e4 t\u00e4m\u00e4 on vain henkil\u00f6llisyyden tarkistus \u2013 ei luottotietojen tarkistus.<\/p>\n\n\n\n<p><strong>Oikeutesi<\/strong><\/p>\n\n\n\n<p>Sinulla on oikeus:<\/p>\n\n\n\n<ul class=\"wp-block-list\">\n<li>pyyt\u00e4\u00e4 maksutta tietoja tallennetuista tiedoista, niiden alkuper\u00e4st\u00e4, vastaanottajista ja k\u00e4ytt\u00f6tarkoituksesta;<\/li>\n\n\n\n<li>pyyt\u00e4\u00e4 tietojen korjaamista, t\u00e4ydent\u00e4mist\u00e4, poistamista tai siirrett\u00e4vyytt\u00e4;<\/li>\n\n\n\n<li>vastustaa k\u00e4sittely\u00e4, mukaan lukien profilointia;<\/li>\n\n\n\n<li>peruuttaa suostumuksensa;<\/li>\n\n\n\n<li>tehd\u00e4 valitus valvontaviranomaiselle (p\u00e4\u00e4asiallinen elimemme on <strong>Tietosuoja- ja rekisterinpitovirasto ) komissaari <\/strong>).<\/li>\n<\/ul>\n\n\n\n<p>Tiettyj\u00e4 poikkeuksia sovelletaan esimerkiksi silloin, kun tietojen luovuttaminen paljastaisi toisen henkil\u00f6n tietoja tai jos laki velvoittaa meit\u00e4 s\u00e4ilytt\u00e4m\u00e4\u00e4n tietoja.<\/p>\n\n\n\n<p><strong>Ulkoinen sis\u00e4lt\u00f6 ja ev\u00e4steet<\/strong><\/p>\n\n\n\n<p>K\u00e4yt\u00e4mme aktiivisesti ulkopuolisten palveluntarjoajien JavaScript-sis\u00e4lt\u00f6\u00e4. T\u00e4m\u00e4 voi tarkoittaa, ett\u00e4 tietoja k\u00e4sitell\u00e4\u00e4n EU:n ulkopuolella. Voit est\u00e4\u00e4 t\u00e4m\u00e4n esimerkiksi <strong>NoScript <\/strong>-laajennuksen avulla tai poistamalla JavaScriptin k\u00e4yt\u00f6st\u00e4 (jotkin toiminnot voivat kuitenkin olla rajoitettuja).<\/p>\n\n\n\n<p>K\u00e4yt\u00e4mme ev\u00e4steit\u00e4 my\u00f6s verkkosivustolla, sovelluksissa ja uutiskirjeiss\u00e4. Ev\u00e4steet ovat pieni\u00e4 tekstitiedostoja, jotka tallennetaan laitteellesi ja jotka voivat sis\u00e4lt\u00e4\u00e4 tiettyj\u00e4 tietoja (esim. IP-osoite, k\u00e4ytt\u00f6j\u00e4rjestelm\u00e4, vieraillut sivut).<\/p>\n\n\n\n<p>Voit selaimessasi tapauskohtaisesti valita, hyv\u00e4ksytk\u00f6, hyv\u00e4ksytk\u00f6 tai est\u00e4tk\u00f6 ev\u00e4steet. Suosittelemme ev\u00e4steidemme hyv\u00e4ksymist\u00e4 parhaan k\u00e4ytt\u00f6kokemuksen saavuttamiseksi.<\/p>\n\n\n\n<p><strong>K\u00e4ytt\u00e4m\u00e4mme ev\u00e4stetyypit:<\/strong><\/p>\n\n\n\n<ul class=\"wp-block-list\">\n<li><strong>V\u00e4ltt\u00e4m\u00e4tt\u00f6m\u00e4t ev\u00e4steet <\/strong>\u2013 v\u00e4ltt\u00e4m\u00e4tt\u00f6mi\u00e4 verkkosivuston moitteettoman toiminnan kannalta.<\/li>\n\n\n\n<li><strong>Suorituskykyev\u00e4steet <\/strong>\u2013 mittaavat k\u00e4ytt\u00e4ytymist\u00e4 toiminnallisuuden parantamiseksi.<\/li>\n\n\n\n<li><strong>Toiminnalliset ev\u00e4steet <\/strong>\u2013 muistavat valinnat, kuten kielen ja k\u00e4ytt\u00e4j\u00e4tunnuksen.<\/li>\n\n\n\n<li><strong>Mainosev\u00e4steet <\/strong>\u2013 tarjoavat kohdennettua sis\u00e4lt\u00f6\u00e4 kiinnostuksen kohteidesi perusteella.<\/li>\n\n\n\n<li><strong>Kolmannen osapuolen ev\u00e4steet <\/strong>\u2013 ulkoisilta palveluntarjoajilta (joita s\u00e4\u00e4nnell\u00e4\u00e4n heid\u00e4n k\u00e4yt\u00e4nt\u00f6jens\u00e4 mukaisesti).<\/li>\n<\/ul>\n\n\n\n<p><strong>Esimerkkej\u00e4 k\u00e4ytt\u00e4mist\u00e4mme kolmannen osapuolen ty\u00f6kaluista:<\/strong><\/p>\n\n\n\n<ul class=\"wp-block-list\">\n<li><strong>Google Analytics <\/strong>\u2013 verkkoanalytiikka IP-anonymisoinnilla (lis\u00e4tietoja: <a href=\"https:\/\/www.google.com\/analytics\/learn\/privacy.html\" target=\"_blank\" rel=\"noreferrer noopener\">Googlen <\/a><a href=\"https:\/\/www.google.com\/analytics\/learn\/privacy.html\" target=\"_blank\" rel=\"noreferrer noopener\"><\/a><a href=\"https:\/\/www.google.com\/analytics\/learn\/privacy.html\" target=\"_blank\" rel=\"noreferrer noopener\">tietosuoja <\/a><a href=\"https:\/\/www.google.com\/analytics\/learn\/privacy.html\" target=\"_blank\" rel=\"noreferrer noopener\"><\/a>).<\/li>\n\n\n\n<li><strong>Iovation <\/strong>\u2013 navigointik\u00e4ytt\u00e4ytymisen analysointi (tiedot: <a href=\"https:\/\/www.iovation.com\/legal\/privacy\" target=\"_blank\" rel=\"noreferrer noopener\">Iovation Tietosuoja <\/a>).<\/li>\n\n\n\n<li><strong>Google API <\/strong>:t \u2013 sovellusohjelmointirajapinnat toiminnallisuutta varten.<\/li>\n\n\n\n<li><strong>Googletagmanager.com <\/strong>\u2013 skriptikoodin hallinta.<\/li>\n<\/ul>\n\n\n\n<p><strong>Tietoturva<\/strong><\/p>\n\n\n\n<p>K\u00e4yt\u00e4mme teknisi\u00e4 ja organisatorisia toimenpiteit\u00e4 suojataksemme tietojasi luvattomalta k\u00e4yt\u00f6lt\u00e4, muuttamiselta, katoamiselta tai tuhoutumiselta. Huomaa kuitenkin, ett\u00e4 s\u00e4hk\u00f6posti ei ole t\u00e4ysin turvallinen, mink\u00e4 vuoksi suosittelemme luottamuksellisten tietojen l\u00e4hett\u00e4mist\u00e4 tavallisen postin v\u00e4lityksell\u00e4.<\/p>\n\n\n\n<p><strong>Keit\u00e4 me olemme ja miten meihin saa yhteyden<\/strong><\/p>\n\n\n\n<p>Jos haluat k\u00e4ytt\u00e4\u00e4 oikeuksiasi, ota yhteytt\u00e4 tietosuojavastaavaamme osoitteessa <strong>dpo@Qbet.com <\/strong>.<br>T\u00e4t\u00e4 k\u00e4yt\u00e4nt\u00f6\u00e4 koskevat kysymykset tai kommentit tulee l\u00e4hett\u00e4\u00e4 osoitteeseen <strong>support@Qbet.com <\/strong>.<\/p>\n\n\n\n<p><strong>Muutokset t\u00e4h\u00e4n tietosuojak\u00e4yt\u00e4nt\u00f6\u00f6n<\/strong><\/p>\n\n\n\n<p>P\u00e4ivit\u00e4mme t\u00e4t\u00e4 k\u00e4yt\u00e4nt\u00f6\u00e4 ajoittain. Muutokset julkaistaan t\u00e4ll\u00e4 sivulla ja sinulle ilmoitetaan niist\u00e4 s\u00e4hk\u00f6postitse tai viestill\u00e4. Sinulla on my\u00f6s mahdollisuus hyv\u00e4ksy\u00e4 olennaiset muutokset. Muutokset astuvat voimaan julkaisuhetkell\u00e4, ja jatkuva k\u00e4ytt\u00f6 merkitsee niiden hyv\u00e4ksymist\u00e4.<\/p>\n\n\n\n<p><strong>Versio 1.0 \u2013 Julkaistu: 01.01.2022<\/strong><\/p>\n<\/div>\n<\/div>\n","protected":false},"excerpt":{"rendered":"<p>Tietosuojak\u00e4yt\u00e4nt\u00f6 Tietosuoja- ja ev\u00e4stek\u00e4yt\u00e4nt\u00f6 Johdanto QBet Casino l\u00e4pin\u00e4kyvyys on meille eritt\u00e4in t\u00e4rke\u00e4\u00e4 ja otamme yksityisyytesi eritt\u00e4in vakavasti. Arvostamme, ett\u00e4 luotat [&hellip;]<\/p>\n","protected":false},"author":7,"featured_media":0,"parent":0,"menu_order":0,"comment_status":"closed","ping_status":"closed","template":"","meta":{"site-sidebar-layout":"default","site-content-layout":"","ast-site-content-layout":"default","site-content-style":"default","site-sidebar-style":"default","ast-global-header-display":"","ast-banner-title-visibility":"","ast-main-header-display":"","ast-hfb-above-header-display":"","ast-hfb-below-header-display":"","ast-hfb-mobile-header-display":"","site-post-title":"disabled","ast-breadcrumbs-content":"","ast-featured-img":"","footer-sml-layout":"","ast-disable-related-posts":"","theme-transparent-header-meta":"","adv-header-id-meta":"","stick-header-meta":"","header-above-stick-meta":"","header-main-stick-meta":"","header-below-stick-meta":"","astra-migrate-meta-layouts":"default","ast-page-background-enabled":"default","ast-page-background-meta":{"desktop":{"background-color":"var(--ast-global-color-5)","background-image":"","background-repeat":"repeat","background-position":"center center","background-size":"auto","background-attachment":"scroll","background-type":"","background-media":"","overlay-type":"","overlay-color":"","overlay-opacity":"","overlay-gradient":""},"tablet":{"background-color":"","background-image":"","background-repeat":"repeat","background-position":"center center","background-size":"auto","background-attachment":"scroll","background-type":"","background-media":"","overlay-type":"","overlay-color":"","overlay-opacity":"","overlay-gradient":""},"mobile":{"background-color":"","background-image":"","background-repeat":"repeat","background-position":"center center","background-size":"auto","background-attachment":"scroll","background-type":"","background-media":"","overlay-type":"","overlay-color":"","overlay-opacity":"","overlay-gradient":""}},"ast-content-background-meta":{"desktop":{"background-color":"var(--ast-global-color-4)","background-image":"","background-repeat":"repeat","background-position":"center center","background-size":"auto","background-attachment":"scroll","background-type":"","background-media":"","overlay-type":"","overlay-color":"","overlay-opacity":"","overlay-gradient":""},"tablet":{"background-color":"var(--ast-global-color-4)","background-image":"","background-repeat":"repeat","background-position":"center center","background-size":"auto","background-attachment":"scroll","background-type":"","background-media":"","overlay-type":"","overlay-color":"","overlay-opacity":"","overlay-gradient":""},"mobile":{"background-color":"var(--ast-global-color-4)","background-image":"","background-repeat":"repeat","background-position":"center center","background-size":"auto","background-attachment":"scroll","background-type":"","background-media":"","overlay-type":"","overlay-color":"","overlay-opacity":"","overlay-gradient":""}},"footnotes":""},"class_list":["post-254","page","type-page","status-publish","hentry"],"_links":{"self":[{"href":"https:\/\/qbet-se.com\/fi\/wp-json\/wp\/v2\/pages\/254","targetHints":{"allow":["GET"]}}],"collection":[{"href":"https:\/\/qbet-se.com\/fi\/wp-json\/wp\/v2\/pages"}],"about":[{"href":"https:\/\/qbet-se.com\/fi\/wp-json\/wp\/v2\/types\/page"}],"author":[{"embeddable":true,"href":"https:\/\/qbet-se.com\/fi\/wp-json\/wp\/v2\/users\/7"}],"replies":[{"embeddable":true,"href":"https:\/\/qbet-se.com\/fi\/wp-json\/wp\/v2\/comments?post=254"}],"version-history":[{"count":3,"href":"https:\/\/qbet-se.com\/fi\/wp-json\/wp\/v2\/pages\/254\/revisions"}],"predecessor-version":[{"id":494,"href":"https:\/\/qbet-se.com\/fi\/wp-json\/wp\/v2\/pages\/254\/revisions\/494"}],"wp:attachment":[{"href":"https:\/\/qbet-se.com\/fi\/wp-json\/wp\/v2\/media?parent=254"}],"curies":[{"name":"wp","href":"https:\/\/api.w.org\/{rel}","templated":true}]}}