{"id":220,"date":"2026-02-13T07:47:34","date_gmt":"2026-02-13T07:47:34","guid":{"rendered":"https:\/\/qbet-se.com\/?page_id=220"},"modified":"2026-03-31T02:33:36","modified_gmt":"2026-03-31T02:33:36","slug":"jeu-responsable","status":"publish","type":"page","link":"https:\/\/qbet-se.com\/fr\/jeu-responsable\/","title":{"rendered":"Jeu responsable"},"content":{"rendered":"\n<div class=\"wp-block-columns is-layout-flex wp-container-core-columns-is-layout-28f84493 wp-block-columns-is-layout-flex\">\n<div class=\"wp-block-column is-layout-flow wp-block-column-is-layout-flow\">\n<h2 class=\"wp-block-heading\">Jeu responsable<\/h2>\n\n\n\n<p>Notre jeu responsable<\/p>\n\n\n\n<p><strong>Notre engagement en faveur du jeu responsable<\/strong><\/p>\n\n\n\n<p>L&rsquo;une des valeurs fondamentales de <a href=\"https:\/\/qbet-se.com\/fr\/jeu-responsable\/\" data-type=\"page\" data-id=\"220\">Qbet Casino<\/a> est la transparence. Nous allons encore plus loin en vous fournissant des informations d\u00e9taill\u00e9es sur votre activit\u00e9 de jeu\u00a0: les montants mis\u00e9s, les gains et les pertes. C&rsquo;est pourquoi nous avons \u00e0 c\u0153ur de garantir que les jeux ne soient pas utilis\u00e9s de mani\u00e8re abusive et que nos clients jouent de fa\u00e7on responsable et transparente.<\/p>\n\n\n\n<p><strong>Comment jouer de mani\u00e8re responsable ?<\/strong><\/p>\n\n\n\n<ul class=\"wp-block-list\">\n<li>Consid\u00e9rez les jeux comme un divertissement, et non comme une source de revenus.<\/li>\n\n\n\n<li>Ne jouez jamais plus que ce que vous pouvez vous permettre de perdre. Utilisez des limites de d\u00e9p\u00f4t et de d\u00e9penses pour contr\u00f4ler vos d\u00e9penses.<\/li>\n\n\n\n<li>Ne cherchez pas \u00e0 rattraper vos pertes \u2013 cela conduit souvent \u00e0 des probl\u00e8mes.<\/li>\n\n\n\n<li>Suivez votre temps de jeu. Utilisez les limites de session pour contr\u00f4ler votre dur\u00e9e de connexion.<\/li>\n\n\n\n<li>\u00c9quilibrez les jeux vid\u00e9o avec d&rsquo;autres activit\u00e9s. Si les jeux vid\u00e9o deviennent votre seul divertissement, il est temps de vous demander si vous y prenez encore du plaisir.<\/li>\n\n\n\n<li>Faites des pauses r\u00e9guli\u00e8res. Jouer longtemps peut vous faire perdre la notion du temps et du sens des r\u00e9alit\u00e9s.<\/li>\n\n\n\n<li>Ne jouez pas sous l&rsquo;influence de l&rsquo;alcool, ni lorsque vous \u00eates contrari\u00e9 ou d\u00e9prim\u00e9 \u2013 cela alt\u00e8re votre jugement.<\/li>\n\n\n\n<li>R\u00e9fl\u00e9chissez au temps et \u00e0 l&rsquo;argent que vous consacrez aux jeux d&rsquo;argent. Vous pouvez suivre ces donn\u00e9es dans l&rsquo;historique de votre compte en ligne.<\/li>\n\n\n\n<li>Comprenez vos chances de gagner et le fonctionnement du produit.<\/li>\n\n\n\n<li>Si vous ressentez le besoin de parler \u00e0 quelqu&rsquo;un de votre probl\u00e8me de jeu, contactez un groupe de soutien pour les personnes d\u00e9pendantes au jeu.<\/li>\n<\/ul>\n\n\n\n<p><strong>Qu\u2019est-ce que le jeu pathologique&nbsp;?<\/strong><\/p>\n\n\n\n<p>Le jeu pathologique se caract\u00e9rise par une pratique excessive du jeu qui met en p\u00e9ril, perturbe ou nuit \u00e0 la vie familiale, aux relations personnelles ou aux loisirs. On d\u00e9crit souvent un joueur pathologique comme une personne qui a d\u00e9pens\u00e9 plus d&rsquo;argent et\/ou de temps au jeu qu&rsquo;elle ne peut se le permettre.<\/p>\n\n\n\n<p><strong>Signes avant-coureurs d&rsquo;un jeu probl\u00e9matique<\/strong><\/p>\n\n\n\n<ul class=\"wp-block-list\">\n<li>Vous d\u00e9pensez plus d&rsquo;argent et de temps au jeu que vous ne pouvez vous le permettre.<\/li>\n\n\n\n<li>Vous avez du mal \u00e0 arr\u00eater ou \u00e0 contr\u00f4ler votre pratique du jeu.<\/li>\n\n\n\n<li>Se disputer avec sa famille ou ses amis au sujet de l&rsquo;argent et des jeux d&rsquo;argent.<\/li>\n\n\n\n<li>Diminution de l&rsquo;envie d&rsquo;exercer les activit\u00e9s et les int\u00e9r\u00eats habituels.<\/li>\n\n\n\n<li>Vous pensez ou parlez sans cesse de jeux vid\u00e9o.<\/li>\n\n\n\n<li>Vous mentez ou vous cachez vos jeux d&rsquo;argent.<\/li>\n\n\n\n<li>Vous tentez de r\u00e9soudre vos probl\u00e8mes financiers en courant apr\u00e8s vos pertes ou en jouant.<\/li>\n\n\n\n<li>Vous jouez jusqu&rsquo;\u00e0 ce que tout l&rsquo;argent soit \u00e9puis\u00e9.<\/li>\n\n\n\n<li>Vous empruntez de l&rsquo;argent, vendez des biens ou ignorez vos factures pour financer vos jeux d&rsquo;argent.<\/li>\n\n\n\n<li>Il faut des enjeux plus \u00e9lev\u00e9s ou une dur\u00e9e de jeu plus longue pour obtenir la m\u00eame sensation forte.<\/li>\n\n\n\n<li>Le travail, les \u00e9tudes, la famille et les responsabilit\u00e9s en p\u00e2tissent.<\/li>\n\n\n\n<li>Sentiments d&rsquo;inqui\u00e9tude, de culpabilit\u00e9, de d\u00e9pression ou d&rsquo;irritabilit\u00e9.<\/li>\n<\/ul>\n\n\n\n<p><strong>Des outils qui aident<\/strong><\/p>\n\n\n\n<p>Conseils pratiques et solutions pour pr\u00e9venir les probl\u00e8mes. Les outils ci-dessous vous permettent de surveiller vous-m\u00eame si vous avez un probl\u00e8me et, si n\u00e9cessaire, de limiter ou d&rsquo;arr\u00eater votre pratique du jeu.<\/p>\n\n\n\n<p><strong>Limite de d\u00e9p\u00f4t<\/strong><\/p>\n\n\n\n<p>Les limites de d\u00e9p\u00f4t vous permettent de contr\u00f4ler le montant que vous pouvez d\u00e9poser par jour, semaine ou mois.<br>Une fois la limite atteinte, vous ne pouvez plus effectuer de d\u00e9p\u00f4t jusqu&rsquo;\u00e0 la r\u00e9initialisation de la p\u00e9riode. Vous pouvez toujours utiliser les autres services Qbet , notamment jouer avec les fonds disponibles sur votre compte.<\/p>\n\n\n\n<p><strong>Faites une pause<\/strong><\/p>\n\n\n\n<p>Si vous souhaitez faire une courte pause dans vos jeux et paris, vous pouvez choisir <strong>l&rsquo;option \u00ab&nbsp;Pause&nbsp;\u00bb <\/strong>de 72&nbsp;heures, 7&nbsp;jours ou 30&nbsp;jours.<br>Pendant cette pause, vous ne pouvez ni jouer ni parier, mais vous pouvez vous connecter pour retirer votre solde restant.<\/p>\n\n\n\n<p><strong>Autotest<\/strong><\/p>\n\n\n\n<p>Les Joueurs Anonymes proposent un test simple pour \u00e9valuer si votre pratique du jeu vous pose probl\u00e8me&nbsp;:<br><a href=\"http:\/\/www.gamblersanonymous.org\/ga\/content\/20-questions\" target=\"_blank\" rel=\"noopener\"><strong>www.gamblersanonymous.org\/ga\/content\/20-questions<\/strong><\/a><\/p>\n\n\n\n<p><strong>Auto-arr\u00eat<\/strong><\/p>\n\n\n\n<p>Connectez-vous \u00e0 votre compte Qbet , acc\u00e9dez aux param\u00e8tres du compte et s\u00e9lectionnez l&rsquo;option d&rsquo;auto-exclusion souhait\u00e9e.<\/p>\n\n\n\n<p><strong>Qui peut m&rsquo;aider ?<\/strong><\/p>\n\n\n\n<p>Si vous ou une personne de votre entourage avez un probl\u00e8me de jeu, n&rsquo;h\u00e9sitez pas \u00e0 demander de l&rsquo;aide. Reconna\u00eetre un probl\u00e8me est une preuve de courage, tout comme le fait de solliciter de l&rsquo;aide. Vous trouverez ci-dessous des organismes qui travaillent quotidiennement aupr\u00e8s de personnes confront\u00e9es \u00e0 des probl\u00e8mes li\u00e9s au jeu.<\/p>\n\n\n\n<p><strong>Organisations<\/strong><\/p>\n\n\n\n<p><strong>Gambling Therapy<\/strong><br><a href=\"http:\/\/www.gamblingtherapy.org\/\" target=\"_blank\" rel=\"noopener\">www.gamblingtherapy.org<\/a><br>Service mondial offrant des conseils pratiques et un soutien \u00e9motionnel gratuits \u00e0 toute personne touch\u00e9e par le jeu probl\u00e9matique.<\/p>\n\n\n\n<p><strong>Joueurs Anonymes<\/strong><br><a href=\"http:\/\/www.gamblersanonymous.org.uk\/\" target=\"_blank\" rel=\"noopener\">www.gamblersanonymous.org.uk<\/a><br>Forums, chat, ressources et \u2013 surtout \u2013 recherche de r\u00e9unions. Des r\u00e9unions ont lieu tous les jours de la semaine en Angleterre, au Pays de Galles et en Ulster.<\/p>\n\n\n\n<p><strong>Dunlewey Services<\/strong><br><strong>de traitement des d\u00e9pendances <\/strong><a href=\"http:\/\/www.dunlewey.org\/\" target=\"_blank\" rel=\"noopener\">www.dunlewey.org<\/a><br>Programme gratuit et confidentiel offrant du soutien psychologique et du mentorat aux personnes ayant des probl\u00e8mes de toxicomanie ou de jeu, que ce soit les leurs ou ceux d&rsquo;autrui.<\/p>\n\n\n\n<p><strong>Bloquer les sites de jeux<\/strong><\/p>\n\n\n\n<p><strong>Gamban.com<\/strong><br><a href=\"http:\/\/www.gamban.com\/\" target=\"_blank\" rel=\"noopener\">www.gamban.com<\/a><br>Si vous souhaitez bloquer l&rsquo;acc\u00e8s aux sites de jeux d&rsquo;argent, Gamban peut bloquer les applications et les sites web sur mobile, tablette et ordinateur.<\/p>\n\n\n\n<p><strong>Conseils en mati\u00e8re de dettes et de finances<\/strong><\/p>\n\n\n\n<p>Les jeux d&rsquo;argent peuvent parfois entra\u00eener des pr\u00eats impay\u00e9s ou des dettes de carte de cr\u00e9dit. Ne jouez pas pour tenter de r\u00e9soudre ces probl\u00e8mes. Des organismes peuvent vous aider \u00e0 \u00e9laborer un plan.<\/p>\n\n\n\n<p><strong>My Money Steps<\/strong><br><a href=\"http:\/\/www.mymoneysteps.org\/\" target=\"_blank\" rel=\"noopener\">www.mymoneysteps.org<\/a><br>vous propose diff\u00e9rentes options pour g\u00e9rer vos dettes et \u00e9labore un plan d&rsquo;action personnalis\u00e9.<\/p>\n\n\n\n<p><strong>Comment aider un ami<\/strong><\/p>\n\n\n\n<p><strong>Reconna\u00eetre les signes<\/strong><\/p>\n\n\n\n<p>Gardez ces points \u00e0 l&rsquo;esprit si vous soup\u00e7onnez qu&rsquo;un ami court un risque \u00e0 cause du jeu&nbsp;:<\/p>\n\n\n\n<ul class=\"wp-block-list\">\n<li><strong>L&rsquo;agitation : <\/strong>parler constamment pour gagner n&rsquo;est pas sain.<\/li>\n\n\n\n<li><strong>Tol\u00e9rance : <\/strong>Des enjeux de plus en plus \u00e9lev\u00e9s pour un m\u00eame plaisir.<\/li>\n\n\n\n<li><strong>Incapacit\u00e9 \u00e0 arr\u00eater : <\/strong>J&rsquo;ai essay\u00e9, mais j&rsquo;ai \u00e9chou\u00e9.<\/li>\n\n\n\n<li><strong>Irritabilit\u00e9 : <\/strong>S&rsquo;\u00e9nerve s&rsquo;il ne peut pas jouer.<\/li>\n\n\n\n<li><strong>\u00c9vasion : <\/strong>Utilise les jeux pour \u00e9chapper aux probl\u00e8mes \u00e0 la maison ou au travail.<\/li>\n\n\n\n<li><strong>Poursuivre les pertes : <\/strong>tenter de r\u00e9cup\u00e9rer son argent.<\/li>\n\n\n\n<li><strong>Cache-cache : <\/strong>Jeu d&rsquo;infiltration sur t\u00e9l\u00e9phone portable sous la table.<\/li>\n\n\n\n<li><strong>Emprunter de l&rsquo;argent : <\/strong>Demandez de l&rsquo;argent \u00e0 vos amis pour jouer.<\/li>\n\n\n\n<li><strong>Mentir : <\/strong>Dissimuler des pertes peut indiquer des probl\u00e8mes plus profonds.<\/li>\n<\/ul>\n\n\n\n<p><strong>Pensez-vous que vous ou quelqu&rsquo;un d&rsquo;autre avez un probl\u00e8me&nbsp;? Que faites-vous&nbsp;?<\/strong><\/p>\n\n\n\n<p>Si vous remarquez plusieurs signes chez un ami, engagez une conversation calme avec lui.<br>Un simple \u00ab&nbsp;J\u2019ai remarqu\u00e9 que tu joues beaucoup ces derniers temps, est-ce que \u00e7a va&nbsp;?&nbsp;\u00bb peut faire toute la diff\u00e9rence. Le soutien est essentiel. Consultez la section <strong>\u00ab&nbsp;Qui peut vous aider&nbsp;\u00bb <\/strong>pour savoir comment les contacter.<\/p>\n\n\n\n<p><strong>Prot\u00e9ger les mineurs<\/strong><\/p>\n\n\n\n<p>Nous n&rsquo;autorisons pas les enfants \u00e0 jouer, point final. Nous v\u00e9rifions l&rsquo;\u00e2ge de chaque client pour nous assurer qu&rsquo;il a plus de 18 ans et est donc l\u00e9galement autoris\u00e9 \u00e0 jouer.<br>Si nous ne pouvons pas confirmer l&rsquo;\u00e2ge par des v\u00e9rifications \u00e9lectroniques, nous bloquerons le compte et demanderons une preuve d&rsquo;\u00e2ge.<\/p>\n\n\n\n<p>Les enfants utilisent souvent les appareils de leurs parents, et il se peut que vous soyez connect\u00e9(e). Les entreprises de jeux vid\u00e9o et les parents doivent collaborer pour prot\u00e9ger les mineurs.<\/p>\n\n\n\n<p><strong>Conseils pour prot\u00e9ger les mineurs<\/strong><\/p>\n\n\n\n<ul class=\"wp-block-list\">\n<li>Gardez votre nom d&rsquo;utilisateur, votre mot de passe et les d\u00e9tails de votre d\u00e9p\u00f4t hors de port\u00e9e (ne les notez pas sur un post-it coll\u00e9 sur votre ordinateur).<\/li>\n\n\n\n<li>Ne sauvegardez pas vos mots de passe et n&rsquo;utilisez pas le remplissage automatique .<\/li>\n\n\n\n<li>D\u00e9connectez-vous toujours de votre compte Qbet si des enfants sont \u00e0 proximit\u00e9.<\/li>\n\n\n\n<li>Installez des filtres web, tels que NetNanny , pour bloquer les sites de jeux sur PC et mobile.<\/li>\n\n\n\n<li>Parlez \u00e0 vos enfants de la l\u00e9galit\u00e9 et des risques li\u00e9s aux jeux d&rsquo;argent chez les mineurs.<\/li>\n\n\n\n<li>Limitez le temps que vos enfants passent en ligne.<\/li>\n\n\n\n<li>Utilisez les fonctions de contr\u00f4le parental int\u00e9gr\u00e9es sur les appareils mobiles\/tablettes\/ordinateurs\/t\u00e9l\u00e9viseurs.<\/li>\n<\/ul>\n<\/div>\n<\/div>\n","protected":false},"excerpt":{"rendered":"<p>Jeu responsable Notre jeu responsable Notre engagement en faveur du jeu responsable L&rsquo;une des valeurs fondamentales de Qbet Casino est [&hellip;]<\/p>\n","protected":false},"author":7,"featured_media":0,"parent":0,"menu_order":0,"comment_status":"closed","ping_status":"closed","template":"","meta":{"site-sidebar-layout":"default","site-content-layout":"","ast-site-content-layout":"default","site-content-style":"default","site-sidebar-style":"default","ast-global-header-display":"","ast-banner-title-visibility":"","ast-main-header-display":"","ast-hfb-above-header-display":"","ast-hfb-below-header-display":"","ast-hfb-mobile-header-display":"","site-post-title":"disabled","ast-breadcrumbs-content":"","ast-featured-img":"","footer-sml-layout":"","ast-disable-related-posts":"","theme-transparent-header-meta":"","adv-header-id-meta":"","stick-header-meta":"","header-above-stick-meta":"","header-main-stick-meta":"","header-below-stick-meta":"","astra-migrate-meta-layouts":"default","ast-page-background-enabled":"default","ast-page-background-meta":{"desktop":{"background-color":"var(--ast-global-color-5)","background-image":"","background-repeat":"repeat","background-position":"center center","background-size":"auto","background-attachment":"scroll","background-type":"","background-media":"","overlay-type":"","overlay-color":"","overlay-opacity":"","overlay-gradient":""},"tablet":{"background-color":"","background-image":"","background-repeat":"repeat","background-position":"center center","background-size":"auto","background-attachment":"scroll","background-type":"","background-media":"","overlay-type":"","overlay-color":"","overlay-opacity":"","overlay-gradient":""},"mobile":{"background-color":"","background-image":"","background-repeat":"repeat","background-position":"center center","background-size":"auto","background-attachment":"scroll","background-type":"","background-media":"","overlay-type":"","overlay-color":"","overlay-opacity":"","overlay-gradient":""}},"ast-content-background-meta":{"desktop":{"background-color":"var(--ast-global-color-4)","background-image":"","background-repeat":"repeat","background-position":"center center","background-size":"auto","background-attachment":"scroll","background-type":"","background-media":"","overlay-type":"","overlay-color":"","overlay-opacity":"","overlay-gradient":""},"tablet":{"background-color":"var(--ast-global-color-4)","background-image":"","background-repeat":"repeat","background-position":"center center","background-size":"auto","background-attachment":"scroll","background-type":"","background-media":"","overlay-type":"","overlay-color":"","overlay-opacity":"","overlay-gradient":""},"mobile":{"background-color":"var(--ast-global-color-4)","background-image":"","background-repeat":"repeat","background-position":"center center","background-size":"auto","background-attachment":"scroll","background-type":"","background-media":"","overlay-type":"","overlay-color":"","overlay-opacity":"","overlay-gradient":""}},"footnotes":""},"class_list":["post-220","page","type-page","status-publish","hentry"],"_links":{"self":[{"href":"https:\/\/qbet-se.com\/fr\/wp-json\/wp\/v2\/pages\/220","targetHints":{"allow":["GET"]}}],"collection":[{"href":"https:\/\/qbet-se.com\/fr\/wp-json\/wp\/v2\/pages"}],"about":[{"href":"https:\/\/qbet-se.com\/fr\/wp-json\/wp\/v2\/types\/page"}],"author":[{"embeddable":true,"href":"https:\/\/qbet-se.com\/fr\/wp-json\/wp\/v2\/users\/7"}],"replies":[{"embeddable":true,"href":"https:\/\/qbet-se.com\/fr\/wp-json\/wp\/v2\/comments?post=220"}],"version-history":[{"count":2,"href":"https:\/\/qbet-se.com\/fr\/wp-json\/wp\/v2\/pages\/220\/revisions"}],"predecessor-version":[{"id":500,"href":"https:\/\/qbet-se.com\/fr\/wp-json\/wp\/v2\/pages\/220\/revisions\/500"}],"wp:attachment":[{"href":"https:\/\/qbet-se.com\/fr\/wp-json\/wp\/v2\/media?parent=220"}],"curies":[{"name":"wp","href":"https:\/\/api.w.org\/{rel}","templated":true}]}}