{"id":238,"date":"2025-09-09T05:27:38","date_gmt":"2025-09-09T05:27:38","guid":{"rendered":"https:\/\/qbet-se.com\/?page_id=238"},"modified":"2026-03-31T02:34:40","modified_gmt":"2026-03-31T02:34:40","slug":"conditions-de-bonus","status":"publish","type":"page","link":"https:\/\/qbet-se.com\/fr\/conditions-de-bonus\/","title":{"rendered":"Conditions de bonus"},"content":{"rendered":"\n<div class=\"wp-block-columns is-layout-flex wp-container-core-columns-is-layout-28f84493 wp-block-columns-is-layout-flex\">\n<div class=\"wp-block-column is-layout-flow wp-block-column-is-layout-flow\">\n<h2 class=\"wp-block-heading\" id=\"h-bonusvillkor\">Conditions de bonus<\/h2>\n\n\n\n<p><strong>Conditions g\u00e9n\u00e9rales des bonus<\/strong><\/p>\n\n\n\n<p><strong>Conditions g\u00e9n\u00e9rales des bonus de casino<\/strong><\/p>\n\n\n\n<p>Tous les bonus offerts par <a href=\"https:\/\/qbet-se.com\/fr\/\" data-type=\"page\" data-id=\"185\">QBet Casino<\/a> ne peuvent \u00eatre r\u00e9clam\u00e9s qu&rsquo;une seule fois par personne\/compte, famille, foyer, adresse, adresse e-mail, carte de cr\u00e9dit, appareil, adresse IP ou environnement o\u00f9 les ordinateurs sont partag\u00e9s (universit\u00e9, \u00e9cole, lieu de travail, biblioth\u00e8que, etc.).<\/p>\n\n\n\n<p>Si une campagne ou une promotion exige un d\u00e9p\u00f4t admissible, celui-ci doit \u00eatre effectu\u00e9 en une seule transaction&nbsp;; les d\u00e9p\u00f4ts multiples ne sont pas pris en compte.<\/p>\n\n\n\n<p>Les offres bonus envoy\u00e9es par e-mail, SMS ou autres canaux sont personnelles et ne s&rsquo;appliquent qu&rsquo;au destinataire auquel QBet a envoy\u00e9 l&rsquo;offre.<\/p>\n\n\n\n<p>Chaque bonus QBet est valable pour une p\u00e9riode promotionnelle sp\u00e9cifique et doit \u00eatre utilis\u00e9 durant cette p\u00e9riode. Les bonus non utilis\u00e9s expireront.<\/p>\n\n\n\n<p>Pour b\u00e9n\u00e9ficier d&rsquo;un bonus QBet , vos informations personnelles doivent \u00eatre exactes et \u00e0 jour. QBet se r\u00e9serve le droit d&rsquo;annuler les bonus et les gains associ\u00e9s aux comptes comportant des informations incorrectes.<\/p>\n\n\n\n<p>Les bonus ne peuvent \u00eatre cumul\u00e9s avec d&rsquo;autres promotions ni utilis\u00e9s simultan\u00e9ment, sauf mention contraire expresse.<\/p>\n\n\n\n<p>Les bonus issus des promotions de casino sont valables uniquement sur les machines \u00e0 sous. Les mises sur les jeux de table, le vid\u00e9o poker ou d&rsquo;autres cat\u00e9gories de jeux ne sont pas prises en compte pour le calcul des conditions de mise.<\/p>\n\n\n\n<p>F\u00f6ljande slots \u00e4r Jeux bonus : Deep Rush, Aviator, 9 Lions, Plinko, Lil Devil, Triple Cash or Crash, London Tube, Wild Swarm, Take the Shot, Scrooge, Dwarfs <strong>Fortune, Butterfly Lovers, Money Cart 4, Tomb Raider \u2013 Secret of the Sword, Hot 777, Space XY, Lines, 9 Burning Stars, Babylon Riches, Gem Saviour, Bison Battle, Dragon&rsquo;s Crash, Black Horse Cash Out Edition, Limbo, African Spirit Sticky Wilds, Hood vs Wolf, Savage Jungle, The Wish Master Megaways , Football Mania Deluxe, Mice &amp; Magic Wonder Spin, Beautiful Bones, WBC Ring of Riches, Telly Reels, Fruit Mania Deluxe, Tiki Tumble, The Perfect Heist, Cool Buck, Beach Invaders, Money Cart, Monsters Unchained, Pushy Cats, Wild Heart, Siren&rsquo;s Riches, Plinko, Ishtar Power Zones, Blaze of Ra, Razor Shark 1000X BUSTA, Legion Hot 1, Robin \u2013 Nottingham Raiders, Spina Colada, Towering Pays Valhalla, Hammer of Gods, 100 Bit Dice, Vikings go to Hell, Vikings go Berzerk , Hunters Moon Gigablox , Return of the Valkyrie, Ancient Eclipse, Robin \u2013 Sherwood Marauders, Cauldron, The Hot Offer, Spaceman, 5 Families, Double Dragons, Alchymedes , Ozwins Jackpots, Tut&rsquo;s Twister, Wolf Hunters, Dark Vortex, Baron Samedi, Football Glory, Atlantean Gigarise , Frost Queen Jackpots, Royal Family, Take Santa&rsquo;s Shop, Take Olympus, Take the Kingdom, Knockout Football, Marvelous Furlongs, Presto!, Fruit Mania, Fruit Mania, Hula Magic, Xi You Ji, Ancients Blessing, Arcade Bomb, Atlantis, Aurum Codex, Aztec Spins , Beriched Betty, Boris et Boo, Blood Suckers, Book of 99, Cash Ultimate, Crown of Valor, Dead or Alive 2, Dead or Alive, Diamond Blitz, Dragon&rsquo;s Fire Infinireels , Dragon&rsquo;s Fire Megaways , Dwarfs Gone Wild, EggOMatic , Eye of the Kraken, Fa Fa Babies, Forever 7&rsquo;s, Frequent Flyer, Gems Gone Wild Power Reels, Get The Gold InfiniReels , Gods of Troy, Golden Lotus, Golden Tsar, Harle Coin, Hellcatraz , Secrets of Atlantis, Hoard of Poseidon, Hotline, Jack Hammer 2: Fishy Business, Jewel Scarabs, Knight Rider, Lion&rsquo;s Hoard, Lucky Fridays, Magikspell , Mahjong 88, Marching Legions, Money Cart 2, Multiplier Riches, Three Musketeers, Mystery Joker 6000, Night Roller, Pearls of India, Piggy Pirates, Primate King, Rage of the Seas, Rage to Riches, RA&rsquo;s Legend, Reel Heist, Reel Keeper, Reptizillions Power Reels, Riddle of the Sphinx, Chaos Crew, Mines, Coins, Boxes, Agent 51, Age of Dragons, Age of Huracan, Bangkok Dreams, Blazing Bull, Blazing Bull 2, Caribbean Anne, Caribbean Anne 2, Cosmic Charms, Crystal Cavern, Dino Odyssey, Finnegan&rsquo;s Formula, Firedrake&rsquo;s Fortune, Goblins &amp; Gemstones, Hong Bao, Jewels of Jupiter, Joker Times Xmas, Maui Millions, Midas Treasure, Monkey God, Pyro Pixie, Holmes: Reel Detective, Sky Hunters, Tree of Gold, Zombie Queen, Solar King, Solar Queen, Solar Temple, Egypt King, Kochbuch , Rome: The Golden Age, Royal Gems, Sea Hunter, Serengeti Kings, Spin Town, Street Fighter II: The World Warrior Slot, Super Striker, The Wisecracker Lightning, Three Musketeers, Tower Quest, Viking Runecraft, Snakes and Ladders Megadice , Jungle Gorilla, Cash Elevator, 3 Kingdoms \u2013 Battle of Red Cliffs, Gold Train, Dragon Kingdom \u2013 Eyes of Fire, Well of Wishes, White Rabbit Megaways , Wilderland , Wild Expedition, Wild Hot Chilli Reels, Wild O&rsquo;Clock , Win Escalator, Scrooge, Larry the Leprechaun, Hot 777 Deluxe, 11 Champions, Fruit Mania, Cool Buck, Black Horse Deluxe, Take The Bank, Tomb Raider \u2013 Secret of the Sword, Plinko 2, Money Cart 3, Beautiful Bones, Midnight Thirst, 11 Champions.<\/strong><\/p>\n\n\n\n<p>Lorsqu&rsquo;on joue avec des fonds bonus, il est interdit d&rsquo;utiliser la fonction <strong>d&rsquo;achat de fonctionnalit\u00e9s <\/strong>dans les machines \u00e0 sous o\u00f9 celle-ci est propos\u00e9e.<\/p>\n\n\n\n<p>QBet se r\u00e9serve le droit de&nbsp;:<\/p>\n\n\n\n<ul class=\"wp-block-list\">\n<li>perdre le bonus accord\u00e9 et tous les gains qui en d\u00e9coulent, et\/ou<\/li>\n\n\n\n<li>r\u00e9voquer ou refuser une prime, et\/ou bloquer l&rsquo;acc\u00e8s \u00e0 certains produits, et\/ou<\/li>\n\n\n\n<li>Exclure le joueur des promotions futures et\/ou fermer imm\u00e9diatement son compte.<\/li>\n<\/ul>\n\n\n\n<p>QBet peut consulter votre historique de jeu et votre utilisation des bonus \u00e0 tout moment. En cas d&rsquo;abus, les bonus et les gains peuvent \u00eatre confisqu\u00e9s et le compte cl\u00f4tur\u00e9.<\/p>\n\n\n\n<p>Votre d\u00e9p\u00f4t initial est toujours utilis\u00e9 en premier. Seuls les jeux utilisant de l&rsquo;argent bonus contribuent aux conditions de mise. Les gains issus de bonus sont consid\u00e9r\u00e9s comme un bonus et ne peuvent \u00eatre retir\u00e9s tant que les conditions de mise n&rsquo;ont pas \u00e9t\u00e9 remplies.<\/p>\n\n\n\n<p>Si vous annulez le bonus ou les tours gratuits , vous perdrez \u00e0 la fois le bonus\/ les tours et tous les gains associ\u00e9s.<\/p>\n\n\n\n<p>Les gains issus des tours gratuits ou des bonus sans d\u00e9p\u00f4t ne peuvent exc\u00e9der <strong>100 \u20ac <\/strong>(ou l&rsquo;\u00e9quivalent). Tout montant exc\u00e9dentaire sera annul\u00e9.<\/p>\n\n\n\n<p>Montants maximums des gains&nbsp;:<\/p>\n\n\n\n<ul class=\"wp-block-list\">\n<li>NOK : 1 000 NOK<\/li>\n\n\n\n<li>EUR : 100 \u20ac<\/li>\n\n\n\n<li>CAD : 100 CAD<\/li>\n<\/ul>\n\n\n\n<p>Si les conditions de mise ne sont pas remplies dans les d\u00e9lais impartis, le bonus et tous les gains seront annul\u00e9s.<\/p>\n\n\n\n<p>QBet se r\u00e9serve le droit de modifier, suspendre ou interrompre les promotions sans pr\u00e9avis.<br>En cas de litige, la version anglaise des conditions g\u00e9n\u00e9rales pr\u00e9vaudra.<\/p>\n\n\n\n<p><strong>de d\u00e9p\u00f4t\/ recharge<\/strong><\/p>\n\n\n\n<p>de recharge ou de d\u00e9p\u00f4t peuvent \u00eatre offerts r\u00e9guli\u00e8rement. Lors d&rsquo;un d\u00e9p\u00f4t admissible, votre d\u00e9p\u00f4t sera major\u00e9 d&rsquo;un certain pourcentage jusqu&rsquo;\u00e0 un montant sp\u00e9cifi\u00e9.<\/p>\n\n\n\n<ul class=\"wp-block-list\">\n<li>Les bonus de casino allant jusqu&rsquo;\u00e0 <strong>100 % <\/strong>sont soumis \u00e0 une condition de mise de <strong>40 fois <\/strong>le montant du bonus.<\/li>\n\n\n\n<li>Les bonus de casino de <strong>101 % et plus <\/strong>sont soumis \u00e0 une condition de mise de <strong>50 fois <\/strong>le montant du bonus.<\/li>\n<\/ul>\n\n\n\n<p>Un seul bonus peut \u00eatre actif \u00e0 la fois. Les bonus de d\u00e9p\u00f4t ne sont pas cumulables.<br>Sauf indication contraire, tous les bonus de d\u00e9p\u00f4t expirent apr\u00e8s <strong>30 jours <\/strong>.<\/p>\n\n\n\n<p>Seuls les paris effectu\u00e9s avec l&rsquo;argent du bonus sont pris en compte pour le calcul des conditions de mise.<br>Les joueurs peuvent annuler leur bonus \u00e0 tout moment et retirer le solde restant.<\/p>\n\n\n\n<p>Mise maximale pendant le roulement : <strong>4 \u20ac ou 0,4 \u20ac par ligne.<\/strong><\/p>\n\n\n\n<p>Une fois le bonus de d\u00e9p\u00f4t activ\u00e9, les fonds d\u00e9pos\u00e9s et le bonus doivent \u00eatre utilis\u00e9s sur les machines \u00e0 sous . Les gains issus des fonctionnalit\u00e9s activ\u00e9es avec les fonds bonus mais termin\u00e9es apr\u00e8s l&rsquo;expiration de ce dernier seront annul\u00e9s.<\/p>\n\n\n\n<p>Utiliser les bonus simplement pour \u00ab jouer \u00bb les valeurs dans les jeux bonus peut annuler les gains.<\/p>\n\n\n\n<p>Les conditions g\u00e9n\u00e9rales des bonus de casino s&rsquo;appliquent.<\/p>\n\n\n\n<p><strong>Tours gratuits<\/strong><\/p>\n\n\n\n<p>gratuits sont des jeux gratuits parfois propos\u00e9s.<\/p>\n\n\n\n<ul class=\"wp-block-list\">\n<li>Sauf indication contraire, les tours gratuits sont limit\u00e9s \u00e0 un jeu sp\u00e9cifique.<\/li>\n\n\n\n<li>Elles se jouent toujours avec la mise sp\u00e9cifi\u00e9e dans l&rsquo;offre.<\/li>\n\n\n\n<li>Les gains issus des tours gratuits sont soumis \u00e0 une condition de mise de <strong>35x <\/strong>, sauf indication contraire.<\/li>\n<\/ul>\n\n\n\n<p>Des <a href=\"https:\/\/qbet-se.com\/fr\/termes-et-conditions\/\" data-type=\"page\" data-id=\"276\">conditions g\u00e9n\u00e9rales s<\/a>&lsquo;appliquent en cas de r\u00e8gles de bonus non sp\u00e9cifiques.<\/p>\n\n\n\n<p><strong>Version 04, 08.08.2025<\/strong><\/p>\n<\/div>\n<\/div>\n","protected":false},"excerpt":{"rendered":"<p>Conditions de bonus Conditions g\u00e9n\u00e9rales des bonus Conditions g\u00e9n\u00e9rales des bonus de casino Tous les bonus offerts par QBet Casino [&hellip;]<\/p>\n","protected":false},"author":7,"featured_media":0,"parent":0,"menu_order":0,"comment_status":"closed","ping_status":"closed","template":"","meta":{"site-sidebar-layout":"default","site-content-layout":"","ast-site-content-layout":"default","site-content-style":"default","site-sidebar-style":"default","ast-global-header-display":"","ast-banner-title-visibility":"","ast-main-header-display":"","ast-hfb-above-header-display":"","ast-hfb-below-header-display":"","ast-hfb-mobile-header-display":"","site-post-title":"disabled","ast-breadcrumbs-content":"","ast-featured-img":"","footer-sml-layout":"","ast-disable-related-posts":"","theme-transparent-header-meta":"","adv-header-id-meta":"","stick-header-meta":"","header-above-stick-meta":"","header-main-stick-meta":"","header-below-stick-meta":"","astra-migrate-meta-layouts":"default","ast-page-background-enabled":"default","ast-page-background-meta":{"desktop":{"background-color":"var(--ast-global-color-5)","background-image":"","background-repeat":"repeat","background-position":"center center","background-size":"auto","background-attachment":"scroll","background-type":"","background-media":"","overlay-type":"","overlay-color":"","overlay-opacity":"","overlay-gradient":""},"tablet":{"background-color":"","background-image":"","background-repeat":"repeat","background-position":"center center","background-size":"auto","background-attachment":"scroll","background-type":"","background-media":"","overlay-type":"","overlay-color":"","overlay-opacity":"","overlay-gradient":""},"mobile":{"background-color":"","background-image":"","background-repeat":"repeat","background-position":"center center","background-size":"auto","background-attachment":"scroll","background-type":"","background-media":"","overlay-type":"","overlay-color":"","overlay-opacity":"","overlay-gradient":""}},"ast-content-background-meta":{"desktop":{"background-color":"var(--ast-global-color-4)","background-image":"","background-repeat":"repeat","background-position":"center center","background-size":"auto","background-attachment":"scroll","background-type":"","background-media":"","overlay-type":"","overlay-color":"","overlay-opacity":"","overlay-gradient":""},"tablet":{"background-color":"var(--ast-global-color-4)","background-image":"","background-repeat":"repeat","background-position":"center center","background-size":"auto","background-attachment":"scroll","background-type":"","background-media":"","overlay-type":"","overlay-color":"","overlay-opacity":"","overlay-gradient":""},"mobile":{"background-color":"var(--ast-global-color-4)","background-image":"","background-repeat":"repeat","background-position":"center center","background-size":"auto","background-attachment":"scroll","background-type":"","background-media":"","overlay-type":"","overlay-color":"","overlay-opacity":"","overlay-gradient":""}},"footnotes":""},"class_list":["post-238","page","type-page","status-publish","hentry"],"_links":{"self":[{"href":"https:\/\/qbet-se.com\/fr\/wp-json\/wp\/v2\/pages\/238","targetHints":{"allow":["GET"]}}],"collection":[{"href":"https:\/\/qbet-se.com\/fr\/wp-json\/wp\/v2\/pages"}],"about":[{"href":"https:\/\/qbet-se.com\/fr\/wp-json\/wp\/v2\/types\/page"}],"author":[{"embeddable":true,"href":"https:\/\/qbet-se.com\/fr\/wp-json\/wp\/v2\/users\/7"}],"replies":[{"embeddable":true,"href":"https:\/\/qbet-se.com\/fr\/wp-json\/wp\/v2\/comments?post=238"}],"version-history":[{"count":2,"href":"https:\/\/qbet-se.com\/fr\/wp-json\/wp\/v2\/pages\/238\/revisions"}],"predecessor-version":[{"id":502,"href":"https:\/\/qbet-se.com\/fr\/wp-json\/wp\/v2\/pages\/238\/revisions\/502"}],"wp:attachment":[{"href":"https:\/\/qbet-se.com\/fr\/wp-json\/wp\/v2\/media?parent=238"}],"curies":[{"name":"wp","href":"https:\/\/api.w.org\/{rel}","templated":true}]}}