{"id":251,"date":"2025-09-09T05:28:39","date_gmt":"2025-09-09T05:28:39","guid":{"rendered":"https:\/\/qbet-se.com\/?page_id=251"},"modified":"2026-03-31T02:35:15","modified_gmt":"2026-03-31T02:35:15","slug":"politique-de-confidentialite","status":"publish","type":"page","link":"https:\/\/qbet-se.com\/fr\/politique-de-confidentialite\/","title":{"rendered":"Politique de confidentialit\u00e9"},"content":{"rendered":"\n<div class=\"wp-block-columns is-layout-flex wp-container-core-columns-is-layout-28f84493 wp-block-columns-is-layout-flex\">\n<div class=\"wp-block-column is-layout-flow wp-block-column-is-layout-flow\">\n<h2 class=\"wp-block-heading\" id=\"h-integritetspolicy\">Politique de confidentialit\u00e9<\/h2>\n\n\n\n<p><strong>Politique de protection des donn\u00e9es et de cookies<\/strong><\/p>\n\n\n\n<p><strong>Introduction<\/strong><\/p>\n\n\n\n<p>Chez <a href=\"https:\/\/qbet-se.com\/fr\/\" data-type=\"page\" data-id=\"185\">Qbet Casino<\/a>, la transparence est primordiale et nous prenons votre vie priv\u00e9e tr\u00e8s au s\u00e9rieux. Nous sommes conscients de la confiance que vous nous accordez en nous confiant vos informations personnelles et souhaitons vous informer clairement de leur utilisation.<br>La pr\u00e9sente Politique de confidentialit\u00e9 explique comment et pourquoi nous collectons vos informations personnelles via notre site web <strong>www.Qbet.com <\/strong>et toutes ses variantes, y compris nos applications mobiles (le \u00ab\u00a0Site web\u00a0\u00bb), pourquoi elles sont collect\u00e9es et comment elles sont prot\u00e9g\u00e9es. Nous avons mis en place des mesures de s\u00e9curit\u00e9 pour vos informations personnelles et les traitons conform\u00e9ment \u00e0 la l\u00e9gislation applicable en mati\u00e8re de protection des donn\u00e9es.<br>Cette Politique d\u00e9crit la mani\u00e8re dont nous g\u00e9rons vos informations personnelles et s&rsquo;applique \u00e0 l&rsquo;entreprise exploitant www.Qbet.com, ci-apr\u00e8s d\u00e9nomm\u00e9e \u00ab\u00a0Nous\u00a0\u00bb, \u00ab\u00a0Notre\u00a0\u00bb ou \u00ab\u00a0Nos\u00a0\u00bb.<\/p>\n\n\n\n<p><strong>Quelles informations recueillons-nous aupr\u00e8s de vous&nbsp;?<\/strong><\/p>\n\n\n\n<p><strong>Informations que vous vous fournissez vous-m\u00eame<\/strong><\/p>\n\n\n\n<p>Nous recueillons les informations que vous nous fournissez volontairement lorsque vous utilisez nos services, par exemple lors de votre inscription en tant que client Qbet . Les informations requises d\u00e9pendent des fonctionnalit\u00e9s du service, mais vous ne pouvez pas cr\u00e9er de compte sans fournir les \u00e9l\u00e9ments suivants&nbsp;:<\/p>\n\n\n\n<ul class=\"wp-block-list\">\n<li>Coordonn\u00e9es : nom, pr\u00e9nom, adresse, \u00e2ge, date de naissance, sexe, adresse e-mail, num\u00e9ro de t\u00e9l\u00e9phone et code postal.<\/li>\n\n\n\n<li>Informations financi\u00e8res&nbsp;: pour traiter les paiements en ligne, nous collectons vos coordonn\u00e9es bancaires et l\u2019historique de vos transactions, telles que les d\u00e9p\u00f4ts et les retraits effectu\u00e9s sur votre compte chez nous.<\/li>\n<\/ul>\n\n\n\n<p>De plus, les lois anti-blanchiment d&rsquo;argent nous obligent \u00e0 demander des documents suppl\u00e9mentaires, tels qu&rsquo;une pi\u00e8ce d&rsquo;identit\u00e9 avec photo, des informations sur l&rsquo;origine des fonds, une facture d&rsquo;\u00e9lectricit\u00e9 ou un document similaire.<\/p>\n\n\n\n<p><strong>Donn\u00e9es tierces<\/strong><\/p>\n\n\n\n<p>Nous pouvons combiner les informations que nous recueillons aupr\u00e8s de vous avec les donn\u00e9es que nous recevons d&rsquo;autres sources, telles que des bases de donn\u00e9es publiques, des fournisseurs de donn\u00e9es d\u00e9mographiques ou des soci\u00e9t\u00e9s sp\u00e9cialis\u00e9es dans le KYC ( Know Your Customer ). Ton (Client ). Ces informations ne sont collect\u00e9es que lorsque cela est n\u00e9cessaire pour nous conformer \u00e0 nos obligations r\u00e9glementaires.<\/p>\n\n\n\n<p><strong>Donn\u00e9es collect\u00e9es automatiquement<\/strong><\/p>\n\n\n\n<p>Nous et nos fournisseurs tiers pouvons collecter automatiquement des informations \u00e0 partir de votre appareil de plusieurs mani\u00e8res, notamment&nbsp;:<\/p>\n\n\n\n<ul class=\"wp-block-list\">\n<li>Via navigateur ou appareil&nbsp;: adresse IP, type d\u2019appareil, langue, type de navigateur.<\/li>\n\n\n\n<li>Lors de l&rsquo;utilisation de l&rsquo;application&nbsp;: lorsque vous t\u00e9l\u00e9chargez et utilisez nos applications, nous pouvons enregistrer la date et l&rsquo;heure de connexion au serveur ainsi que les fichiers et informations t\u00e9l\u00e9charg\u00e9s.<\/li>\n<\/ul>\n\n\n\n<p>Pour plus de d\u00e9tails sur les cookies, consultez notre <strong>Politique relative aux cookies <\/strong>.<\/p>\n\n\n\n<p><strong>Comment utilisons-nous vos donn\u00e9es personnelles ?<\/strong><\/p>\n\n\n\n<p>Nous traitons vos donn\u00e9es personnelles uniquement conform\u00e9ment \u00e0 la pr\u00e9sente politique de confidentialit\u00e9. Les donn\u00e9es collect\u00e9es sont utilis\u00e9es pour&nbsp;:<\/p>\n\n\n\n<ul class=\"wp-block-list\">\n<li>g\u00e9rer votre inscription, cr\u00e9er et maintenir votre compte (y compris les v\u00e9rifications d&rsquo;\u00e2ge et de fraude)&nbsp;;<\/li>\n\n\n\n<li>administrer les Jeux auxquels vous participez, vous informer des gains ou des bonus&nbsp;;<\/li>\n\n\n\n<li>fournir, am\u00e9liorer et personnaliser nos services et analyser leur utilisation&nbsp;;<\/li>\n\n\n\n<li>veiller \u00e0 ce que le site Web soit pr\u00e9sent\u00e9 de la meilleure fa\u00e7on possible pour vous et votre appareil&nbsp;;<\/li>\n\n\n\n<li>vous envoyer des informations de service concernant votre compte et des communications marketing (si vous y avez consenti).<\/li>\n<\/ul>\n\n\n\n<p>Dans certains cas, les donn\u00e9es sont \u00e9galement utilis\u00e9es \u00e0 des fins de recherche, par exemple pour \u00e9valuer l&rsquo;exp\u00e9rience client, hi\u00e9rarchiser les fonctionnalit\u00e9s des produits ou analyser les campagnes.<\/p>\n\n\n\n<p>Nous ne vendons jamais vos informations personnelles \u00e0 des tiers et nous ne les partageons pas \u00e0 des fins de marketing sans votre consentement explicite. Vous pouvez modifier vos param\u00e8tres dans votre compte \u00e0 tout moment.<\/p>\n\n\n\n<p><strong>Avec qui partageons-nous vos informations ?<\/strong><\/p>\n\n\n\n<p>Vos donn\u00e9es personnelles peuvent \u00eatre partag\u00e9es avec&nbsp;:<\/p>\n\n\n\n<ul class=\"wp-block-list\">\n<li>Fournisseurs de services d&rsquo;appels et de SMS.<\/li>\n\n\n\n<li>Prestataires de paiement (pour g\u00e9rer les d\u00e9p\u00f4ts\/retraits).<\/li>\n\n\n\n<li>Partenaires en mati\u00e8re de lutte contre la fraude et de conformit\u00e9, avec des garanties contractuelles .<\/li>\n\n\n\n<li>Des partenaires qui am\u00e9liorent votre exp\u00e9rience utilisateur, uniquement avec votre consentement.<\/li>\n\n\n\n<li>Les autorit\u00e9s, les organismes de r\u00e9glementation ou les organisations sportives lorsque la loi l&rsquo;exige.<\/li>\n<\/ul>\n\n\n\n<p>Nous ne partageons jamais vos informations \u00e0 d&rsquo;autres fins sans votre autorisation, sauf si la loi l&rsquo;exige.<\/p>\n\n\n\n<p><strong>Combien de temps conservons-nous vos donn\u00e9es&nbsp;?<\/strong><\/p>\n\n\n\n<p>Nous ne conserverons vos informations que pendant la dur\u00e9e n\u00e9cessaire aux fins d\u00e9crites dans la pr\u00e9sente politique. Apr\u00e8s la fermeture de votre compte Qbet , nous ne conserverons les informations que dans la mesure n\u00e9cessaire au respect de nos obligations l\u00e9gales, notamment en mati\u00e8re de fiscalit\u00e9 et de lutte contre le blanchiment d&rsquo;argent, et au r\u00e8glement des litiges. Pour conna\u00eetre les dur\u00e9es de conservation applicables dans votre juridiction, veuillez nous contacter \u00e0 l&rsquo;adresse <strong>dpo@Qbet.com <\/strong>.<\/p>\n\n\n\n<p><strong>S\u00e9curit\u00e9, v\u00e9rifications d&rsquo;identit\u00e9 et pr\u00e9vention de la fraude<\/strong><\/p>\n\n\n\n<p>Pour votre s\u00e9curit\u00e9, nous vous informons lorsque vous vous connectez depuis un nouvel appareil. Nous recueillons des informations sur le type d&rsquo;appareil, son fabricant, son adresse IP, l&rsquo;horodatage, la r\u00e9solution, le fuseau horaire et le syst\u00e8me d&rsquo;exploitation. Cela nous permet de prot\u00e9ger votre compte.<\/p>\n\n\n\n<p>Qbet s\u2019efforce \u00e9galement activement de promouvoir l\u2019int\u00e9grit\u00e9 du sport et de pr\u00e9venir la manipulation de matchs par l\u2019interm\u00e9diaire de ses partenaires, notamment <strong>l\u2019International Betting Integrity Association (IBIA) <\/strong>.<\/p>\n\n\n\n<p>Nous pouvons \u00e9galement v\u00e9rifier votre identit\u00e9 aupr\u00e8s de tiers de confiance tels que <strong>SCHUFA (Allemagne) <\/strong>, <strong>GB Group (Royaume-Uni) <\/strong>et <strong>Iovation (\u00c9tats-Unis) <\/strong>. Veuillez noter qu&rsquo;il s&rsquo;agit uniquement d&rsquo;une v\u00e9rification d&rsquo;identit\u00e9&nbsp;; aucune v\u00e9rification de solvabilit\u00e9 n&rsquo;est effectu\u00e9e.<\/p>\n\n\n\n<p><strong>Vos droits<\/strong><\/p>\n\n\n\n<p>Vous avez le droit de&nbsp;:<\/p>\n\n\n\n<ul class=\"wp-block-list\">\n<li>demander gratuitement des informations sur les donn\u00e9es stock\u00e9es, leur origine, leurs destinataires et leur finalit\u00e9&nbsp;;<\/li>\n\n\n\n<li>demander la correction, le compl\u00e9ment, la suppression ou la portabilit\u00e9 des donn\u00e9es&nbsp;;<\/li>\n\n\n\n<li>s&rsquo;opposer au traitement, y compris au profilage ;<\/li>\n\n\n\n<li>retirer son consentement ;<\/li>\n\n\n\n<li>D\u00e9poser une plainte aupr\u00e8s d&rsquo;une autorit\u00e9 de contr\u00f4le (notre principal organisme est <strong>l&rsquo;Office de l&rsquo;information et de la protection des donn\u00e9es). Commissaire <\/strong>).<\/li>\n<\/ul>\n\n\n\n<p>Certaines exceptions s&rsquo;appliquent, par exemple si la divulgation r\u00e9v\u00e9lerait des informations concernant une autre personne ou lorsque la loi nous oblige \u00e0 conserver des informations.<\/p>\n\n\n\n<p><strong>Contenu externe et cookies<\/strong><\/p>\n\n\n\n<p>Nous utilisons activement du contenu JavaScript provenant de fournisseurs externes. Cela peut impliquer le traitement de donn\u00e9es en dehors de l&rsquo;UE. Vous pouvez emp\u00eacher cela, par exemple, en utilisant <strong>l&rsquo; <\/strong>extension NoScript ou en d\u00e9sactivant JavaScript (certaines fonctionnalit\u00e9s pourraient toutefois \u00eatre limit\u00e9es).<\/p>\n\n\n\n<p>Nous utilisons \u00e9galement des cookies sur le site web, dans les applications et les newsletters. Les cookies sont de petits fichiers texte stock\u00e9s sur votre appareil et pouvant contenir certaines informations (par exemple, l&rsquo;adresse IP, le syst\u00e8me d&rsquo;exploitation, les pages visit\u00e9es).<\/p>\n\n\n\n<p>Vous pouvez choisir d&rsquo;accepter, de refuser ou d&rsquo;approuver les cookies au cas par cas dans votre navigateur. Nous vous recommandons d&rsquo;accepter nos cookies pour une exp\u00e9rience optimale.<\/p>\n\n\n\n<p><strong>Types de cookies que nous utilisons&nbsp;:<\/strong><\/p>\n\n\n\n<ul class=\"wp-block-list\">\n<li><strong>Cookies n\u00e9cessaires <\/strong>\u2013 indispensables au bon fonctionnement du site web.<\/li>\n\n\n\n<li><strong>Cookies de performance <\/strong>\u2013 mesurent le comportement pour am\u00e9liorer les fonctionnalit\u00e9s.<\/li>\n\n\n\n<li><strong>Cookies de fonctionnalit\u00e9 <\/strong>\u2013 m\u00e9morisent des choix tels que la langue et le nom d&rsquo;utilisateur.<\/li>\n\n\n\n<li><strong>Cookies publicitaires <\/strong>\u2013 permettent de diffuser du contenu cibl\u00e9 en fonction de vos centres d&rsquo;int\u00e9r\u00eat.<\/li>\n\n\n\n<li><strong>Cookies tiers <\/strong>\u2013 provenant de fournisseurs externes (r\u00e9gis par leurs politiques).<\/li>\n<\/ul>\n\n\n\n<p><strong>Exemples d&rsquo;outils tiers que nous utilisons&nbsp;:<\/strong><\/p>\n\n\n\n<ul class=\"wp-block-list\">\n<li><strong>Google Analytics <\/strong>\u2013 analyse web avec anonymisation de l&rsquo;adresse IP (plus d&rsquo;infos&nbsp;: <a href=\"https:\/\/www.google.com\/analytics\/learn\/privacy.html\" target=\"_blank\" rel=\"noreferrer noopener\">Confidentialit\u00e9 <\/a><a href=\"https:\/\/www.google.com\/analytics\/learn\/privacy.html\" target=\"_blank\" rel=\"noreferrer noopener\"><\/a><a href=\"https:\/\/www.google.com\/analytics\/learn\/privacy.html\" target=\"_blank\" rel=\"noreferrer noopener\">Google <\/a><a href=\"https:\/\/www.google.com\/analytics\/learn\/privacy.html\" target=\"_blank\" rel=\"noreferrer noopener\"><\/a>).<\/li>\n\n\n\n<li><strong>Iovation <\/strong>\u2013 analyse du comportement de navigation (info : <a href=\"https:\/\/www.iovation.com\/legal\/privacy\" target=\"_blank\" rel=\"noreferrer noopener\">Iovation) Confidentialit\u00e9 <\/a>).<\/li>\n\n\n\n<li><strong>API Google <\/strong>\u2013 interfaces de programmation d&rsquo;applications pour les fonctionnalit\u00e9s.<\/li>\n\n\n\n<li><strong>Googletagmanager.com <\/strong>\u2013 Gestion du code de script.<\/li>\n<\/ul>\n\n\n\n<p><strong>S\u00e9curit\u00e9 des donn\u00e9es<\/strong><\/p>\n\n\n\n<p>Nous mettons en \u0153uvre des mesures techniques et organisationnelles pour prot\u00e9ger vos donn\u00e9es contre tout acc\u00e8s, modification, perte ou destruction non autoris\u00e9s. Cependant, veuillez noter que le courrier \u00e9lectronique n&rsquo;est pas totalement s\u00e9curis\u00e9&nbsp;; c&rsquo;est pourquoi nous vous recommandons d&rsquo;envoyer les informations confidentielles par voie postale.<\/p>\n\n\n\n<p><strong>Qui sommes-nous et comment nous contacter<\/strong><\/p>\n\n\n\n<p>Pour exercer vos droits, veuillez contacter notre d\u00e9l\u00e9gu\u00e9 \u00e0 la protection des donn\u00e9es \u00e0 l&rsquo;adresse <strong>dpo@Qbet.com <\/strong>.<br>Pour toute question ou remarque concernant cette politique, veuillez \u00e9crire \u00e0 <strong>support@Qbet.com <\/strong>.<\/p>\n\n\n\n<p><strong>Modifications apport\u00e9es \u00e0 la pr\u00e9sente politique de confidentialit\u00e9<\/strong><\/p>\n\n\n\n<p>Nous mettons occasionnellement \u00e0 jour cette politique. Les modifications seront publi\u00e9es sur cette page et vous en serez inform\u00e9 par courriel ou message. Vous aurez \u00e9galement la possibilit\u00e9 d&rsquo;accepter les modifications importantes. Les modifications entreront en vigueur d\u00e8s leur publication et votre utilisation continue du service vaut acceptation.<\/p>\n\n\n\n<p><strong>Version 1.0 \u2013 Publi\u00e9e le&nbsp;: 01\/01\/2022<\/strong><\/p>\n<\/div>\n<\/div>\n","protected":false},"excerpt":{"rendered":"<p>Politique de confidentialit\u00e9 Politique de protection des donn\u00e9es et de cookies Introduction Chez Qbet Casino, la transparence est primordiale et [&hellip;]<\/p>\n","protected":false},"author":7,"featured_media":0,"parent":0,"menu_order":0,"comment_status":"closed","ping_status":"closed","template":"","meta":{"site-sidebar-layout":"default","site-content-layout":"","ast-site-content-layout":"default","site-content-style":"default","site-sidebar-style":"default","ast-global-header-display":"","ast-banner-title-visibility":"","ast-main-header-display":"","ast-hfb-above-header-display":"","ast-hfb-below-header-display":"","ast-hfb-mobile-header-display":"","site-post-title":"disabled","ast-breadcrumbs-content":"","ast-featured-img":"","footer-sml-layout":"","ast-disable-related-posts":"","theme-transparent-header-meta":"","adv-header-id-meta":"","stick-header-meta":"","header-above-stick-meta":"","header-main-stick-meta":"","header-below-stick-meta":"","astra-migrate-meta-layouts":"default","ast-page-background-enabled":"default","ast-page-background-meta":{"desktop":{"background-color":"var(--ast-global-color-5)","background-image":"","background-repeat":"repeat","background-position":"center center","background-size":"auto","background-attachment":"scroll","background-type":"","background-media":"","overlay-type":"","overlay-color":"","overlay-opacity":"","overlay-gradient":""},"tablet":{"background-color":"","background-image":"","background-repeat":"repeat","background-position":"center center","background-size":"auto","background-attachment":"scroll","background-type":"","background-media":"","overlay-type":"","overlay-color":"","overlay-opacity":"","overlay-gradient":""},"mobile":{"background-color":"","background-image":"","background-repeat":"repeat","background-position":"center center","background-size":"auto","background-attachment":"scroll","background-type":"","background-media":"","overlay-type":"","overlay-color":"","overlay-opacity":"","overlay-gradient":""}},"ast-content-background-meta":{"desktop":{"background-color":"var(--ast-global-color-4)","background-image":"","background-repeat":"repeat","background-position":"center center","background-size":"auto","background-attachment":"scroll","background-type":"","background-media":"","overlay-type":"","overlay-color":"","overlay-opacity":"","overlay-gradient":""},"tablet":{"background-color":"var(--ast-global-color-4)","background-image":"","background-repeat":"repeat","background-position":"center center","background-size":"auto","background-attachment":"scroll","background-type":"","background-media":"","overlay-type":"","overlay-color":"","overlay-opacity":"","overlay-gradient":""},"mobile":{"background-color":"var(--ast-global-color-4)","background-image":"","background-repeat":"repeat","background-position":"center center","background-size":"auto","background-attachment":"scroll","background-type":"","background-media":"","overlay-type":"","overlay-color":"","overlay-opacity":"","overlay-gradient":""}},"footnotes":""},"class_list":["post-251","page","type-page","status-publish","hentry"],"_links":{"self":[{"href":"https:\/\/qbet-se.com\/fr\/wp-json\/wp\/v2\/pages\/251","targetHints":{"allow":["GET"]}}],"collection":[{"href":"https:\/\/qbet-se.com\/fr\/wp-json\/wp\/v2\/pages"}],"about":[{"href":"https:\/\/qbet-se.com\/fr\/wp-json\/wp\/v2\/types\/page"}],"author":[{"embeddable":true,"href":"https:\/\/qbet-se.com\/fr\/wp-json\/wp\/v2\/users\/7"}],"replies":[{"embeddable":true,"href":"https:\/\/qbet-se.com\/fr\/wp-json\/wp\/v2\/comments?post=251"}],"version-history":[{"count":3,"href":"https:\/\/qbet-se.com\/fr\/wp-json\/wp\/v2\/pages\/251\/revisions"}],"predecessor-version":[{"id":503,"href":"https:\/\/qbet-se.com\/fr\/wp-json\/wp\/v2\/pages\/251\/revisions\/503"}],"wp:attachment":[{"href":"https:\/\/qbet-se.com\/fr\/wp-json\/wp\/v2\/media?parent=251"}],"curies":[{"name":"wp","href":"https:\/\/api.w.org\/{rel}","templated":true}]}}