{"id":226,"date":"2026-02-13T07:47:34","date_gmt":"2026-02-13T07:47:34","guid":{"rendered":"https:\/\/qbet-se.com\/?page_id=226"},"modified":"2026-03-31T03:19:30","modified_gmt":"2026-03-31T03:19:30","slug":"ansvarlig-spilling","status":"publish","type":"page","link":"https:\/\/qbet-se.com\/no\/ansvarlig-spilling\/","title":{"rendered":"Ansvarlig spilling"},"content":{"rendered":"\n<div class=\"wp-block-columns is-layout-flex wp-container-core-columns-is-layout-28f84493 wp-block-columns-is-layout-flex\">\n<div class=\"wp-block-column is-layout-flow wp-block-column-is-layout-flow\">\n<h2 class=\"wp-block-heading\">Ansvarlig spilling<\/h2>\n\n\n\n<p>V\u00e5rt ansvarlige spill<\/p>\n\n\n\n<p><strong>V\u00e5r forpliktelse til ansvarlig spilling<\/strong><\/p>\n\n\n\n<p>En av <a href=\"https:\/\/qbet-se.com\/no\/\" data-type=\"page\" data-id=\"210\">Qbet Casinos<\/a> kjerneverdier er \u00e5penhet. Vi tar det et skritt videre ved \u00e5 gi deg innsikt i hvordan du spiller \u2013 hvor mye, n\u00e5r du vinner og taper. Derfor er det ogs\u00e5 v\u00e5r interesse og forpliktelse \u00e5 kontinuerlig s\u00f8rge for at spill ikke misbrukes, og at kundene v\u00e5re spiller ansvarlig og p\u00e5 en transparent m\u00e5te.<\/p>\n\n\n\n<p><strong>Hvordan spiller jeg ansvarlig?<\/strong><\/p>\n\n\n\n<ul class=\"wp-block-list\">\n<li>Se p\u00e5 spill som underholdning \u2013 ikke som en inntektskilde.<\/li>\n\n\n\n<li>Spill aldri for mer enn du har r\u00e5d til \u00e5 tape. Bruk innskudds- og forbruksgrenser for \u00e5 holde oversikt over bel\u00f8pene du bruker.<\/li>\n\n\n\n<li>Ikke jag etter tap \u2013 det f\u00f8rer ofte til problemer.<\/li>\n\n\n\n<li>Spor hvor lenge du spiller. Bruk \u00f8ktgrenser for \u00e5 kontrollere hvor lenge du kan v\u00e6re innlogget.<\/li>\n\n\n\n<li>Balanse spilling med andre aktiviteter. Hvis spilling blir din eneste form for underholdning, b\u00f8r du stoppe opp og tenke p\u00e5 om det fortsatt er g\u00f8y.<\/li>\n\n\n\n<li>Ta regelmessige pauser. Langvarig spilling kan f\u00f8re til at du mister tidsforst\u00e5else og perspektiv.<\/li>\n\n\n\n<li>Ikke spill under p\u00e5virkning av alkohol eller n\u00e5r du er oppr\u00f8rt eller deprimert \u2013 det svekker d\u00f8mmekraften din.<\/li>\n\n\n\n<li>Reflekter over hvor mye tid og penger du bruker p\u00e5 gambling. Du kan spore dette i kontohistorikken din p\u00e5 nett.<\/li>\n\n\n\n<li>Forst\u00e5 vinnersjansene dine og hvordan produktet fungerer.<\/li>\n\n\n\n<li>Hvis du trenger \u00e5 snakke med noen om spilleproblemet ditt, kan du kontakte en st\u00f8ttegruppe for spilleavhengighet.<\/li>\n<\/ul>\n\n\n\n<p><strong>Hva er problemgambling?<\/strong><\/p>\n\n\n\n<p>Problemgambling inneb\u00e6rer gambling i en grad som setter familieliv, personlige forhold eller fritidsaktiviteter i fare, forstyrrer eller skader dem. En problemgambler beskrives ofte som en person som har brukt mer penger og\/eller tid p\u00e5 gambling enn de har r\u00e5d til.<\/p>\n\n\n\n<p><strong>Varseltegn p\u00e5 problemgambling<\/strong><\/p>\n\n\n\n<ul class=\"wp-block-list\">\n<li>Du bruker mer penger og tid p\u00e5 gambling enn du har r\u00e5d til.<\/li>\n\n\n\n<li>Du har problemer med \u00e5 stoppe eller kontrollere spilleavhengigheten din.<\/li>\n\n\n\n<li>\u00c5 krangle med familie eller venner om penger og gambling.<\/li>\n\n\n\n<li>Redusert lyst p\u00e5 vanlige aktiviteter og interesser.<\/li>\n\n\n\n<li>Du tenker eller snakker om spill ustanselig.<\/li>\n\n\n\n<li>Du lyver om gambling eller skjuler det.<\/li>\n\n\n\n<li>Du jager tap eller gambler for \u00e5 l\u00f8se \u00f8konomiske problemer.<\/li>\n\n\n\n<li>Du spiller til alle pengene er borte.<\/li>\n\n\n\n<li>Du l\u00e5ner penger, selger ting eller ignorerer regninger for \u00e5 finansiere gambling.<\/li>\n\n\n\n<li>Du trenger h\u00f8yere innsatser eller lengre spilletid for det samme \u00absparket\u00bb.<\/li>\n\n\n\n<li>Arbeid\/studier\/familie\/forpliktelser lider.<\/li>\n\n\n\n<li>F\u00f8lelser av bekymring, skyldf\u00f8lelse, depresjon eller irritabilitet.<\/li>\n<\/ul>\n\n\n\n<p><strong>Verkt\u00f8y som hjelper<\/strong><\/p>\n\n\n\n<p>Praktiske tips og l\u00f8sninger for \u00e5 forebygge problemer. Verkt\u00f8yene nedenfor lar deg overv\u00e5ke selv om du har et problem, og om n\u00f8dvendig begrense eller stoppe spillingen din.<\/p>\n\n\n\n<p><strong>Innskuddsgrense<\/strong><\/p>\n\n\n\n<p>Innskuddsgrenser lar deg bestemme hvor mye penger du kan sette inn i l\u00f8pet av en kalenderdag, uke eller m\u00e5ned.<br>N\u00e5r grensen er n\u00e5dd, kan du ikke sette inn mer f\u00f8r perioden er tilbakestilt. Du kan fortsatt bruke andre Qbet- tjenester, inkludert \u00e5 spille med eksisterende midler p\u00e5 kontoen din.<\/p>\n\n\n\n<p><strong>Ta en pause<\/strong><\/p>\n\n\n\n<p>Hvis du \u00f8nsker en kort pause fra spilling og tipping, kan du velge <strong>en pause <\/strong>p\u00e5 72 timer, 7 dager eller 30 dager.<br>Under pausen kan du ikke spille eller tippe, men du kan logge inn for \u00e5 ta ut den gjenv\u00e6rende saldoen.<\/p>\n\n\n\n<p><strong>Selvtest<\/strong><\/p>\n\n\n\n<p>Gamblers Anonymous tilbyr en enkel test for \u00e5 vurdere om gambling for\u00e5rsaker et problem:<br><a href=\"http:\/\/www.gamblersanonymous.org\/ga\/content\/20-questions\" target=\"_blank\" rel=\"noopener\"><strong>www.gamblersanonymous.org\/ga\/content\/20-questions<\/strong><\/a><\/p>\n\n\n\n<p><strong>Selvutkobling<\/strong><\/p>\n\n\n\n<p>Logg inn p\u00e5 Qbet- kontoen din, g\u00e5 til kontoinnstillinger og velg \u00f8nsket selvutestengelsealternativ.<\/p>\n\n\n\n<p><strong>Hvem kan hjelpe?<\/strong><\/p>\n\n\n\n<p>Hvis du eller noen du kjenner har et problem \u2013 s\u00f8k st\u00f8tte. \u00c5 innr\u00f8mme et problem er et tegn p\u00e5 styrke, i likhet med \u00e5 s\u00f8ke hjelp. Nedenfor finner du organisasjoner som jobber daglig med spillerelaterte problemer.<\/p>\n\n\n\n<p><strong>Organisasjoner<\/strong><\/p>\n\n\n\n<p><strong>Spillterapi <\/strong><a href=\"http:\/\/www.gamblingtherapy.org\/\" target=\"_blank\" rel=\"noopener\">www.gamblingtherapy.org Global<\/a><br><strong>tjeneste<\/strong><br>som tilbyr gratis praktiske r\u00e5d og emosjonell st\u00f8tte til alle som er rammet av problemgambling.<\/p>\n\n\n\n<p><strong>Gamblers Anonymous<\/strong><br><a href=\"http:\/\/www.gamblersanonymous.org.uk\/\" target=\"_blank\" rel=\"noopener\">www.gamblersanonymous.org.uk<\/a><br>Forum, chat, materiell og \u2013 viktigst av alt \u2013 m\u00f8tes\u00f8k. M\u00f8ter holdes hver dag i uken i England, Wales og Ulster.<\/p>\n\n\n\n<p><strong>Dunlewey Avhengighetstjenester www.dunlewey.org Gratis og konfidensielt program med r\u00e5dgivning og veiledning for de som<\/strong><br><a href=\"http:\/\/www.dunlewey.org\/\" target=\"_blank\" rel=\"noopener\">har<\/a><br>problemer med eget eller andres rusmiddelbruk eller spilleavhengighet.<\/p>\n\n\n\n<p><strong>Blokker spillsider<\/strong><\/p>\n\n\n\n<p><strong>Gamban.com<\/strong><br><a href=\"http:\/\/www.gamban.com\/\" target=\"_blank\" rel=\"noopener\">www.gamban.com<\/a><br>Hvis du vil fjerne tilgangen til gamblingsider, kan Gamban blokkere apper og nettsteder p\u00e5 mobil, nettbrett og datamaskin.<\/p>\n\n\n\n<p><strong>Gjelds- og \u00f8konomisk r\u00e5dgivning<\/strong><\/p>\n\n\n\n<p>Spilling kan noen ganger f\u00f8re til ubetalte l\u00e5n eller kredittkortgjeld. Ikke spill for \u00e5 pr\u00f8ve \u00e5 l\u00f8se slike problemer. Det finnes organisasjoner som kan hjelpe deg med \u00e5 lage en plan.<\/p>\n\n\n\n<p><strong>My Money Steps<\/strong><br><a href=\"http:\/\/www.mymoneysteps.org\/\" target=\"_blank\" rel=\"noopener\">www.mymoneysteps.org<\/a><br>Gir deg mulige alternativer for \u00e5 h\u00e5ndtere gjeld og utvikler en personlig handlingsplan.<\/p>\n\n\n\n<p><strong>Hvordan hjelpe en venn<\/strong><\/p>\n\n\n\n<p><strong>Gjenkjenn tegnene<\/strong><\/p>\n\n\n\n<p>Husk disse punktene hvis du mistenker at en venn er i faresonen for \u00e5 bli skadet p\u00e5 grunn av gambling:<\/p>\n\n\n\n<ul class=\"wp-block-list\">\n<li><strong>Travelhet: <\/strong>Det er ikke sunt \u00e5 vinne prat hele tiden.<\/li>\n\n\n\n<li><strong>Toleranse: <\/strong>Stadig h\u00f8yere innsatser for den samme rusen.<\/li>\n\n\n\n<li><strong>Manglende evne til \u00e5 slutte: <\/strong>Har pr\u00f8vd, men mislyktes.<\/li>\n\n\n\n<li><strong>Irritabilitet: <\/strong>Blir oppr\u00f8rt hvis han ikke kan spille.<\/li>\n\n\n\n<li><strong>Flukt: <\/strong>Bruker spill for \u00e5 unnslippe problemer hjemme\/p\u00e5 jobb.<\/li>\n\n\n\n<li><strong>Jage tap: <\/strong>Pr\u00f8ve \u00e5 vinne tilbake penger.<\/li>\n\n\n\n<li><strong>Gjem: <\/strong>Snikspill p\u00e5 mobiltelefonen under bordet.<\/li>\n\n\n\n<li><strong>L\u00e5n penger: <\/strong>Be venner om penger for \u00e5 spille.<\/li>\n\n\n\n<li><strong>L\u00f8gn: <\/strong>\u00c5 skjule tap \u2013 kan tyde p\u00e5 dypere problemer.<\/li>\n<\/ul>\n\n\n\n<p><strong>Tror du at du eller noen andre har et problem? Hva gj\u00f8r du?<\/strong><\/p>\n\n\n\n<p>Hvis du legger merke til flere tegn hos en venn \u2013 ha en rolig samtale.<br>Et enkelt \u00abJeg har lagt merke til at du har spilt mye i det siste \u2013 g\u00e5r det bra med deg?\u00bb vil hjelpe mye. St\u00f8tte er n\u00f8kkelen. Se delen <strong>Hvem kan hjelpe <\/strong>for m\u00e5ter \u00e5 kontakte dem p\u00e5.<\/p>\n\n\n\n<p><strong>Beskytt mindre\u00e5rige<\/strong><\/p>\n\n\n\n<p>Vi vil ikke at barn skal leke \u2013 punktum. Vi utf\u00f8rer alderskontroller p\u00e5 alle kontoer for \u00e5 sikre at kundene er 18+ og dermed lovlig tillatt \u00e5 spille.<br>Hvis vi ikke kan bekrefte alderen gjennom elektroniske sjekker, vil vi blokkere kontoen og be om bevis p\u00e5 alder.<\/p>\n\n\n\n<p>Barn bruker ofte foreldrenes enheter, og du kan tilfeldigvis v\u00e6re logget inn. Spillselskaper og foreldre m\u00e5 samarbeide for \u00e5 beskytte mindre\u00e5rige.<\/p>\n\n\n\n<p><strong>Tips for \u00e5 beskytte mindre\u00e5rige<\/strong><\/p>\n\n\n\n<ul class=\"wp-block-list\">\n<li>Oppbevar brukernavn, passord og innskuddsdetaljer utilgjengelig for deg (ikke p\u00e5 en post-it-lapp p\u00e5 datamaskinen).<\/li>\n\n\n\n<li>Ikke lagre passord og ikke bruk autofyll .<\/li>\n\n\n\n<li>Logg alltid ut av Qbet- kontoen din hvis det er barn i n\u00e6rheten.<\/li>\n\n\n\n<li>Installer nettfiltre, som for eksempel NetNanny , for \u00e5 blokkere spillsider p\u00e5 PC og mobil.<\/li>\n\n\n\n<li>Snakk med barna dine om lovligheten og risikoen ved pengespill for mindre\u00e5rige.<\/li>\n\n\n\n<li>Begrens tiden barna dine bruker p\u00e5 nettet.<\/li>\n\n\n\n<li>Bruk innebygde foreldrekontroller p\u00e5 mobil\/nettbrett\/datamaskin\/TV-enheter.<\/li>\n<\/ul>\n<\/div>\n<\/div>\n","protected":false},"excerpt":{"rendered":"<p>Ansvarlig spilling V\u00e5rt ansvarlige spill V\u00e5r forpliktelse til ansvarlig spilling En av Qbet Casinos kjerneverdier er \u00e5penhet. Vi tar det [&hellip;]<\/p>\n","protected":false},"author":7,"featured_media":0,"parent":0,"menu_order":0,"comment_status":"closed","ping_status":"closed","template":"","meta":{"site-sidebar-layout":"default","site-content-layout":"","ast-site-content-layout":"default","site-content-style":"default","site-sidebar-style":"default","ast-global-header-display":"","ast-banner-title-visibility":"","ast-main-header-display":"","ast-hfb-above-header-display":"","ast-hfb-below-header-display":"","ast-hfb-mobile-header-display":"","site-post-title":"disabled","ast-breadcrumbs-content":"","ast-featured-img":"","footer-sml-layout":"","ast-disable-related-posts":"","theme-transparent-header-meta":"","adv-header-id-meta":"","stick-header-meta":"","header-above-stick-meta":"","header-main-stick-meta":"","header-below-stick-meta":"","astra-migrate-meta-layouts":"default","ast-page-background-enabled":"default","ast-page-background-meta":{"desktop":{"background-color":"var(--ast-global-color-5)","background-image":"","background-repeat":"repeat","background-position":"center center","background-size":"auto","background-attachment":"scroll","background-type":"","background-media":"","overlay-type":"","overlay-color":"","overlay-opacity":"","overlay-gradient":""},"tablet":{"background-color":"","background-image":"","background-repeat":"repeat","background-position":"center center","background-size":"auto","background-attachment":"scroll","background-type":"","background-media":"","overlay-type":"","overlay-color":"","overlay-opacity":"","overlay-gradient":""},"mobile":{"background-color":"","background-image":"","background-repeat":"repeat","background-position":"center center","background-size":"auto","background-attachment":"scroll","background-type":"","background-media":"","overlay-type":"","overlay-color":"","overlay-opacity":"","overlay-gradient":""}},"ast-content-background-meta":{"desktop":{"background-color":"var(--ast-global-color-4)","background-image":"","background-repeat":"repeat","background-position":"center center","background-size":"auto","background-attachment":"scroll","background-type":"","background-media":"","overlay-type":"","overlay-color":"","overlay-opacity":"","overlay-gradient":""},"tablet":{"background-color":"var(--ast-global-color-4)","background-image":"","background-repeat":"repeat","background-position":"center center","background-size":"auto","background-attachment":"scroll","background-type":"","background-media":"","overlay-type":"","overlay-color":"","overlay-opacity":"","overlay-gradient":""},"mobile":{"background-color":"var(--ast-global-color-4)","background-image":"","background-repeat":"repeat","background-position":"center center","background-size":"auto","background-attachment":"scroll","background-type":"","background-media":"","overlay-type":"","overlay-color":"","overlay-opacity":"","overlay-gradient":""}},"footnotes":""},"class_list":["post-226","page","type-page","status-publish","hentry"],"_links":{"self":[{"href":"https:\/\/qbet-se.com\/no\/wp-json\/wp\/v2\/pages\/226","targetHints":{"allow":["GET"]}}],"collection":[{"href":"https:\/\/qbet-se.com\/no\/wp-json\/wp\/v2\/pages"}],"about":[{"href":"https:\/\/qbet-se.com\/no\/wp-json\/wp\/v2\/types\/page"}],"author":[{"embeddable":true,"href":"https:\/\/qbet-se.com\/no\/wp-json\/wp\/v2\/users\/7"}],"replies":[{"embeddable":true,"href":"https:\/\/qbet-se.com\/no\/wp-json\/wp\/v2\/comments?post=226"}],"version-history":[{"count":2,"href":"https:\/\/qbet-se.com\/no\/wp-json\/wp\/v2\/pages\/226\/revisions"}],"predecessor-version":[{"id":519,"href":"https:\/\/qbet-se.com\/no\/wp-json\/wp\/v2\/pages\/226\/revisions\/519"}],"wp:attachment":[{"href":"https:\/\/qbet-se.com\/no\/wp-json\/wp\/v2\/media?parent=226"}],"curies":[{"name":"wp","href":"https:\/\/api.w.org\/{rel}","templated":true}]}}