{"id":242,"date":"2025-09-09T05:27:38","date_gmt":"2025-09-09T05:27:38","guid":{"rendered":"https:\/\/qbet-se.com\/?page_id=242"},"modified":"2026-03-31T03:20:12","modified_gmt":"2026-03-31T03:20:12","slug":"bonusvilkar","status":"publish","type":"page","link":"https:\/\/qbet-se.com\/no\/bonusvilkar\/","title":{"rendered":"Bonusvilk\u00e5r"},"content":{"rendered":"\n<div class=\"wp-block-columns is-layout-flex wp-container-core-columns-is-layout-28f84493 wp-block-columns-is-layout-flex\">\n<div class=\"wp-block-column is-layout-flow wp-block-column-is-layout-flow\">\n<h2 class=\"wp-block-heading\" id=\"h-bonusvillkor\">Bonusvilk\u00e5r<\/h2>\n\n\n\n<p><strong>Generelle bonusvilk\u00e5r<\/strong><\/p>\n\n\n\n<p><strong>Vilk\u00e5r og betingelser for kasinobonuser<\/strong><\/p>\n\n\n\n<p>Alle bonuser som tilbys av <a href=\"https:\/\/qbet-se.com\/no\/\" data-type=\"page\" data-id=\"210\">QBet Casino<\/a> kan kun kreves \u00e9n gang per person\/konto, familie, husstand, adresse, e-postadresse, kredittkort, enhet, IP-adresse eller milj\u00f8er der datamaskiner deles (universitet, skole, arbeidsplass, bibliotek osv.).<\/p>\n\n\n\n<p>Hvis en kampanje eller et tilbud krever et kvalifiserende innskudd, m\u00e5 det gj\u00f8res i \u00e9n transaksjon; flere innskudd teller ikke.<\/p>\n\n\n\n<p>Bonustilbud via e-post, SMS eller andre kanaler er personlige og gjelder kun for mottakeren som QBet sendte tilbudet til.<\/p>\n\n\n\n<p>Hver QBet- bonus er gyldig i en bestemt kampanjeperiode og m\u00e5 brukes innenfor denne tidsrammen. Ubrukte bonuser utl\u00f8per.<\/p>\n\n\n\n<p>For \u00e5 v\u00e6re kvalifisert for en bonus fra QBet , m\u00e5 all personlig informasjon v\u00e6re n\u00f8yaktig og oppdatert. QBet forbeholder seg retten til \u00e5 annullere bonuser og gevinster p\u00e5 kontoer med feil informasjon.<\/p>\n\n\n\n<p>Bonuser kan ikke kombineres med andre kampanjer eller brukes parallelt, med mindre annet er uttrykkelig angitt.<\/p>\n\n\n\n<p>Bonusmidler fra casinokampanjer er kun gyldige p\u00e5 spilleautomater. Innsatser p\u00e5 bordspill, videopoker eller andre kategorier utenom spilleautomater teller ikke mot omsetningskravene.<\/p>\n\n\n\n<p>F\u00f8lgende spilleautomater er Spor for bonusspill : <strong>Deep Rush, Aviator, 9 Lions, Plinko, Lil Devil, Triple Cash or Crash, London Tube, Wild Swarm, Take the Shot, Scrooge, Dwarfs Fortune, Butterfly Lovers, Money Cart 4, Tomb Raider \u2013 Secret of the Sword, Hot 777, Space XY, Lines, 9 Burning Stars, Babylon Riches, Gem Saviour, Bison Battle, Dragon&#8217;s Crash, Black Horse Cash Out Edition, Limbo, African Spirit Sticky Wilds, Hood vs Wolf, Savage Jungle, The Wish Master Megaways , Football Mania Deluxe, Mice &amp; Magic Wonder Spin, Beautiful Bones, WBC Ring of Riches, Telly Reels, Fruit Mania Deluxe, Tiki Tumble, The Perfect Heist, Cool Buck, Beach Invaders, Money Cart, Monsters Unchained, Pushy Cats, Wild Heart, Siren&#8217;s Riches, Plinko, Ishtar Power Zones, Blaze of Ra, Razor Shark, 1000X BUSTA, Legion Hot 1, Robin \u2013 Nottingham Raiders. Spina Colada, Towering Pays Valhalla, Hammer of Gods, 100 Bit Dice, Vikings Go to Hell, Vikings Go Berzerk , Hunters Moon Gigablox , Return of the Valkyrie, Ancient Eclipse, Robin \u2013 Sherwood Marauders, Cauldron, The Hot Offer, Spaceman, 5 Families, Double Dragons, Alchymedes , Ozwins Jackpots, Tut&#8217;s Twister, Wolf Hunters, Dark Vortex, Baron Samedi, Football Glory, Atlantean Gigarise , Frost Queen Jackpots, Kongefamilien, Ta Julenissens Butikk, Ta Olympus, Ta Kongeriket, Knockout Football, Marvelous Furlongs, Presto!, Fruit Mania, Fruit Mania, Hula Magic, Xi You Ji, Ancients Blessing, Arcade Bomb, Atlantis, Aurum Codex, Aztec Spins, Beriched , Betty, Boris and Boo, Blood Suckers, Book of 99, Cash Ultimate, Crown of Valor, Dead or Alive 2, Dead or Alive, Diamond Blitz, Dragon&#8217;s Fire Infinireels , Dragon&#8217;s Fire Megaways , Dwarfs Gone Wild, EggOMatic , Eye of the Kraken, Fa Fa Babies, Forever 7&#8217;s, Frequent Flyer, Gems Gone Wild Power Reels, Get The Gold InfiniReels , Gods of Troy, Golden Lotus, Golden Tsar, Harle Coin, Hellcatraz , Secrets of Atlantis, Hoard of Poseidon, Hotline, Jack Hammer 2: Fishy Business, Jewel Scarabs, Knight Rider, Lion&#8217;s Hoard, Lucky Fridays, Magikspell , Mahjong 88, Marching Legions, Money Cart 2, Multiplier Riches, Three Musketeers, Mystery Joker 6000, Night Roller, Pearls of India, Piggy Pirates, Primate King, Rage of the Seas, Rage to Riches, RA&#8217;s Legend, Reel Heist, Reel Keeper, Reptizillions Power Reels, Riddle of the Sphinx, Chaos Crew, Miner, Mynter, Esker, Agent 51, Age of Drager, Age of Huracan, Bangkok Dreams, Blazing Bull, Blazing Bull 2, Caribbean Anne, Caribbean Anne 2, Cosmic Charms, Crystal Cavern, Dino Odyssey, Finnegans formel, Firedrakes formue, Goblins &amp; Gemstones, Hong Bao, Jupiters juveler, Joker Times Xmas, Maui Millions, Midas-skatten, Apeguden, Pyro Pixie, Holmes: Reel Detective, Sky Hunters, Tree of Gold, Zombie Queen, Solar King, Solar Queen, Solar Temple, Egypt King, Kochbuch , Roma: Den gylne tidsalder, Royal Gems, Sea Hunter, Serengeti Kings, Spin Town, Street Fighter II: The World Warrior-spilleautomaten, Super Striker, The Wisecracker Lightning, De tre musketerene, Tower Quest, Viking Runecraft, Snakes and Ladders Megadice , Jungelgorilla, Kontantheis, 3 konged\u00f8mmer \u2013 Slaget ved de r\u00f8de klippene, Gulltoget, Dragon Kingdom \u2013 Eyes of Fire, Well of Wishes, White Rabbit Megaways , Wilderland , Wild Expedition, Wild Hot Chilli Reels, Wild O&#8217;Clock , Vinn rulletrappen, Scrooge, Larry the Leprechaun, Hot 777 Deluxe, 11 mestere, Fruit Mania, Cool Buck, Black Horse Deluxe, Ta banken, Tomb Raider \u2013 Sverdets hemmelighet, Plinko 2, Pengevogn 3, Vakre knokler, Midnattst\u00f8rste, 11 mestere.<\/strong><\/p>\n\n\n\n<p>N\u00e5r man spiller med bonusmidler, er det forbudt \u00e5 bruke <strong>Feature Buy -funksjonen <\/strong>i spilleautomater der dette tilbys.<\/p>\n\n\n\n<p>forbeholder QBet seg retten til \u00e5:<\/p>\n\n\n\n<ul class=\"wp-block-list\">\n<li>miste den tildelte bonusen og alle gevinster derfra, og\/eller<\/li>\n\n\n\n<li>tilbakekalle eller avsl\u00e5 en bonus, og\/eller blokkere tilgang til visse produkter, og\/eller<\/li>\n\n\n\n<li>ekskludere spilleren fra fremtidige kampanjer, og\/eller stenge kontoen umiddelbart.<\/li>\n<\/ul>\n\n\n\n<p>QBet kan n\u00e5r som helst gjennomg\u00e5 spillhistorikken din og bonusbruken din. Ved misbruk kan bonuser eller gevinster bli konfiskert og kontoen stengt.<\/p>\n\n\n\n<p>Dine egne innsatte penger brukes alltid f\u00f8rst. Kun spill med bonuspenger teller mot omsetningskravene. Gevinster fra bonusmidler regnes som en bonus og kan ikke tas ut f\u00f8r omsetningskravene er oppfylt.<\/p>\n\n\n\n<p>Hvis du kansellerer bonusen eller gratisspinnene , mister du b\u00e5de bonusen\/ spinnene og alle gevinster fra dem.<\/p>\n\n\n\n<p>Gevinster fra gratisspinn eller bonuser uten innskudd kan ikke overstige <strong>\u20ac100 <\/strong>(eller tilsvarende). Ethvert overskytende bel\u00f8p vil bli ugyldig.<\/p>\n\n\n\n<p>Maksimale gevinstbel\u00f8p:<\/p>\n\n\n\n<ul class=\"wp-block-list\">\n<li>NOK: 1 000 NOK<\/li>\n\n\n\n<li>EUR: \u20ac100<\/li>\n\n\n\n<li>CAD: 100 CAD<\/li>\n<\/ul>\n\n\n\n<p>Hvis omsetningskravene ikke oppfylles innen fristen, vil bonusen og alle gevinster g\u00e5 tapt.<\/p>\n\n\n\n<p>QBet forbeholder seg retten til \u00e5 endre, sette p\u00e5 pause eller avslutte kampanjer uten varsel.<br>Ved eventuell tvist skal den engelske versjonen av vilk\u00e5rene og betingelsene alltid ha forrang.<\/p>\n\n\n\n<p><strong>Innskudds-\/ p\u00e5fyllingsbonuser<\/strong><\/p>\n\n\n\n<p>P\u00e5fyllings- eller innskuddsbonuser kan tilbys med jevne mellomrom. Ved kvalifiserende innskudd vil innskuddet ditt bli matchet med en viss prosentandel opp til et spesifisert bel\u00f8p.<\/p>\n\n\n\n<ul class=\"wp-block-list\">\n<li>Casinobonuser opptil <strong>100 % <\/strong>har et omsetningskrav p\u00e5 <strong>40 ganger <\/strong>bonusbel\u00f8pet.<\/li>\n\n\n\n<li>Casinobonuser fra <strong>101 % og oppover <\/strong>har et omsetningskrav p\u00e5 <strong>50 ganger <\/strong>bonusbel\u00f8pet.<\/li>\n<\/ul>\n\n\n\n<p>Bare \u00e9n bonus kan v\u00e6re aktiv om gangen. Innskuddsbonuser kan ikke stables.<br>Med mindre annet er oppgitt, utl\u00f8per alle innskuddsbonuser etter <strong>30 dager <\/strong>.<\/p>\n\n\n\n<p>Kun innsatser gjort med bonuspenger teller mot omsetningskravet.<br>Spillere kan n\u00e5r som helst kansellere bonusen sin og ta ut den gjenv\u00e6rende saldoen.<\/p>\n\n\n\n<p>Maks innsats under omsetning: <strong>\u20ac4 eller \u20ac0,4 per linje.<\/strong><\/p>\n\n\n\n<p>Etter at en innskuddsbonus er aktivert, m\u00e5 b\u00e5de innskudds- og bonusmidler brukes p\u00e5 spilleautomater . Gevinster fra funksjoner som er startet med bonusmidler, men fullf\u00f8rt etter at bonusen har utl\u00f8pt, vil bli fjernet.<\/p>\n\n\n\n<p>\u00c5 bruke bonuser til \u00e5 bare \u00abspille ut\u00bb verdier i bonusspill kan ugyldiggj\u00f8re gevinster.<\/p>\n\n\n\n<p>Generelle vilk\u00e5r og betingelser for casinobonuser gjelder.<\/p>\n\n\n\n<p><strong>Gratisspinn\u200b<\/strong><\/p>\n\n\n\n<p>Gratisspinn er gratisspill som noen ganger tilbys.<\/p>\n\n\n\n<ul class=\"wp-block-list\">\n<li>Med mindre annet er oppgitt, er gratisspinn l\u00e5st til et bestemt spill.<\/li>\n\n\n\n<li>De spilles alltid med innsatsen som er spesifisert i tilbudet.<\/li>\n\n\n\n<li>Gevinster fra gratisspinn har et omsetningskrav p\u00e5 <strong>35x <\/strong>, med mindre annet er oppgitt.<\/li>\n<\/ul>\n\n\n\n<p><a href=\"https:\/\/qbet-se.com\/no\/vilkar-og-betingelser\/\" data-type=\"page\" data-id=\"274\">Generelle vilk\u00e5r og betingelser<\/a> gjelder i tilfeller med uspesifikke bonusregler.<\/p>\n\n\n\n<p><strong>Versjon 04, 08.08.2025<\/strong><\/p>\n<\/div>\n<\/div>\n","protected":false},"excerpt":{"rendered":"<p>Bonusvilk\u00e5r Generelle bonusvilk\u00e5r Vilk\u00e5r og betingelser for kasinobonuser Alle bonuser som tilbys av QBet Casino kan kun kreves \u00e9n gang [&hellip;]<\/p>\n","protected":false},"author":7,"featured_media":0,"parent":0,"menu_order":0,"comment_status":"closed","ping_status":"closed","template":"","meta":{"site-sidebar-layout":"default","site-content-layout":"","ast-site-content-layout":"default","site-content-style":"default","site-sidebar-style":"default","ast-global-header-display":"","ast-banner-title-visibility":"","ast-main-header-display":"","ast-hfb-above-header-display":"","ast-hfb-below-header-display":"","ast-hfb-mobile-header-display":"","site-post-title":"disabled","ast-breadcrumbs-content":"","ast-featured-img":"","footer-sml-layout":"","ast-disable-related-posts":"","theme-transparent-header-meta":"","adv-header-id-meta":"","stick-header-meta":"","header-above-stick-meta":"","header-main-stick-meta":"","header-below-stick-meta":"","astra-migrate-meta-layouts":"default","ast-page-background-enabled":"default","ast-page-background-meta":{"desktop":{"background-color":"var(--ast-global-color-5)","background-image":"","background-repeat":"repeat","background-position":"center center","background-size":"auto","background-attachment":"scroll","background-type":"","background-media":"","overlay-type":"","overlay-color":"","overlay-opacity":"","overlay-gradient":""},"tablet":{"background-color":"","background-image":"","background-repeat":"repeat","background-position":"center center","background-size":"auto","background-attachment":"scroll","background-type":"","background-media":"","overlay-type":"","overlay-color":"","overlay-opacity":"","overlay-gradient":""},"mobile":{"background-color":"","background-image":"","background-repeat":"repeat","background-position":"center center","background-size":"auto","background-attachment":"scroll","background-type":"","background-media":"","overlay-type":"","overlay-color":"","overlay-opacity":"","overlay-gradient":""}},"ast-content-background-meta":{"desktop":{"background-color":"var(--ast-global-color-4)","background-image":"","background-repeat":"repeat","background-position":"center center","background-size":"auto","background-attachment":"scroll","background-type":"","background-media":"","overlay-type":"","overlay-color":"","overlay-opacity":"","overlay-gradient":""},"tablet":{"background-color":"var(--ast-global-color-4)","background-image":"","background-repeat":"repeat","background-position":"center center","background-size":"auto","background-attachment":"scroll","background-type":"","background-media":"","overlay-type":"","overlay-color":"","overlay-opacity":"","overlay-gradient":""},"mobile":{"background-color":"var(--ast-global-color-4)","background-image":"","background-repeat":"repeat","background-position":"center center","background-size":"auto","background-attachment":"scroll","background-type":"","background-media":"","overlay-type":"","overlay-color":"","overlay-opacity":"","overlay-gradient":""}},"footnotes":""},"class_list":["post-242","page","type-page","status-publish","hentry"],"_links":{"self":[{"href":"https:\/\/qbet-se.com\/no\/wp-json\/wp\/v2\/pages\/242","targetHints":{"allow":["GET"]}}],"collection":[{"href":"https:\/\/qbet-se.com\/no\/wp-json\/wp\/v2\/pages"}],"about":[{"href":"https:\/\/qbet-se.com\/no\/wp-json\/wp\/v2\/types\/page"}],"author":[{"embeddable":true,"href":"https:\/\/qbet-se.com\/no\/wp-json\/wp\/v2\/users\/7"}],"replies":[{"embeddable":true,"href":"https:\/\/qbet-se.com\/no\/wp-json\/wp\/v2\/comments?post=242"}],"version-history":[{"count":2,"href":"https:\/\/qbet-se.com\/no\/wp-json\/wp\/v2\/pages\/242\/revisions"}],"predecessor-version":[{"id":521,"href":"https:\/\/qbet-se.com\/no\/wp-json\/wp\/v2\/pages\/242\/revisions\/521"}],"wp:attachment":[{"href":"https:\/\/qbet-se.com\/no\/wp-json\/wp\/v2\/media?parent=242"}],"curies":[{"name":"wp","href":"https:\/\/api.w.org\/{rel}","templated":true}]}}