{"id":252,"date":"2025-09-09T05:28:39","date_gmt":"2025-09-09T05:28:39","guid":{"rendered":"https:\/\/qbet-se.com\/?page_id=252"},"modified":"2026-03-31T03:20:38","modified_gmt":"2026-03-31T03:20:38","slug":"personvernerklaering","status":"publish","type":"page","link":"https:\/\/qbet-se.com\/no\/personvernerklaering\/","title":{"rendered":"Personvernerkl\u00e6ring"},"content":{"rendered":"\n<div class=\"wp-block-columns is-layout-flex wp-container-core-columns-is-layout-28f84493 wp-block-columns-is-layout-flex\">\n<div class=\"wp-block-column is-layout-flow wp-block-column-is-layout-flow\">\n<h2 class=\"wp-block-heading\" id=\"h-integritetspolicy\">Personvernerkl\u00e6ring<\/h2>\n\n\n\n<p><strong>Retningslinjer for databeskyttelse og informasjonskapsler<\/strong><\/p>\n\n\n\n<p><strong>Introduksjon<\/strong><\/p>\n\n\n\n<p>Hos <a href=\"https:\/\/qbet-se.com\/no\/\" data-type=\"page\" data-id=\"210\">Qbet Casino<\/a> er \u00e5penhet sv\u00e6rt viktig for oss, og vi tar personvernet ditt sv\u00e6rt alvorlig. Vi setter pris p\u00e5 at du stoler p\u00e5 oss med din personlige informasjon, og vi \u00f8nsker \u00e5 v\u00e6re tydelige p\u00e5 hvordan vi bruker den.<br>Denne personvernerkl\u00e6ringen forklarer hvordan og hvorfor vi samler inn din personlige informasjon gjennom bruk av nettstedet v\u00e5rt <strong>www.Qbet.com <\/strong>og alle dets varianter, inkludert v\u00e5re mobilapper (\u00abNettstedet\u00bb), hvorfor den samles inn og hvordan den er beskyttet. Vi har implementert sikkerhetstiltak for din personlige informasjon og behandler den i samsvar med gjeldende personvernlovgivning.<br>Retningslinjene beskriver hvordan vi h\u00e5ndterer din personlige informasjon og gjelder for virksomheten som driver www.Qbet.com, heretter referert til som \u00abVi\u00bb, \u00abOss\u00bb eller \u00abV\u00e5r\u00bb.<\/p>\n\n\n\n<p><strong>Hvilken informasjon samler vi inn fra deg?<\/strong><\/p>\n\n\n\n<p><strong>Informasjon du selv oppgir<\/strong><\/p>\n\n\n\n<p>Vi samler inn informasjon som du frivillig oppgir n\u00e5r du bruker tjenestene v\u00e5re, for eksempel n\u00e5r du registrerer deg som Qbet- kunde. Informasjonen du m\u00e5 oppgi avhenger av tjenestens funksjoner, men du kan ikke opprette en konto uten \u00e5 oppgi f\u00f8lgende:<\/p>\n\n\n\n<ul class=\"wp-block-list\">\n<li>Kontaktinformasjon: navn, etternavn, adresse, alder, f\u00f8dselsdato, kj\u00f8nn, e-postadresse, telefonnummer og postnummer.<\/li>\n\n\n\n<li>Finansiell informasjon: For \u00e5 behandle nettbetalinger samler vi inn bankopplysningene og transaksjonshistorikken din, for eksempel innskudd og uttak fra kontoen din hos oss.<\/li>\n<\/ul>\n\n\n\n<p>I tillegg er vi p\u00e5lagt av hvitvaskingslover \u00e5 be om ytterligere dokumenter, som for eksempel legitimasjon med bilde, informasjon om formuens opprinnelse, str\u00f8mregning eller lignende.<\/p>\n\n\n\n<p><strong>Tredjepartsdata<\/strong><\/p>\n\n\n\n<p>Vi kan kombinere informasjonen vi samler inn fra deg med data vi mottar fra andre kilder, for eksempel offentlige databaser, demografiske leverand\u00f8rer eller spesialiserte KYC-selskaper ( Know Your Customer ). Din Kunde ). Denne informasjonen samles kun inn n\u00e5r det er n\u00f8dvendig for \u00e5 overholde v\u00e5re regulatoriske forpliktelser.<\/p>\n\n\n\n<p><strong>Data samlet inn automatisk<\/strong><\/p>\n\n\n\n<p>Vi og v\u00e5re tredjepartsleverand\u00f8rer kan automatisk samle inn informasjon fra enheten din p\u00e5 flere m\u00e5ter, for eksempel:<\/p>\n\n\n\n<ul class=\"wp-block-list\">\n<li>Via nettleser eller enhet: IP-adresse, enhetstype, spr\u00e5k, nettlesertype.<\/li>\n\n\n\n<li>Gjennom appbruk : N\u00e5r du laster ned og bruker appene v\u00e5re, kan vi registrere dato\/klokkeslett for servertilkobling samt nedlastede filer\/informasjon.<\/li>\n<\/ul>\n\n\n\n<p>For mer informasjon om informasjonskapsler, se v\u00e5r <strong>policy for informasjonskapsler <\/strong>.<\/p>\n\n\n\n<p><strong>Hvordan bruker vi dine personopplysninger?<\/strong><\/p>\n\n\n\n<p>Vi behandler kun dine personopplysninger i samsvar med denne personvernerkl\u00e6ringen. Innsamlede data brukes til \u00e5:<\/p>\n\n\n\n<ul class=\"wp-block-list\">\n<li>administrere registreringen din, opprette og vedlikeholde kontoen din (inkludert alders- og svindelsjekker);<\/li>\n\n\n\n<li>administrere spillene du deltar i, varsle deg om gevinster eller bonuser;<\/li>\n\n\n\n<li>tilby, forbedre og tilpasse tjenestene v\u00e5re og analysere hvordan de brukes;<\/li>\n\n\n\n<li>s\u00f8rge for at nettstedet presenteres p\u00e5 best mulig m\u00e5te for deg og enheten din;<\/li>\n\n\n\n<li>sende deg tjenesteinformasjon om kontoen din og markedsf\u00f8ringskommunikasjon (hvis du har samtykket til det).<\/li>\n<\/ul>\n\n\n\n<p>I noen tilfeller brukes dataene ogs\u00e5 til forskning, for eksempel for \u00e5 evaluere kundeopplevelsen, prioritere produktfunksjoner eller gjennomg\u00e5 kampanjer.<\/p>\n\n\n\n<p>Vi selger aldri dine personopplysninger til tredjeparter og deler ikke informasjonen din til markedsf\u00f8ringsform\u00e5l uten ditt uttrykkelige samtykke. Du kan endre innstillingene dine i kontoen din n\u00e5r som helst.<\/p>\n\n\n\n<p><strong>Hvem deler vi informasjonen din med?<\/strong><\/p>\n\n\n\n<p>Dine personopplysninger kan bli delt med:<\/p>\n\n\n\n<ul class=\"wp-block-list\">\n<li>Leverand\u00f8rer av samtale- og SMS-tjenester.<\/li>\n\n\n\n<li>Betalingsleverand\u00f8rer (for \u00e5 h\u00e5ndtere innskudd\/uttak).<\/li>\n\n\n\n<li>Partnere for svindelbekjempelse og samsvar, med kontraktsmessige sikkerhetstiltak.<\/li>\n\n\n\n<li>Partnere som forbedrer brukeropplevelsen din, kun med ditt samtykke.<\/li>\n\n\n\n<li>Myndigheter, tilsynsorganer eller idrettsorganisasjoner n\u00e5r det er p\u00e5krevd ved lov.<\/li>\n<\/ul>\n\n\n\n<p>Vi deler aldri informasjonen din til andre form\u00e5l uten din tillatelse, med unntak av der det er p\u00e5krevd ved lov.<\/p>\n\n\n\n<p><strong>Hvor lenge lagrer vi dataene dine?<\/strong><\/p>\n\n\n\n<p>Vi vil kun beholde informasjonen din s\u00e5 lenge det er n\u00f8dvendig for form\u00e5lene som er angitt i denne policyen. Etter at Qbet- kontoen din er stengt, vil vi kun beholde informasjon i den grad det er n\u00f8dvendig for \u00e5 overholde juridiske forpliktelser, som skatte- og hvitvaskingslover, og for \u00e5 l\u00f8se tvister. For spesifikke oppbevaringsperioder i din jurisdiksjon, vennligst kontakt oss p\u00e5 <strong>dpo@Qbet.com <\/strong>.<\/p>\n\n\n\n<p><strong>Sikkerhet, identitetskontroller og svindelforebygging<\/strong><\/p>\n\n\n\n<p>Av sikkerhetshensyn varsler vi deg n\u00e5r du logger deg p\u00e5 fra en ny enhet. Vi samler inn informasjon om enhetstype, produsent, IP-adresse, tidsstempel, oppl\u00f8sning, tidssone og operativsystem. Dette hjelper oss med \u00e5 beskytte kontoen din.<\/p>\n\n\n\n<p>Qbet jobber ogs\u00e5 aktivt for \u00e5 fremme sportens integritet og forhindre kampfiksing gjennom v\u00e5re partnere, inkludert <strong>International Betting Integrity Association (IBIA) <\/strong>.<\/p>\n\n\n\n<p>Vi kan ogs\u00e5 bekrefte identiteten din via p\u00e5litelige tredjeparter som <strong>SCHUFA (Tyskland) <\/strong>, <strong>GB Group (Storbritannia) <\/strong>og <strong>Iovation (USA) <\/strong>. V\u00e6r oppmerksom p\u00e5 at dette kun er en identitetssjekk \u2013 ingen kredittsjekk.<\/p>\n\n\n\n<p><strong>Dine rettigheter<\/strong><\/p>\n\n\n\n<p>Du har rett til \u00e5:<\/p>\n\n\n\n<ul class=\"wp-block-list\">\n<li>be om informasjon kostnadsfritt om lagrede data, deres opprinnelse, mottakere og form\u00e5l;<\/li>\n\n\n\n<li>be om rettelse, fullf\u00f8ring, sletting eller dataportabilitet;<\/li>\n\n\n\n<li>protestere mot behandling, inkludert profilering;<\/li>\n\n\n\n<li>trekke tilbake samtykke;<\/li>\n\n\n\n<li>sende inn en klage til en tilsynsmyndighet (hovedorganet v\u00e5rt er <strong>Kontoret for informasjons- og databeskyttelse Kommiss\u00e6r <\/strong>).<\/li>\n<\/ul>\n\n\n\n<p>Visse unntak gjelder, for eksempel hvis utlevering ville avsl\u00f8re en annen persons informasjon, eller der vi er lovp\u00e5lagt \u00e5 oppbevare informasjon.<\/p>\n\n\n\n<p><strong>Eksternt innhold og informasjonskapsler<\/strong><\/p>\n\n\n\n<p>Vi bruker aktivt JavaScript-innhold fra eksterne leverand\u00f8rer. Dette kan bety at data behandles utenfor EU. Du kan forhindre dette via for eksempel <strong>NoScript- <\/strong>pluginen eller ved \u00e5 sl\u00e5 av JavaScript (noen funksjoner kan imidlertid v\u00e6re begrenset).<\/p>\n\n\n\n<p>Vi bruker ogs\u00e5 informasjonskapsler p\u00e5 nettsiden, i apper og nyhetsbrev. Informasjonskapsler er sm\u00e5 tekstfiler som lagres p\u00e5 enheten din og kan inneholde spesifikk informasjon (f.eks. IP-adresse, operativsystem, bes\u00f8kte sider).<\/p>\n\n\n\n<p>Du kan velge \u00e5 godta, avvise eller godkjenne informasjonskapsler fra sak til sak i nettleseren din. Vi anbefaler at du godtar informasjonskapslene v\u00e5re for \u00e5 f\u00e5 den beste opplevelsen.<\/p>\n\n\n\n<p><strong>Typer informasjonskapsler vi bruker:<\/strong><\/p>\n\n\n\n<ul class=\"wp-block-list\">\n<li><strong>N\u00f8dvendige informasjonskapsler <\/strong>\u2013 kreves for at nettstedet skal fungere ordentlig.<\/li>\n\n\n\n<li><strong>Ytelsesinformasjonskapsler <\/strong>\u2013 m\u00e5ler atferd for \u00e5 forbedre funksjonalitet.<\/li>\n\n\n\n<li><strong>Funksjonalitetsinformasjonskapsler <\/strong>\u2013 husker valg som spr\u00e5k og brukernavn.<\/li>\n\n\n\n<li><strong>Annonseinformasjonskapsler <\/strong>\u2013 leverer m\u00e5lrettet innhold basert p\u00e5 dine interesser.<\/li>\n\n\n\n<li><strong>Tredjeparts informasjonskapsler <\/strong>\u2013 fra eksterne leverand\u00f8rer (regulert av deres retningslinjer).<\/li>\n<\/ul>\n\n\n\n<p><strong>Eksempler p\u00e5 tredjepartsverkt\u00f8y vi bruker:<\/strong><\/p>\n\n\n\n<ul class=\"wp-block-list\">\n<li><strong>Google Analytics <\/strong>\u2013 nettanalyse med IP-anonymisering (mer informasjon: <a href=\"https:\/\/www.google.com\/analytics\/learn\/privacy.html\" target=\"_blank\" rel=\"noreferrer noopener\">Googles <\/a><a href=\"https:\/\/www.google.com\/analytics\/learn\/privacy.html\" target=\"_blank\" rel=\"noreferrer noopener\"><\/a><a href=\"https:\/\/www.google.com\/analytics\/learn\/privacy.html\" target=\"_blank\" rel=\"noreferrer noopener\">personvernregler <\/a><a href=\"https:\/\/www.google.com\/analytics\/learn\/privacy.html\" target=\"_blank\" rel=\"noreferrer noopener\"><\/a>).<\/li>\n\n\n\n<li><strong>Iovation <\/strong>\u2013 analyse av navigasjonsatferd (info: <a href=\"https:\/\/www.iovation.com\/legal\/privacy\" target=\"_blank\" rel=\"noreferrer noopener\">Iovation Personvern <\/a>).<\/li>\n\n\n\n<li><strong>Google API-er <\/strong>\u2013 applikasjonsprogrammeringsgrensesnitt for funksjonalitet.<\/li>\n\n\n\n<li><strong>Googletagmanager.com <\/strong>\u2013 h\u00e5ndtering av skriptkode.<\/li>\n<\/ul>\n\n\n\n<p><strong>Datasikkerhet<\/strong><\/p>\n\n\n\n<p>Vi bruker tekniske og organisatoriske tiltak for \u00e5 beskytte dataene dine mot uautorisert tilgang, endring, tap eller \u00f8deleggelse. V\u00e6r imidlertid oppmerksom p\u00e5 at e-post ikke er helt sikkert, og derfor anbefaler vi at konfidensiell informasjon sendes via vanlig post.<\/p>\n\n\n\n<p><strong>Hvem vi er og hvordan du kan kontakte oss<\/strong><\/p>\n\n\n\n<p>For \u00e5 ut\u00f8ve dine rettigheter, vennligst kontakt v\u00e5r personvernombud p\u00e5 <strong>dpo@Qbet.com <\/strong>.<br>Sp\u00f8rsm\u00e5l eller kommentarer om denne policyen kan sendes til: <strong>support@Qbet.com <\/strong>.<\/p>\n\n\n\n<p><strong>Endringer i denne personvernerkl\u00e6ringen<\/strong><\/p>\n\n\n\n<p>Vi oppdaterer disse retningslinjene fra tid til annen. Endringer vil bli publisert p\u00e5 denne siden, og du vil bli varslet via e-post eller melding. Du vil ogs\u00e5 ha muligheten til \u00e5 samtykke til vesentlige endringer. Endringene trer i kraft n\u00e5r de publiseres, og din fortsatte bruk utgj\u00f8r aksept.<\/p>\n\n\n\n<p><strong>Versjon 1.0 \u2013 Utgitt: 01.01.2022<\/strong><\/p>\n<\/div>\n<\/div>\n","protected":false},"excerpt":{"rendered":"<p>Personvernerkl\u00e6ring Retningslinjer for databeskyttelse og informasjonskapsler Introduksjon Hos Qbet Casino er \u00e5penhet sv\u00e6rt viktig for oss, og vi tar personvernet [&hellip;]<\/p>\n","protected":false},"author":7,"featured_media":0,"parent":0,"menu_order":0,"comment_status":"closed","ping_status":"closed","template":"","meta":{"site-sidebar-layout":"default","site-content-layout":"","ast-site-content-layout":"default","site-content-style":"default","site-sidebar-style":"default","ast-global-header-display":"","ast-banner-title-visibility":"","ast-main-header-display":"","ast-hfb-above-header-display":"","ast-hfb-below-header-display":"","ast-hfb-mobile-header-display":"","site-post-title":"disabled","ast-breadcrumbs-content":"","ast-featured-img":"","footer-sml-layout":"","ast-disable-related-posts":"","theme-transparent-header-meta":"","adv-header-id-meta":"","stick-header-meta":"","header-above-stick-meta":"","header-main-stick-meta":"","header-below-stick-meta":"","astra-migrate-meta-layouts":"default","ast-page-background-enabled":"default","ast-page-background-meta":{"desktop":{"background-color":"var(--ast-global-color-5)","background-image":"","background-repeat":"repeat","background-position":"center center","background-size":"auto","background-attachment":"scroll","background-type":"","background-media":"","overlay-type":"","overlay-color":"","overlay-opacity":"","overlay-gradient":""},"tablet":{"background-color":"","background-image":"","background-repeat":"repeat","background-position":"center center","background-size":"auto","background-attachment":"scroll","background-type":"","background-media":"","overlay-type":"","overlay-color":"","overlay-opacity":"","overlay-gradient":""},"mobile":{"background-color":"","background-image":"","background-repeat":"repeat","background-position":"center center","background-size":"auto","background-attachment":"scroll","background-type":"","background-media":"","overlay-type":"","overlay-color":"","overlay-opacity":"","overlay-gradient":""}},"ast-content-background-meta":{"desktop":{"background-color":"var(--ast-global-color-4)","background-image":"","background-repeat":"repeat","background-position":"center center","background-size":"auto","background-attachment":"scroll","background-type":"","background-media":"","overlay-type":"","overlay-color":"","overlay-opacity":"","overlay-gradient":""},"tablet":{"background-color":"var(--ast-global-color-4)","background-image":"","background-repeat":"repeat","background-position":"center center","background-size":"auto","background-attachment":"scroll","background-type":"","background-media":"","overlay-type":"","overlay-color":"","overlay-opacity":"","overlay-gradient":""},"mobile":{"background-color":"var(--ast-global-color-4)","background-image":"","background-repeat":"repeat","background-position":"center center","background-size":"auto","background-attachment":"scroll","background-type":"","background-media":"","overlay-type":"","overlay-color":"","overlay-opacity":"","overlay-gradient":""}},"footnotes":""},"class_list":["post-252","page","type-page","status-publish","hentry"],"_links":{"self":[{"href":"https:\/\/qbet-se.com\/no\/wp-json\/wp\/v2\/pages\/252","targetHints":{"allow":["GET"]}}],"collection":[{"href":"https:\/\/qbet-se.com\/no\/wp-json\/wp\/v2\/pages"}],"about":[{"href":"https:\/\/qbet-se.com\/no\/wp-json\/wp\/v2\/types\/page"}],"author":[{"embeddable":true,"href":"https:\/\/qbet-se.com\/no\/wp-json\/wp\/v2\/users\/7"}],"replies":[{"embeddable":true,"href":"https:\/\/qbet-se.com\/no\/wp-json\/wp\/v2\/comments?post=252"}],"version-history":[{"count":3,"href":"https:\/\/qbet-se.com\/no\/wp-json\/wp\/v2\/pages\/252\/revisions"}],"predecessor-version":[{"id":522,"href":"https:\/\/qbet-se.com\/no\/wp-json\/wp\/v2\/pages\/252\/revisions\/522"}],"wp:attachment":[{"href":"https:\/\/qbet-se.com\/no\/wp-json\/wp\/v2\/media?parent=252"}],"curies":[{"name":"wp","href":"https:\/\/api.w.org\/{rel}","templated":true}]}}