{"id":228,"date":"2026-02-13T07:47:34","date_gmt":"2026-02-13T07:47:34","guid":{"rendered":"https:\/\/qbet-se.com\/?page_id=228"},"modified":"2026-03-31T03:25:28","modified_gmt":"2026-03-31T03:25:28","slug":"odpowiedzialna-gra","status":"publish","type":"page","link":"https:\/\/qbet-se.com\/pl\/odpowiedzialna-gra\/","title":{"rendered":"Odpowiedzialna gra"},"content":{"rendered":"\n<div class=\"wp-block-columns is-layout-flex wp-container-core-columns-is-layout-28f84493 wp-block-columns-is-layout-flex\">\n<div class=\"wp-block-column is-layout-flow wp-block-column-is-layout-flow\">\n<h2 class=\"wp-block-heading\">Odpowiedzialna gra<\/h2>\n\n\n\n<p>Nasza odpowiedzialna gra<\/p>\n\n\n\n<p><strong>Nasze zaanga\u017cowanie w odpowiedzialn\u0105 gr\u0119<\/strong><\/p>\n\n\n\n<p>Jedn\u0105 z podstawowych warto\u015bci <a href=\"https:\/\/qbet-se.com\/pl\/\" data-type=\"page\" data-id=\"182\">Qbet Casino<\/a> jest transparentno\u015b\u0107. Idziemy o krok dalej, daj\u0105c Ci wgl\u0105d w to, jak grasz \u2013 ile, kiedy wygrywasz i przegrywasz. Dlatego naszym celem i zobowi\u0105zaniem jest ci\u0105g\u0142e dbanie o to, aby gry nie by\u0142y nadu\u017cywane, a nasi klienci grali odpowiedzialnie i transparentnie.<\/p>\n\n\n\n<p><strong>Jak gra\u0107 odpowiedzialnie?<\/strong><\/p>\n\n\n\n<ul class=\"wp-block-list\">\n<li>Postrzegaj gry jako rozrywk\u0119, a nie \u017ar\u00f3d\u0142o dochodu.<\/li>\n\n\n\n<li>Nigdy nie graj o wi\u0119cej, ni\u017c mo\u017cesz sobie pozwoli\u0107 straci\u0107. U\u017cywaj limit\u00f3w wp\u0142at i wydatk\u00f3w, aby kontrolowa\u0107 kwoty, kt\u00f3re wydajesz.<\/li>\n\n\n\n<li>Nie go\u0144 za stratami \u2013 cz\u0119sto prowadzi to do problem\u00f3w.<\/li>\n\n\n\n<li>\u015aled\u017a, jak d\u0142ugo grasz. U\u017cyj limit\u00f3w sesji, aby kontrolowa\u0107, jak d\u0142ugo mo\u017cesz pozosta\u0107 zalogowany.<\/li>\n\n\n\n<li>Utrzymuj r\u00f3wnowag\u0119 mi\u0119dzy graniem a innymi aktywno\u015bciami. Je\u015bli granie stanie si\u0119 Twoj\u0105 jedyn\u0105 form\u0105 rozrywki, zatrzymaj si\u0119 i zastan\u00f3w, czy nadal sprawia Ci przyjemno\u015b\u0107.<\/li>\n\n\n\n<li>R\u00f3b regularne przerwy. D\u0142ugotrwa\u0142e granie mo\u017ce sprawi\u0107, \u017ce stracisz poczucie czasu i perspektywy.<\/li>\n\n\n\n<li>Nie graj pod wp\u0142ywem alkoholu lub gdy jeste\u015b zdenerwowany czy przygn\u0119biony \u2013 zaburza to twoj\u0105 ocen\u0119 sytuacji.<\/li>\n\n\n\n<li>Zastan\u00f3w si\u0119, ile czasu i pieni\u0119dzy po\u015bwi\u0119casz na hazard. Mo\u017cesz to \u015bledzi\u0107 w historii swojego konta online.<\/li>\n\n\n\n<li>Dowiedz si\u0119, jakie s\u0105 Twoje szanse na wygran\u0105 i jak dzia\u0142a produkt.<\/li>\n\n\n\n<li>Je\u015bli chcesz porozmawia\u0107 z kim\u015b o swoim problemie z hazardem, skontaktuj si\u0119 z grup\u0105 wsparcia dla os\u00f3b uzale\u017cnionych od hazardu.<\/li>\n<\/ul>\n\n\n\n<p><strong>Czym jest problem hazardu?<\/strong><\/p>\n\n\n\n<p>Problem z hazardem obejmuje hazard w stopniu, kt\u00f3ry zagra\u017ca, zak\u0142\u00f3ca lub niszczy \u017cycie rodzinne, relacje osobiste lub spos\u00f3b sp\u0119dzania wolnego czasu. Osoba uzale\u017cniona od hazardu jest cz\u0119sto opisywana jako osoba, kt\u00f3ra wyda\u0142a na hazard wi\u0119cej pieni\u0119dzy i\/lub czasu, ni\u017c jest w stanie sobie na to pozwoli\u0107.<\/p>\n\n\n\n<p><strong>Oznaki ostrzegawcze problemu z hazardem<\/strong><\/p>\n\n\n\n<ul class=\"wp-block-list\">\n<li>Wydajesz na hazard wi\u0119cej pieni\u0119dzy i czasu, ni\u017c mo\u017cesz sobie pozwoli\u0107.<\/li>\n\n\n\n<li>Masz trudno\u015bci z zaprzestaniem lub kontrolowaniem hazardu.<\/li>\n\n\n\n<li>K\u0142\u00f3tnie z rodzin\u0105 lub przyjaci\u00f3\u0142mi na temat pieni\u0119dzy i hazardu.<\/li>\n\n\n\n<li>Zmniejszona ch\u0119\u0107 wykonywania typowych czynno\u015bci i zainteresowa\u0144.<\/li>\n\n\n\n<li>My\u015blisz i rozmawiasz o grach bez przerwy.<\/li>\n\n\n\n<li>K\u0142amiesz w sprawie hazardu lub ukrywasz sw\u00f3j hazard.<\/li>\n\n\n\n<li>Gonisz za stratami lub grasz, \u017ceby rozwi\u0105za\u0107 problemy finansowe.<\/li>\n\n\n\n<li>Grasz, dop\u00f3ki nie stracisz wszystkich pieni\u0119dzy.<\/li>\n\n\n\n<li>Po\u017cyczasz pieni\u0105dze, sprzedajesz rzeczy lub ignorujesz rachunki, aby sfinansowa\u0107 hazard.<\/li>\n\n\n\n<li>Aby osi\u0105gn\u0105\u0107 ten sam efekt, potrzebne s\u0105 wy\u017csze stawki lub d\u0142u\u017cszy czas gry.<\/li>\n\n\n\n<li>Praca\/nauka\/rodzina\/obowi\u0105zki cierpi\u0105.<\/li>\n\n\n\n<li>Uczucia niepokoju, winy, depresji i dra\u017cliwo\u015bci.<\/li>\n<\/ul>\n\n\n\n<p><strong>Narz\u0119dzia, kt\u00f3re pomagaj\u0105<\/strong><\/p>\n\n\n\n<p>Praktyczne wskaz\u00f3wki i rozwi\u0105zania, kt\u00f3re pomog\u0105 Ci zapobiega\u0107 problemom. Poni\u017csze narz\u0119dzia pozwol\u0105 Ci samodzielnie monitorowa\u0107 problem i, w razie potrzeby, ograniczy\u0107 lub ca\u0142kowicie zaprzesta\u0107 uprawiania hazardu.<\/p>\n\n\n\n<p><strong>Limit depozytu<\/strong><\/p>\n\n\n\n<p>Limity wp\u0142at pozwalaj\u0105 Ci okre\u015bli\u0107, ile pieni\u0119dzy mo\u017cesz wp\u0142aci\u0107 w ci\u0105gu dnia, tygodnia lub miesi\u0105ca.<br>Po osi\u0105gni\u0119ciu limitu nie mo\u017cesz wp\u0142aca\u0107 wi\u0119cej, dop\u00f3ki limit nie zostanie zresetowany. Nadal mo\u017cesz korzysta\u0107 z innych us\u0142ug Qbet , w tym gra\u0107 za pomoc\u0105 istniej\u0105cych \u015brodk\u00f3w na swoim koncie.<\/p>\n\n\n\n<p><strong>Zr\u00f3b sobie przerw\u0119<\/strong><\/p>\n\n\n\n<p>Je\u015bli chcesz zrobi\u0107 sobie kr\u00f3tk\u0105 przerw\u0119 od gier i zak\u0142ad\u00f3w, mo\u017cesz wybra\u0107 opcj\u0119 <strong>\u201ePrzerwa\u201d <\/strong>trwaj\u0105c\u0105 72 godziny, 7 dni lub 30 dni.<br>W trakcie przerwy nie mo\u017cesz gra\u0107 ani obstawia\u0107, ale mo\u017cesz si\u0119 zalogowa\u0107 i wyp\u0142aci\u0107 pozosta\u0142e \u015brodki.<\/p>\n\n\n\n<p><strong>Autotest<\/strong><\/p>\n\n\n\n<p>Anonimowi Hazardzi\u015bci oferuj\u0105 prosty test, kt\u00f3ry pomo\u017ce Ci oceni\u0107, czy hazard jest przyczyn\u0105 problemu:<br><a href=\"http:\/\/www.gamblersanonymous.org\/ga\/content\/20-questions\" target=\"_blank\" rel=\"noopener\"><strong>www.gamblersanonymous.org\/ga\/content\/20-questions<\/strong><\/a><\/p>\n\n\n\n<p><strong>Samoczynne wy\u0142\u0105czenie<\/strong><\/p>\n\n\n\n<p>Zaloguj si\u0119 na swoje konto Qbet , przejd\u017a do ustawie\u0144 konta i wybierz interesuj\u0105c\u0105 Ci\u0119 opcj\u0119 samowykluczenia.<\/p>\n\n\n\n<p><strong>Kto mo\u017ce pom\u00f3c?<\/strong><\/p>\n\n\n\n<p>Je\u015bli Ty lub kto\u015b, kogo znasz, ma problem \u2013 poszukaj wsparcia. Przyznanie si\u0119 do problemu jest oznak\u0105 si\u0142y, podobnie jak szukanie pomocy. Poni\u017cej znajdziesz organizacje, kt\u00f3re na co dzie\u0144 zajmuj\u0105 si\u0119 problemami zwi\u0105zanymi z hazardem.<\/p>\n\n\n\n<p><strong>Organizacje<\/strong><\/p>\n\n\n\n<p><strong>Terapia<\/strong><br><strong>hazardowa <\/strong><a href=\"http:\/\/www.gamblingtherapy.org\/\" target=\"_blank\" rel=\"noopener\">www.gamblingtherapy.org<\/a><br>Globalna us\u0142uga oferuj\u0105ca bezp\u0142atne, praktyczne porady i wsparcie emocjonalne dla wszystkich os\u00f3b dotkni\u0119tych problemem hazardu.<\/p>\n\n\n\n<p><strong>Anonimowi Hazardzi\u015bci<\/strong><br><a href=\"http:\/\/www.gamblersanonymous.org.uk\/\" target=\"_blank\" rel=\"noopener\">www.gamblersanonymous.org.uk<\/a><br>Fora, czat, materia\u0142y i \u2013 co najwa\u017cniejsze \u2013 wyszukiwarka spotka\u0144. Spotkania odbywaj\u0105 si\u0119 codziennie w Anglii, Walii i Ulsterze.<\/p>\n\n\n\n<p><strong>Dunlewey us\u0142ugi<\/strong><br><strong>dla os\u00f3b uzale\u017cnionych <\/strong><a href=\"http:\/\/www.dunlewey.org\/\" target=\"_blank\" rel=\"noopener\">www.dunlewey.org<\/a><br>Bezp\u0142atny i poufny program oferuj\u0105cy doradztwo i mentoring dla os\u00f3b maj\u0105cych problemy z u\u017cywaniem substancji psychoaktywnych lub hazardem, zar\u00f3wno swoim, jak i innych.<\/p>\n\n\n\n<p><strong>Blokuj witryny z grami<\/strong><\/p>\n\n\n\n<p><strong>Gamban.com<\/strong><br><a href=\"http:\/\/www.gamban.com\/\" target=\"_blank\" rel=\"noopener\">www.gamban.com<\/a><br>Je\u015bli chcesz uniemo\u017cliwi\u0107 dost\u0119p do stron hazardowych, Gamban mo\u017ce zablokowa\u0107 aplikacje i strony internetowe na urz\u0105dzeniach mobilnych, tabletach i komputerach.<\/p>\n\n\n\n<p><strong>Doradztwo finansowe i dotycz\u0105ce zad\u0142u\u017cenia<\/strong><\/p>\n\n\n\n<p>Hazard mo\u017ce czasami prowadzi\u0107 do niesp\u0142aconych po\u017cyczek lub zad\u0142u\u017cenia na karcie kredytowej. Nie pr\u00f3buj gra\u0107, pr\u00f3buj\u0105c rozwi\u0105za\u0107 takie problemy. Istniej\u0105 organizacje, kt\u00f3re pomog\u0105 Ci w opracowaniu planu.<\/p>\n\n\n\n<p><strong>My Money Steps<\/strong><br><a href=\"http:\/\/www.mymoneysteps.org\/\" target=\"_blank\" rel=\"noopener\">www.mymoneysteps.org<\/a><br>przedstawia mo\u017cliwe opcje zarz\u0105dzania d\u0142ugiem i opracowuje osobisty plan dzia\u0142ania.<\/p>\n\n\n\n<p><strong>Jak pom\u00f3c przyjacielowi<\/strong><\/p>\n\n\n\n<p><strong>Rozpoznaj znaki<\/strong><\/p>\n\n\n\n<p>Pami\u0119taj o tych kwestiach, je\u015bli podejrzewasz, \u017ce Twojemu znajomemu grozi niebezpiecze\u0144stwo w wyniku hazardu:<\/p>\n\n\n\n<ul class=\"wp-block-list\">\n<li><strong>Zapracowanie: <\/strong>Ci\u0105g\u0142e m\u00f3wienie o wygranej nie jest zdrowe.<\/li>\n\n\n\n<li><strong>Tolerancja: <\/strong>Coraz wy\u017csze stawki za ten sam haj.<\/li>\n\n\n\n<li><strong>Nieumiej\u0119tno\u015b\u0107 rzucenia: <\/strong>Pr\u00f3bowa\u0142em, ale mi si\u0119 nie uda\u0142o.<\/li>\n\n\n\n<li><strong>Dra\u017cliwo\u015b\u0107: <\/strong>Denerwuje si\u0119, je\u015bli nie mo\u017ce si\u0119 bawi\u0107.<\/li>\n\n\n\n<li><strong>Ucieczka: <\/strong>U\u017cywa gier, aby uciec od problem\u00f3w w domu\/pracy.<\/li>\n\n\n\n<li><strong>Pogo\u0144 za stratami: <\/strong>pr\u00f3ba odzyskania pieni\u0119dzy.<\/li>\n\n\n\n<li><strong>Ukryj: <\/strong>Gra skradankowa na telefonie kom\u00f3rkowym pod sto\u0142em.<\/li>\n\n\n\n<li><strong>Po\u017cycz pieni\u0105dze: <\/strong>Popro\u015b znajomych o pieni\u0105dze na gr\u0119.<\/li>\n\n\n\n<li><strong>K\u0142amstwo: <\/strong>ukrywanie strat \u2013 mo\u017ce wskazywa\u0107 na g\u0142\u0119bsze problemy.<\/li>\n<\/ul>\n\n\n\n<p><strong>Czy uwa\u017casz, \u017ce Ty lub kto\u015b inny ma problem? Co robisz?<\/strong><\/p>\n\n\n\n<p>Je\u015bli zauwa\u017cysz kilka oznak u znajomego \u2013 porozmawiaj z nim spokojnie.<br>Proste \u201eZauwa\u017cy\u0142em, \u017ce ostatnio du\u017co grasz \u2013 czy wszystko w porz\u0105dku?\u201d mo\u017ce wiele zdzia\u0142a\u0107. Wsparcie jest kluczowe. Zapoznaj si\u0119 z sekcj\u0105 <strong>\u201eKto mo\u017ce pom\u00f3c\u201d <\/strong>, aby dowiedzie\u0107 si\u0119, jak si\u0119 z nim skontaktowa\u0107.<\/p>\n\n\n\n<p><strong>Chro\u0144 nieletnich<\/strong><\/p>\n\n\n\n<p>Nie chcemy, \u017ceby dzieci gra\u0142y \u2013 kropka. Sprawdzamy wiek na ka\u017cdym koncie, aby upewni\u0107 si\u0119, \u017ce klienci maj\u0105 uko\u0144czone 18 lat i mog\u0105 legalnie gra\u0107.<br>Je\u015bli nie b\u0119dziemy mogli potwierdzi\u0107 wieku za pomoc\u0105 weryfikacji elektronicznej, zablokujemy konto i poprosimy o okazanie dowodu potwierdzaj\u0105cego wiek.<\/p>\n\n\n\n<p>Dzieci cz\u0119sto korzystaj\u0105 z urz\u0105dze\u0144 rodzic\u00f3w, a Ty mo\u017cesz by\u0107 na nich zalogowany. Firmy produkuj\u0105ce gry i rodzice musz\u0105 ze sob\u0105 wsp\u00f3\u0142pracowa\u0107, aby chroni\u0107 nieletnich.<\/p>\n\n\n\n<p><strong>Wskaz\u00f3wki dotycz\u0105ce ochrony nieletnich<\/strong><\/p>\n\n\n\n<ul class=\"wp-block-list\">\n<li>Przechowuj swoj\u0105 nazw\u0119 u\u017cytkownika, has\u0142o i dane dotycz\u0105ce depozytu poza zasi\u0119giem dzieci (nie zapisuj ich na karteczce samoprzylepnej na komputerze).<\/li>\n\n\n\n<li>Nie zapisuj hase\u0142 i nie korzystaj z funkcji automatycznego wype\u0142niania .<\/li>\n\n\n\n<li>Zawsze wylogowuj si\u0119 ze swojego konta Qbet , je\u015bli w pobli\u017cu znajduj\u0105 si\u0119 dzieci.<\/li>\n\n\n\n<li>Zainstaluj filtry sieciowe, np. NetNanny , aby blokowa\u0107 witryny z grami na komputerze i urz\u0105dzeniu mobilnym.<\/li>\n\n\n\n<li>Porozmawiaj z dzie\u0107mi o legalno\u015bci hazardu w\u015br\u00f3d os\u00f3b nieletnich i zagro\u017ceniach z nim zwi\u0105zanych.<\/li>\n\n\n\n<li>Ogranicz czas, jaki Twoje dzieci sp\u0119dzaj\u0105 w Internecie.<\/li>\n\n\n\n<li>Korzystaj z wbudowanej kontroli rodzicielskiej na urz\u0105dzeniach mobilnych\/tabletach\/komputerach\/telewizorach.<\/li>\n<\/ul>\n<\/div>\n<\/div>\n","protected":false},"excerpt":{"rendered":"<p>Odpowiedzialna gra Nasza odpowiedzialna gra Nasze zaanga\u017cowanie w odpowiedzialn\u0105 gr\u0119 Jedn\u0105 z podstawowych warto\u015bci Qbet Casino jest transparentno\u015b\u0107. Idziemy o [&hellip;]<\/p>\n","protected":false},"author":7,"featured_media":0,"parent":0,"menu_order":0,"comment_status":"closed","ping_status":"closed","template":"","meta":{"site-sidebar-layout":"default","site-content-layout":"","ast-site-content-layout":"default","site-content-style":"default","site-sidebar-style":"default","ast-global-header-display":"","ast-banner-title-visibility":"","ast-main-header-display":"","ast-hfb-above-header-display":"","ast-hfb-below-header-display":"","ast-hfb-mobile-header-display":"","site-post-title":"disabled","ast-breadcrumbs-content":"","ast-featured-img":"","footer-sml-layout":"","ast-disable-related-posts":"","theme-transparent-header-meta":"","adv-header-id-meta":"","stick-header-meta":"","header-above-stick-meta":"","header-main-stick-meta":"","header-below-stick-meta":"","astra-migrate-meta-layouts":"default","ast-page-background-enabled":"default","ast-page-background-meta":{"desktop":{"background-color":"var(--ast-global-color-5)","background-image":"","background-repeat":"repeat","background-position":"center center","background-size":"auto","background-attachment":"scroll","background-type":"","background-media":"","overlay-type":"","overlay-color":"","overlay-opacity":"","overlay-gradient":""},"tablet":{"background-color":"","background-image":"","background-repeat":"repeat","background-position":"center center","background-size":"auto","background-attachment":"scroll","background-type":"","background-media":"","overlay-type":"","overlay-color":"","overlay-opacity":"","overlay-gradient":""},"mobile":{"background-color":"","background-image":"","background-repeat":"repeat","background-position":"center center","background-size":"auto","background-attachment":"scroll","background-type":"","background-media":"","overlay-type":"","overlay-color":"","overlay-opacity":"","overlay-gradient":""}},"ast-content-background-meta":{"desktop":{"background-color":"var(--ast-global-color-4)","background-image":"","background-repeat":"repeat","background-position":"center center","background-size":"auto","background-attachment":"scroll","background-type":"","background-media":"","overlay-type":"","overlay-color":"","overlay-opacity":"","overlay-gradient":""},"tablet":{"background-color":"var(--ast-global-color-4)","background-image":"","background-repeat":"repeat","background-position":"center center","background-size":"auto","background-attachment":"scroll","background-type":"","background-media":"","overlay-type":"","overlay-color":"","overlay-opacity":"","overlay-gradient":""},"mobile":{"background-color":"var(--ast-global-color-4)","background-image":"","background-repeat":"repeat","background-position":"center center","background-size":"auto","background-attachment":"scroll","background-type":"","background-media":"","overlay-type":"","overlay-color":"","overlay-opacity":"","overlay-gradient":""}},"footnotes":""},"class_list":["post-228","page","type-page","status-publish","hentry"],"_links":{"self":[{"href":"https:\/\/qbet-se.com\/pl\/wp-json\/wp\/v2\/pages\/228","targetHints":{"allow":["GET"]}}],"collection":[{"href":"https:\/\/qbet-se.com\/pl\/wp-json\/wp\/v2\/pages"}],"about":[{"href":"https:\/\/qbet-se.com\/pl\/wp-json\/wp\/v2\/types\/page"}],"author":[{"embeddable":true,"href":"https:\/\/qbet-se.com\/pl\/wp-json\/wp\/v2\/users\/7"}],"replies":[{"embeddable":true,"href":"https:\/\/qbet-se.com\/pl\/wp-json\/wp\/v2\/comments?post=228"}],"version-history":[{"count":2,"href":"https:\/\/qbet-se.com\/pl\/wp-json\/wp\/v2\/pages\/228\/revisions"}],"predecessor-version":[{"id":528,"href":"https:\/\/qbet-se.com\/pl\/wp-json\/wp\/v2\/pages\/228\/revisions\/528"}],"wp:attachment":[{"href":"https:\/\/qbet-se.com\/pl\/wp-json\/wp\/v2\/media?parent=228"}],"curies":[{"name":"wp","href":"https:\/\/api.w.org\/{rel}","templated":true}]}}