{"id":243,"date":"2025-09-09T05:27:38","date_gmt":"2025-09-09T05:27:38","guid":{"rendered":"https:\/\/qbet-se.com\/?page_id=243"},"modified":"2026-03-31T03:26:20","modified_gmt":"2026-03-31T03:26:20","slug":"warunki-bonusowe","status":"publish","type":"page","link":"https:\/\/qbet-se.com\/pl\/warunki-bonusowe\/","title":{"rendered":"Warunki bonusowe"},"content":{"rendered":"\n<div class=\"wp-block-columns is-layout-flex wp-container-core-columns-is-layout-28f84493 wp-block-columns-is-layout-flex\">\n<div class=\"wp-block-column is-layout-flow wp-block-column-is-layout-flow\">\n<h2 class=\"wp-block-heading\" id=\"h-bonusvillkor\">Warunki bonusowe<\/h2>\n\n\n\n<p><strong>Og\u00f3lne warunki i zasady dotycz\u0105ce bonus\u00f3w<\/strong><\/p>\n\n\n\n<p><strong>Regulamin bonus\u00f3w kasynowych<\/strong><\/p>\n\n\n\n<p>Wszystkie bonusy oferowane przez <a href=\"https:\/\/qbet-se.com\/pl\/\" data-type=\"page\" data-id=\"182\">QBet Casino<\/a> mo\u017cna odebra\u0107 tylko raz na osob\u0119\/konto, rodzin\u0119, gospodarstwo domowe, adres, adres e-mail, kart\u0119 kredytow\u0105, urz\u0105dzenie, adres IP lub \u015brodowisko, w kt\u00f3rym komputery s\u0105 wsp\u00f3\u0142dzielone (uniwersytet, szko\u0142a, miejsce pracy, biblioteka itp.).<\/p>\n\n\n\n<p>Je\u015bli kampania lub promocja wymaga wp\u0142aty kwalifikuj\u0105cego depozytu, nale\u017cy go dokona\u0107 w ramach jednej transakcji; wielokrotne wp\u0142aty nie s\u0105 brane pod uwag\u0119.<\/p>\n\n\n\n<p>Oferty bonusowe przesy\u0142ane za po\u015brednictwem poczty e-mail, SMS-\u00f3w i innych kana\u0142\u00f3w maj\u0105 charakter osobisty i dotycz\u0105 wy\u0142\u0105cznie odbiorcy, do kt\u00f3rego QBet wys\u0142a\u0142 ofert\u0119.<\/p>\n\n\n\n<p>Ka\u017cdy bonus QBet jest wa\u017cny przez okre\u015blony czas promocyjny i musi zosta\u0107 wykorzystany w tym okresie. Niewykorzystane bonusy trac\u0105 wa\u017cno\u015b\u0107.<\/p>\n\n\n\n<p>Aby otrzyma\u0107 bonus od QBet , wszystkie dane osobowe musz\u0105 by\u0107 dok\u0142adne i aktualne. QBet zastrzega sobie prawo do uniewa\u017cnienia bonus\u00f3w i wygranych na kontach z nieprawid\u0142owymi danymi.<\/p>\n\n\n\n<p>Bonus\u00f3w nie mo\u017cna \u0142\u0105czy\u0107 z innymi promocjami ani wykorzystywa\u0107 r\u00f3wnolegle, chyba \u017ce wyra\u017anie wskazano inaczej.<\/p>\n\n\n\n<p>\u015arodki bonusowe z promocji kasynowych obowi\u0105zuj\u0105 tylko na automatach. Zak\u0142ady na gry sto\u0142owe, wideopoker lub inne kategorie poza automatami nie wliczaj\u0105 si\u0119 do wymogu obrotu.<\/p>\n\n\n\n<p>F\u00f6ljande slots \u00e4r Gry bonusowe : Deep Rush, Aviator, 9 Lions, Plinko, Lil Devil, Triple Cash or Crash, London Tube, Wild Swarm, Take the Shot, Scrooge, Dwarfs Fortune, Butterfly Lovers, Money Cart 4, Tomb Raider \u2013 Secret of the Sword <strong>, Hot 777, Space XY, Lines, 9 Burning Stars, Babylon Riches, Gem Saviour, Bison Battle, Dragon&#8217;s Crash, Black Horse Cash Out Edition, Limbo, African Spirit Sticky Wilds, Hood vs Wolf, Savage Jungle, The Wish Master Megaways , Football Mania Deluxe, Mice &amp; Magic Wonder Spin, Beautiful Bones, WBC Ring of Riches, Telly Reels, Fruit Mania Deluxe, Tiki Tumble, The Perfect Heist, Cool Buck, Beach Invaders, Money Cart, Monsters Unchained, Pushy Cats, Wild Heart, Siren&#8217;s Riches, Plinko, Strefy Mocy Ishtar, Blaze of Ra, Razor Shark, 1000X BUSTA, Legion Hot 1, Robin \u2013 Nottingham Raiders, Spina Colada, Towering Pays Valhalla, Hammer of Gods, 100 Bit Dice, Wikingowie id\u0105 do piek\u0142a, Wikingowie wpadaj\u0105 w sza\u0142 , Hunters Moon Gigablox , Return of the Valkyrie, Ancient Eclipse, Robin \u2013 Sherwood Marauders, Cauldron, The Hot Offer, Spaceman, 5 rodzin, Double Dragons, Alchymedes , Ozwins Jackpots, Tut&#8217;s Twister, Wolf Hunters, Dark Vortex, Baron Samedi, Football Glory, Atlantean Gigarise , Frost Queen Jackpots, Royal Family, Take Santa&#8217;s Shop, Take Olympus, Take the Kingdom, Knockout Football, Marvelous Furlongs, Presto!, Fruit Mania, Fruit Mania, Hula Magic, Xi You Ji, Ancients B\u0142ogos\u0142awie\u0144stwo, Bomba Arcade, Atlantyda, Kodeks Aurum, Aztec Spins, Beriched , Betty, Boris i Boo, Krwiopijcy, Ksi\u0119ga 99, Cash Ultimate, Korona Waleczno\u015bci, Dead or Alive 2, Dead or Alive, Diamond Blitz, Infinireels Dragon&#8217;s Fire, Megaways Dragon&#8217;s Fire , Dwarfs Gone Wild, EggOMatic , Oko Krakena, Fa Fa Babies, Forever 7, Frequent Flyer, Gems Gone Wild Power Reels, Get The Gold InfiniReels , Bogowie Troi, Z\u0142oty Lotos, Z\u0142oty Car, Moneta Harle, Hellcatraz , Sekrety Atlantydy, Skarb Posejdona, Gor\u0105ca linia, Jack Hammer 2: Fishy Business, Skarabeusze Klejnot\u00f3w, Knight Rider, Skarb Lwa, Szcz\u0119\u015bliwe Pi\u0105tki, Magikspell , Mahjong 88, Marching Legions, Money Cart 2, Bogactwo Mno\u017cnika, Trzy Muszkieterowie, Tajemniczy Joker 6000, Nocny Wahad\u0142owiec, Per\u0142y Indii, Piraci \u015awinek, Kr\u00f3l Naczelnych, Gniew M\u00f3rz, Gniew do Bogactwa, Legenda RA, Napad na Szpul\u0119, Stra\u017cnik Szpuli, B\u0119bny Mocy Reptizillions , Zagadka Sfinksa, Za\u0142oga Chaosu, Kopalnie, Monety, Skrzynie, Agent 51, Wiek Smok\u00f3w, Wiek Huracana, Marzenia o Bangkoku, P\u0142on\u0105cy Byk, P\u0142on\u0105cy Byk 2, Karaibska Anne, Karaibska Anne 2, Kosmiczne Uroki, Kryszta\u0142owa Jaskinia, Dino Odyseja, Formu\u0142a Finnegana, Fortuna Ognistego Drake&#8217;a, Gobliny i Kamienie Szlachetne, Hong Bao, Klejnoty Jowisza, \u015awi\u0119ta Jokera, Maui Millions, Skarb Midasa, B\u00f3g Ma\u0142p, Pyro Pixie, Holmes: Detektyw Szpulowy, \u0141owcy Nieba, Z\u0142ote Drzewo, Kr\u00f3lowa Zombie, Kr\u00f3l S\u0142oneczny, Kr\u00f3lowa S\u0142oneczna, S\u0142oneczna \u015awi\u0105tynia, Kr\u00f3l Egiptu, Kochbuch , Rzym: Z\u0142oty Wiek, Kr\u00f3lewskie Klejnoty, \u0141owca Morza, Kr\u00f3lowie Serengeti, Spin Town, Street Fighter II: The World Warrior Slot, Super Striker, The Wisecracker Lightning, Trzej Muszkieterowie, Tower Quest, Viking Runecraft, Snakes and Ladders Megadice , Jungle Gorilla, Winda got\u00f3wkowa, 3 Kr\u00f3lestwa \u2013 Bitwa o Czerwone Klify, Z\u0142oty Poci\u0105g, Kr\u00f3lestwo Smok\u00f3w \u2013 Oczy Ognia, Studnia \u017bycze\u0144, Bia\u0142y Kr\u00f3lik Megaways , Wilderland , Dzika Ekspedycja, Dzikie B\u0119bny Hot Chilli, Dzika Godzina , Win Escalator, Sknerus, Larry Skrzat, Hot 777 Deluxe, 11 Mistrz\u00f3w, Fruit Mania, Cool Buck, Czarny Ko\u0144 Deluxe, We\u017a Bank, Tomb Raider \u2013 Sekret Miecza, Plinko 2, W\u00f3zek z pieni\u0119dzmi 3, Pi\u0119kne Ko\u015bci, P\u00f3\u0142nocne Pragnienie, 11 Mistrz\u00f3w.<\/strong><\/p>\n\n\n\n<p>Graj\u0105c z wykorzystaniem \u015brodk\u00f3w bonusowych, zabrania si\u0119 korzystania z funkcji <strong>Feature Buy <\/strong>w slotach , kt\u00f3re j\u0105 oferuj\u0105.<\/p>\n\n\n\n<p>QBet zastrzega sobie prawo do:<\/p>\n\n\n\n<ul class=\"wp-block-list\">\n<li>utraci\u0107 przyznany bonus i wszystkie wygrane z niego wynikaj\u0105ce i\/lub<\/li>\n\n\n\n<li>cofn\u0105\u0107 lub odm\u00f3wi\u0107 przyznania bonusu i\/lub zablokowa\u0107 dost\u0119p do niekt\u00f3rych produkt\u00f3w i\/lub<\/li>\n\n\n\n<li>wykluczy\u0107 gracza z przysz\u0142ych promocji i\/lub natychmiast zamkn\u0105\u0107 konto.<\/li>\n<\/ul>\n\n\n\n<p>QBet mo\u017ce w dowolnym momencie sprawdzi\u0107 histori\u0119 Twoich gier i wykorzystane bonusy. W przypadku nadu\u017cycia, bonusy lub wygrane mog\u0105 zosta\u0107 skonfiskowane, a konto zamkni\u0119te.<\/p>\n\n\n\n<p>W pierwszej kolejno\u015bci zawsze wykorzystywane s\u0105 Twoje w\u0142asne wp\u0142acone \u015brodki. Do wymog\u00f3w obrotu wliczane s\u0105 tylko gry z pieni\u0119dzmi bonusowymi. Wygrane z funduszy bonusowych s\u0105 uznawane za bonus i nie mo\u017cna ich wyp\u0142aci\u0107, dop\u00f3ki nie zostan\u0105 spe\u0142nione wymogi obrotu.<\/p>\n\n\n\n<p>Je\u015bli anulujesz bonus lub darmowe spiny, stracisz zar\u00f3wno bonus\/ spiny , jak i wszystkie uzyskane z nich wygrane.<\/p>\n\n\n\n<p>Wygrane z darmowych spin\u00f3w lub bonus\u00f3w bez depozytu nie mog\u0105 przekroczy\u0107 <strong>100 \u20ac <\/strong>(lub r\u00f3wnowarto\u015bci). Wszelkie nadwy\u017cki zostan\u0105 anulowane.<\/p>\n\n\n\n<p>Maksymalne kwoty wygranych:<\/p>\n\n\n\n<ul class=\"wp-block-list\">\n<li>NOK: 1000 NOK<\/li>\n\n\n\n<li>EUR: 100 \u20ac<\/li>\n\n\n\n<li>CAD: 100 CAD<\/li>\n<\/ul>\n\n\n\n<p>Je\u015bli w podanym terminie wymagania dotycz\u0105ce zak\u0142ad\u00f3w nie zostan\u0105 spe\u0142nione, bonus i wszystkie wygrane zostan\u0105 utracone.<\/p>\n\n\n\n<p>QBet zastrzega sobie prawo do zmiany, wstrzymania lub zako\u0144czenia promocji bez powiadomienia.<br>W przypadku sporu, wersja angielska regulaminu ma zawsze pierwsze\u0144stwo.<\/p>\n\n\n\n<p><strong>Bonusy od depozytu\/ do\u0142adowania<\/strong><\/p>\n\n\n\n<p>za do\u0142adowanie lub depozyt mog\u0105 by\u0107 oferowane regularnie. Po dokonaniu kwalifikuj\u0105cego depozytu, Tw\u00f3j depozyt zostanie podwojony o okre\u015blony procent do okre\u015blonej kwoty.<\/p>\n\n\n\n<ul class=\"wp-block-list\">\n<li>Bonusy kasynowe do <strong>100% <\/strong>maj\u0105 wym\u00f3g obrotu wynosz\u0105cy <strong>40-krotno\u015b\u0107 <\/strong>kwoty bonusu.<\/li>\n\n\n\n<li>Bonusy kasynowe od <strong>101% wzwy\u017c <\/strong>maj\u0105 wym\u00f3g obrotu wynosz\u0105cy <strong>50x <\/strong>kwoty bonusu.<\/li>\n<\/ul>\n\n\n\n<p>Jednocze\u015bnie mo\u017ce by\u0107 aktywny tylko jeden bonus. Bonusy od depozytu nie \u0142\u0105cz\u0105 si\u0119.<br>O ile nie zaznaczono inaczej, wszystkie bonusy od depozytu wygasaj\u0105 po <strong>30 dniach <\/strong>.<\/p>\n\n\n\n<p>Tylko zak\u0142ady postawione za \u015brodki bonusowe licz\u0105 si\u0119 do wymogu obrotu.<br>Gracze mog\u0105 anulowa\u0107 bonus w dowolnym momencie i wyp\u0142aci\u0107 pozosta\u0142e \u015brodki.<\/p>\n\n\n\n<p>Maksymalny zak\u0142ad w trakcie obrotu: <strong>4 \u20ac lub 0,4 \u20ac na lini\u0119.<\/strong><\/p>\n\n\n\n<p>Po aktywacji bonusu od depozytu, zar\u00f3wno \u015brodki depozytowe, jak i bonusowe musz\u0105 zosta\u0107 wykorzystane na automatach . Wygrane z funkcji zainicjowanych za pomoc\u0105 \u015brodk\u00f3w bonusowych, ale zako\u0144czonych po wyga\u015bni\u0119ciu bonusu, zostan\u0105 usuni\u0119te.<\/p>\n\n\n\n<p>Wykorzystanie bonus\u00f3w wy\u0142\u0105cznie w celu \u201ewykorzystania\u201d warto\u015bci w grach bonusowych mo\u017ce spowodowa\u0107 uniewa\u017cnienie wygranych.<\/p>\n\n\n\n<p>Obowi\u0105zuj\u0105 og\u00f3lne warunki i zasady dotycz\u0105ce bonus\u00f3w kasynowych.<\/p>\n\n\n\n<p><strong>Darmowe spiny<\/strong><\/p>\n\n\n\n<p>Darmowe spiny to darmowe gry, kt\u00f3re s\u0105 czasami oferowane.<\/p>\n\n\n\n<ul class=\"wp-block-list\">\n<li>O ile nie zaznaczono inaczej, darmowe obroty s\u0105 przypisane do konkretnej gry.<\/li>\n\n\n\n<li>Gra si\u0119 w nie zawsze za stawk\u0119 podan\u0105 w ofercie.<\/li>\n\n\n\n<li>Wygrane z darmowych spin\u00f3w podlegaj\u0105 wymogowi obrotu wynosz\u0105cemu <strong>35x <\/strong>, chyba \u017ce okre\u015blono inaczej.<\/li>\n<\/ul>\n\n\n\n<p>W przypadku niekonkretnych zasad dotycz\u0105cych bonus\u00f3w obowi\u0105zuj\u0105 <a href=\"https:\/\/qbet-se.com\/pl\/warunki-korzystania-z-serwisu\/\" data-type=\"page\" data-id=\"273\">og\u00f3lne warunki<\/a>.<\/p>\n\n\n\n<p><strong>Wersja 04, 08.08.2025<\/strong><\/p>\n<\/div>\n<\/div>\n","protected":false},"excerpt":{"rendered":"<p>Warunki bonusowe Og\u00f3lne warunki i zasady dotycz\u0105ce bonus\u00f3w Regulamin bonus\u00f3w kasynowych Wszystkie bonusy oferowane przez QBet Casino mo\u017cna odebra\u0107 tylko [&hellip;]<\/p>\n","protected":false},"author":7,"featured_media":0,"parent":0,"menu_order":0,"comment_status":"closed","ping_status":"closed","template":"","meta":{"site-sidebar-layout":"default","site-content-layout":"","ast-site-content-layout":"default","site-content-style":"default","site-sidebar-style":"default","ast-global-header-display":"","ast-banner-title-visibility":"","ast-main-header-display":"","ast-hfb-above-header-display":"","ast-hfb-below-header-display":"","ast-hfb-mobile-header-display":"","site-post-title":"disabled","ast-breadcrumbs-content":"","ast-featured-img":"","footer-sml-layout":"","ast-disable-related-posts":"","theme-transparent-header-meta":"","adv-header-id-meta":"","stick-header-meta":"","header-above-stick-meta":"","header-main-stick-meta":"","header-below-stick-meta":"","astra-migrate-meta-layouts":"default","ast-page-background-enabled":"default","ast-page-background-meta":{"desktop":{"background-color":"var(--ast-global-color-5)","background-image":"","background-repeat":"repeat","background-position":"center center","background-size":"auto","background-attachment":"scroll","background-type":"","background-media":"","overlay-type":"","overlay-color":"","overlay-opacity":"","overlay-gradient":""},"tablet":{"background-color":"","background-image":"","background-repeat":"repeat","background-position":"center center","background-size":"auto","background-attachment":"scroll","background-type":"","background-media":"","overlay-type":"","overlay-color":"","overlay-opacity":"","overlay-gradient":""},"mobile":{"background-color":"","background-image":"","background-repeat":"repeat","background-position":"center center","background-size":"auto","background-attachment":"scroll","background-type":"","background-media":"","overlay-type":"","overlay-color":"","overlay-opacity":"","overlay-gradient":""}},"ast-content-background-meta":{"desktop":{"background-color":"var(--ast-global-color-4)","background-image":"","background-repeat":"repeat","background-position":"center center","background-size":"auto","background-attachment":"scroll","background-type":"","background-media":"","overlay-type":"","overlay-color":"","overlay-opacity":"","overlay-gradient":""},"tablet":{"background-color":"var(--ast-global-color-4)","background-image":"","background-repeat":"repeat","background-position":"center center","background-size":"auto","background-attachment":"scroll","background-type":"","background-media":"","overlay-type":"","overlay-color":"","overlay-opacity":"","overlay-gradient":""},"mobile":{"background-color":"var(--ast-global-color-4)","background-image":"","background-repeat":"repeat","background-position":"center center","background-size":"auto","background-attachment":"scroll","background-type":"","background-media":"","overlay-type":"","overlay-color":"","overlay-opacity":"","overlay-gradient":""}},"footnotes":""},"class_list":["post-243","page","type-page","status-publish","hentry"],"_links":{"self":[{"href":"https:\/\/qbet-se.com\/pl\/wp-json\/wp\/v2\/pages\/243","targetHints":{"allow":["GET"]}}],"collection":[{"href":"https:\/\/qbet-se.com\/pl\/wp-json\/wp\/v2\/pages"}],"about":[{"href":"https:\/\/qbet-se.com\/pl\/wp-json\/wp\/v2\/types\/page"}],"author":[{"embeddable":true,"href":"https:\/\/qbet-se.com\/pl\/wp-json\/wp\/v2\/users\/7"}],"replies":[{"embeddable":true,"href":"https:\/\/qbet-se.com\/pl\/wp-json\/wp\/v2\/comments?post=243"}],"version-history":[{"count":3,"href":"https:\/\/qbet-se.com\/pl\/wp-json\/wp\/v2\/pages\/243\/revisions"}],"predecessor-version":[{"id":529,"href":"https:\/\/qbet-se.com\/pl\/wp-json\/wp\/v2\/pages\/243\/revisions\/529"}],"wp:attachment":[{"href":"https:\/\/qbet-se.com\/pl\/wp-json\/wp\/v2\/media?parent=243"}],"curies":[{"name":"wp","href":"https:\/\/api.w.org\/{rel}","templated":true}]}}