{"id":250,"date":"2025-09-09T05:28:39","date_gmt":"2025-09-09T05:28:39","guid":{"rendered":"https:\/\/qbet-se.com\/?page_id=250"},"modified":"2026-03-31T03:26:44","modified_gmt":"2026-03-31T03:26:44","slug":"polityka-prywatnosci","status":"publish","type":"page","link":"https:\/\/qbet-se.com\/pl\/polityka-prywatnosci\/","title":{"rendered":"Polityka prywatno\u015bci"},"content":{"rendered":"\n<div class=\"wp-block-columns is-layout-flex wp-container-core-columns-is-layout-28f84493 wp-block-columns-is-layout-flex\">\n<div class=\"wp-block-column is-layout-flow wp-block-column-is-layout-flow\">\n<h2 class=\"wp-block-heading\" id=\"h-integritetspolicy\">Polityka prywatno\u015bci<\/h2>\n\n\n\n<p><strong>Polityka ochrony danych i plik\u00f3w cookie<\/strong><\/p>\n\n\n\n<p><strong>Wst\u0119p<\/strong><\/p>\n\n\n\n<p>W <a href=\"https:\/\/qbet-se.com\/pl\/\" data-type=\"page\" data-id=\"182\">Qbet Casino<\/a> transparentno\u015b\u0107 jest dla nas niezwykle wa\u017cna, a Pa\u0144stwa prywatno\u015b\u0107 jest dla nas niezwykle wa\u017cna. Cenimy Pa\u0144stwa zaufanie i chcemy jasno okre\u015bli\u0107, jak je wykorzystujemy.<br>Niniejsza Polityka Prywatno\u015bci wyja\u015bnia, w jaki spos\u00f3b i dlaczego gromadzimy Pa\u0144stwa dane osobowe za po\u015brednictwem naszej strony internetowej <strong>www.Qbet.com <\/strong>i wszystkich jej wariant\u00f3w, w tym naszych aplikacji mobilnych (\u201eStrona Internetowa\u201d), dlaczego s\u0105 one gromadzone i jak s\u0105 chronione. Wdro\u017cyli\u015bmy \u015brodki bezpiecze\u0144stwa w celu ochrony Pa\u0144stwa danych osobowych i przetwarzamy je zgodnie z obowi\u0105zuj\u0105cymi przepisami o ochronie danych.<br>Niniejsza Polityka opisuje spos\u00f3b, w jaki przetwarzamy Pa\u0144stwa dane osobowe i ma zastosowanie do firmy zarz\u0105dzaj\u0105cej stron\u0105 www.Qbet.com, zwanej dalej \u201eMy\u201d, \u201eNas\u201d lub \u201eNasz\u201d.<\/p>\n\n\n\n<p><strong>Jakie informacje o Tobie zbieramy?<\/strong><\/p>\n\n\n\n<p><strong>Informacje, kt\u00f3re sam podajesz<\/strong><\/p>\n\n\n\n<p>Gromadzimy informacje, kt\u00f3re dobrowolnie podajesz podczas korzystania z naszych us\u0142ug, na przyk\u0142ad rejestruj\u0105c si\u0119 jako klient Qbet . Zakres wymaganych informacji zale\u017cy od funkcji us\u0142ugi, ale nie mo\u017cesz utworzy\u0107 konta bez podania nast\u0119puj\u0105cych informacji:<\/p>\n\n\n\n<ul class=\"wp-block-list\">\n<li>Dane kontaktowe: imi\u0119, nazwisko, adres, wiek, data urodzenia, p\u0142e\u0107, adres e-mail, numer telefonu i kod pocztowy.<\/li>\n\n\n\n<li>Informacje finansowe: w celu przetwarzania p\u0142atno\u015bci online zbieramy Twoje dane bankowe i histori\u0119 transakcji, tak\u0105 jak wp\u0142aty i wyp\u0142aty z Twojego konta u nas.<\/li>\n<\/ul>\n\n\n\n<p>Ponadto przepisy dotycz\u0105ce przeciwdzia\u0142ania praniu pieni\u0119dzy nak\u0142adaj\u0105 na nas obowi\u0105zek \u017c\u0105dania dodatkowych dokument\u00f3w, takich jak dokument to\u017csamo\u015bci ze zdj\u0119ciem, informacje o pochodzeniu maj\u0105tku, rachunek za pr\u0105d i tym podobne.<\/p>\n\n\n\n<p><strong>Dane stron trzecich<\/strong><\/p>\n\n\n\n<p>Informacje, kt\u00f3re od Ciebie zbieramy, mo\u017cemy \u0142\u0105czy\u0107 z danymi, kt\u00f3re otrzymujemy z innych \u017ar\u00f3de\u0142, na przyk\u0142ad publicznych baz danych, dostawc\u00f3w danych demograficznych lub specjalistycznych firm KYC ( Know Your Customer \u2013 Poznaj Swojego Klienta ). Tw\u00f3j Klient ). Informacje te s\u0105 gromadzone wy\u0142\u0105cznie w zakresie niezb\u0119dnym do wype\u0142nienia naszych obowi\u0105zk\u00f3w regulacyjnych.<\/p>\n\n\n\n<p><strong>Dane zbierane automatycznie<\/strong><\/p>\n\n\n\n<p>My i nasi zewn\u0119trzni dostawcy mo\u017cemy automatycznie zbiera\u0107 informacje z Twojego urz\u0105dzenia na kilka sposob\u00f3w, takich jak:<\/p>\n\n\n\n<ul class=\"wp-block-list\">\n<li>Za po\u015brednictwem przegl\u0105darki lub urz\u0105dzenia: adres IP, typ urz\u0105dzenia, j\u0119zyk, typ przegl\u0105darki.<\/li>\n\n\n\n<li>Poprzez korzystanie z aplikacji : gdy pobierasz i korzystasz z naszych aplikacji, mo\u017cemy rejestrowa\u0107 dat\u0119 i godzin\u0119 po\u0142\u0105czenia z serwerem, a tak\u017ce pobrane pliki i informacje.<\/li>\n<\/ul>\n\n\n\n<p>Wi\u0119cej szczeg\u00f3\u0142\u00f3w na temat plik\u00f3w cookie znajdziesz w naszej <strong>Polityce plik\u00f3w cookie <\/strong>.<\/p>\n\n\n\n<p><strong>W jaki spos\u00f3b wykorzystujemy Twoje dane osobowe?<\/strong><\/p>\n\n\n\n<p>Przetwarzamy Twoje dane osobowe wy\u0142\u0105cznie zgodnie z niniejsz\u0105 Polityk\u0105 Prywatno\u015bci. Zebrane dane s\u0142u\u017c\u0105 do:<\/p>\n\n\n\n<ul class=\"wp-block-list\">\n<li>zarz\u0105dza\u0107 Twoj\u0105 rejestracj\u0105, tworzy\u0107 i utrzymywa\u0107 Twoje konto (w tym sprawdza\u0107 wiek i wykrywa\u0107 oszustwa);<\/li>\n\n\n\n<li>administrowa\u0107 Grami, w kt\u00f3rych bierzesz udzia\u0142, powiadamia\u0107 Ci\u0119 o wygranych lub bonusach;<\/li>\n\n\n\n<li>dostarcza\u0107, ulepsza\u0107 i dostosowywa\u0107 nasze us\u0142ugi oraz analizowa\u0107 spos\u00f3b ich wykorzystania;<\/li>\n\n\n\n<li>zapewni\u0107, \u017ce strona internetowa b\u0119dzie prezentowana w spos\u00f3b mo\u017cliwie najlepszy dla Ciebie i Twojego urz\u0105dzenia;<\/li>\n\n\n\n<li>wysy\u0142a\u0107 Ci informacje serwisowe dotycz\u0105ce Twojego konta i materia\u0142y marketingowe (je\u015bli wyrazi\u0142e\u015b na to zgod\u0119).<\/li>\n<\/ul>\n\n\n\n<p>W niekt\u00f3rych przypadkach dane s\u0142u\u017c\u0105 r\u00f3wnie\u017c do cel\u00f3w badawczych, np. do oceny do\u015bwiadcze\u0144 klient\u00f3w, ustalania priorytet\u00f3w funkcji produkt\u00f3w lub prowadzenia kampanii recenzji.<\/p>\n\n\n\n<p>Nigdy nie sprzedajemy Twoich danych osobowych stronom trzecim i nie udost\u0119pniamy ich w celach marketingowych bez Twojej wyra\u017anej zgody. Mo\u017cesz zmieni\u0107 ustawienia na swoim koncie w dowolnym momencie.<\/p>\n\n\n\n<p><strong>Z kim dzielimy si\u0119 Twoimi danymi?<\/strong><\/p>\n\n\n\n<p>Twoje dane osobowe mog\u0105 by\u0107 udost\u0119pniane:<\/p>\n\n\n\n<ul class=\"wp-block-list\">\n<li>Dostawcy us\u0142ug po\u0142\u0105cze\u0144 i SMS-\u00f3w.<\/li>\n\n\n\n<li>Dostawcy p\u0142atno\u015bci (obs\u0142uguj\u0105cy wp\u0142aty\/wyp\u0142aty).<\/li>\n\n\n\n<li>Partnerzy zajmuj\u0105cy si\u0119 zwalczaniem oszustw i zgodno\u015bci\u0105 z przepisami, z zabezpieczeniami umownymi .<\/li>\n\n\n\n<li>Partnerzy, kt\u00f3rzy poprawiaj\u0105 jako\u015b\u0107 Twojego do\u015bwiadczenia u\u017cytkownika, wy\u0142\u0105cznie za Twoj\u0105 zgod\u0105.<\/li>\n\n\n\n<li>W\u0142adze, organy regulacyjne lub organizacje sportowe, je\u017celi wymaga tego prawo.<\/li>\n<\/ul>\n\n\n\n<p>Nigdy nie udost\u0119pniamy Twoich danych osobowych w innych celach bez Twojej zgody, chyba \u017ce wymaga tego prawo.<\/p>\n\n\n\n<p><strong>Jak d\u0142ugo przechowujemy Twoje dane?<\/strong><\/p>\n\n\n\n<p>B\u0119dziemy przechowywa\u0107 Twoje dane tylko tak d\u0142ugo, jak b\u0119dzie to konieczne do cel\u00f3w okre\u015blonych w niniejszej polityce. Po zamkni\u0119ciu Twojego konta Qbet , b\u0119dziemy przechowywa\u0107 Twoje dane tylko w zakresie niezb\u0119dnym do wype\u0142nienia obowi\u0105zk\u00f3w prawnych, takich jak przepisy podatkowe i dotycz\u0105ce przeciwdzia\u0142ania praniu pieni\u0119dzy, oraz do rozstrzygania spor\u00f3w. Aby uzyska\u0107 szczeg\u00f3\u0142owe informacje na temat okres\u00f3w przechowywania danych w Twojej jurysdykcji, skontaktuj si\u0119 z nami pod adresem <strong>dpo@Qbet.com <\/strong>.<\/p>\n\n\n\n<p><strong>Bezpiecze\u0144stwo, kontrola to\u017csamo\u015bci i zapobieganie oszustwom<\/strong><\/p>\n\n\n\n<p>Dla Twojego bezpiecze\u0144stwa powiadamiamy Ci\u0119, gdy logujesz si\u0119 z nowego urz\u0105dzenia. Gromadzimy informacje o typie Twojego urz\u0105dzenia, producencie, adresie IP, znaczniku czasu, rozdzielczo\u015bci, strefie czasowej i systemie operacyjnym. Pomaga nam to chroni\u0107 Twoje konto.<\/p>\n\n\n\n<p>Qbet aktywnie dzia\u0142a tak\u017ce na rzecz promowania uczciwo\u015bci w sporcie i zapobiegania ustawianiu wynik\u00f3w mecz\u00f3w za po\u015brednictwem swoich partner\u00f3w, w tym <strong>Mi\u0119dzynarodowego Stowarzyszenia Integralno\u015bci Zak\u0142ad\u00f3w Bukmacherskich (IBIA) <\/strong>.<\/p>\n\n\n\n<p>Mo\u017cemy r\u00f3wnie\u017c zweryfikowa\u0107 Twoj\u0105 to\u017csamo\u015b\u0107 za po\u015brednictwem zaufanych podmiot\u00f3w zewn\u0119trznych, takich jak <strong>SCHUFA (Niemcy) <\/strong>, <strong>GB Group (Wielka Brytania) <\/strong>i <strong>Iovation (USA) <\/strong>. Pami\u0119taj, \u017ce jest to jedynie weryfikacja to\u017csamo\u015bci \u2013 nie sprawdzamy zdolno\u015bci kredytowej.<\/p>\n\n\n\n<p><strong>Twoje prawa<\/strong><\/p>\n\n\n\n<p>Masz prawo do:<\/p>\n\n\n\n<ul class=\"wp-block-list\">\n<li>\u017c\u0105dania bezp\u0142atnych informacji o przechowywanych danych, ich pochodzeniu, odbiorcach i celu;<\/li>\n\n\n\n<li>\u017c\u0105danie poprawienia, uzupe\u0142nienia, usuni\u0119cia lub przeniesienia danych;<\/li>\n\n\n\n<li>sprzeciwu wobec przetwarzania, w tym profilowania;<\/li>\n\n\n\n<li>cofn\u0105\u0107 zgod\u0119;<\/li>\n\n\n\n<li>wnie\u015b\u0107 skarg\u0119 do organu nadzorczego (naszym g\u0142\u00f3wnym organem jest <strong>Urz\u0105d Ochrony Danych Osobowych ) Komisarz <\/strong>).<\/li>\n<\/ul>\n\n\n\n<p>Obowi\u0105zuj\u0105 pewne wyj\u0105tki, na przyk\u0142ad gdy ujawnienie danych wi\u0105za\u0142oby si\u0119 z ujawnieniem informacji o innej osobie lub gdy jeste\u015bmy zobowi\u0105zani przepisami prawa do przechowywania informacji.<\/p>\n\n\n\n<p><strong>Tre\u015bci zewn\u0119trzne i pliki cookie<\/strong><\/p>\n\n\n\n<p>Aktywnie korzystamy z tre\u015bci JavaScript pochodz\u0105cych od zewn\u0119trznych dostawc\u00f3w. Mo\u017ce to oznacza\u0107, \u017ce dane s\u0105 przetwarzane poza UE. Mo\u017cesz temu zapobiec, na przyk\u0142ad za pomoc\u0105 wtyczki <strong>NoScript <\/strong>lub wy\u0142\u0105czaj\u0105c JavaScript (jednak niekt\u00f3re funkcje mog\u0105 by\u0107 ograniczone).<\/p>\n\n\n\n<p>U\u017cywamy r\u00f3wnie\u017c plik\u00f3w cookie na stronie internetowej, w aplikacjach i newsletterach. Pliki cookie to ma\u0142e pliki tekstowe, kt\u00f3re s\u0105 przechowywane na Twoim urz\u0105dzeniu i mog\u0105 zawiera\u0107 pewne informacje (np. adres IP, system operacyjny, odwiedzane strony).<\/p>\n\n\n\n<p>Mo\u017cesz indywidualnie zaakceptowa\u0107, odrzuci\u0107 lub zatwierdzi\u0107 pliki cookie w swojej przegl\u0105darce. Zalecamy akceptacj\u0119 plik\u00f3w cookie dla zapewnienia najlepszych wra\u017ce\u0144.<\/p>\n\n\n\n<p><strong>Rodzaje plik\u00f3w cookie, kt\u00f3rych u\u017cywamy:<\/strong><\/p>\n\n\n\n<ul class=\"wp-block-list\">\n<li><strong>Pliki cookie niezb\u0119dne <\/strong>\u2013 wymagane do prawid\u0142owego funkcjonowania witryny.<\/li>\n\n\n\n<li><strong>Pliki cookie wydajno\u015bciowe <\/strong>\u2013 mierz\u0105 zachowania w celu poprawy funkcjonalno\u015bci.<\/li>\n\n\n\n<li><strong>Pliki cookie funkcjonalne <\/strong>\u2013 zapami\u0119tuj\u0105 takie wybory, jak j\u0119zyk i nazwa u\u017cytkownika.<\/li>\n\n\n\n<li><strong>Pliki cookie reklamowe <\/strong>\u2013 dostarczaj\u0105 tre\u015bci dopasowane do Twoich zainteresowa\u0144.<\/li>\n\n\n\n<li><strong>Pliki cookie stron trzecich <\/strong>\u2013 od zewn\u0119trznych dostawc\u00f3w (regulowane przez ich polityki).<\/li>\n<\/ul>\n\n\n\n<p><strong>Przyk\u0142ady narz\u0119dzi stron trzecich, z kt\u00f3rych korzystamy:<\/strong><\/p>\n\n\n\n<ul class=\"wp-block-list\">\n<li><strong>Google Analytics <\/strong>\u2013 analiza witryny internetowej z anonimizacj\u0105 adres\u00f3w IP (wi\u0119cej informacji: <a href=\"https:\/\/www.google.com\/analytics\/learn\/privacy.html\" target=\"_blank\" rel=\"noreferrer noopener\">Polityka prywatno\u015bci <\/a><a href=\"https:\/\/www.google.com\/analytics\/learn\/privacy.html\" target=\"_blank\" rel=\"noreferrer noopener\"><\/a><a href=\"https:\/\/www.google.com\/analytics\/learn\/privacy.html\" target=\"_blank\" rel=\"noreferrer noopener\">Google <\/a><a href=\"https:\/\/www.google.com\/analytics\/learn\/privacy.html\" target=\"_blank\" rel=\"noreferrer noopener\"><\/a>).<\/li>\n\n\n\n<li><strong>Iovation <\/strong>\u2013 analiza zachowa\u0144 nawigacyjnych (informacje: <a href=\"https:\/\/www.iovation.com\/legal\/privacy\" target=\"_blank\" rel=\"noreferrer noopener\">Iovation Prywatno\u015b\u0107 <\/a>).<\/li>\n\n\n\n<li><strong>Interfejsy API Google <\/strong>\u2013 interfejsy programowania aplikacji s\u0142u\u017c\u0105ce do zapewniania funkcjonalno\u015bci.<\/li>\n\n\n\n<li><strong>Googletagmanager.com <\/strong>\u2013 zarz\u0105dzanie kodem skryptu.<\/li>\n<\/ul>\n\n\n\n<p><strong>Bezpiecze\u0144stwo danych<\/strong><\/p>\n\n\n\n<p>Stosujemy \u015brodki techniczne i organizacyjne, aby chroni\u0107 Twoje dane przed nieautoryzowanym dost\u0119pem, zmian\u0105, utrat\u0105 lub zniszczeniem. Nale\u017cy jednak pami\u0119ta\u0107, \u017ce poczta elektroniczna nie jest w pe\u0142ni bezpieczna, dlatego zalecamy przesy\u0142anie poufnych informacji poczt\u0105 tradycyjn\u0105.<\/p>\n\n\n\n<p><strong>Kim jeste\u015bmy i jak si\u0119 z nami skontaktowa\u0107<\/strong><\/p>\n\n\n\n<p>Aby skorzysta\u0107 ze swoich praw, prosimy o kontakt z naszym Inspektorem Ochrony Danych pod adresem <strong>dpo@Qbet.com <\/strong>.<br>Pytania lub uwagi dotycz\u0105ce niniejszej polityki prosimy kierowa\u0107 na adres: <strong>support@Qbet.com <\/strong>.<\/p>\n\n\n\n<p><strong>Zmiany w niniejszej Polityce prywatno\u015bci<\/strong><\/p>\n\n\n\n<p>Okresowo wprowadzamy aktualizacje niniejszej polityki. Zmiany b\u0119d\u0105 publikowane na tej stronie, a Ty zostaniesz o nich powiadomiony e-mailem lub za po\u015brednictwem wiadomo\u015bci tekstowej. B\u0119dziesz mie\u0107 r\u00f3wnie\u017c mo\u017cliwo\u015b\u0107 wyra\u017cenia zgody na istotne zmiany. Zmiany zaczn\u0105 obowi\u0105zywa\u0107 od momentu ich opublikowania, a dalsze korzystanie z nich oznacza ich akceptacj\u0119.<\/p>\n\n\n\n<p><strong>Wersja 1.0 \u2013 Wydana: 01.01.2022<\/strong><\/p>\n<\/div>\n<\/div>\n","protected":false},"excerpt":{"rendered":"<p>Polityka prywatno\u015bci Polityka ochrony danych i plik\u00f3w cookie Wst\u0119p W Qbet Casino transparentno\u015b\u0107 jest dla nas niezwykle wa\u017cna, a Pa\u0144stwa [&hellip;]<\/p>\n","protected":false},"author":7,"featured_media":0,"parent":0,"menu_order":0,"comment_status":"closed","ping_status":"closed","template":"","meta":{"site-sidebar-layout":"default","site-content-layout":"","ast-site-content-layout":"default","site-content-style":"default","site-sidebar-style":"default","ast-global-header-display":"","ast-banner-title-visibility":"","ast-main-header-display":"","ast-hfb-above-header-display":"","ast-hfb-below-header-display":"","ast-hfb-mobile-header-display":"","site-post-title":"disabled","ast-breadcrumbs-content":"","ast-featured-img":"","footer-sml-layout":"","ast-disable-related-posts":"","theme-transparent-header-meta":"","adv-header-id-meta":"","stick-header-meta":"","header-above-stick-meta":"","header-main-stick-meta":"","header-below-stick-meta":"","astra-migrate-meta-layouts":"default","ast-page-background-enabled":"default","ast-page-background-meta":{"desktop":{"background-color":"var(--ast-global-color-5)","background-image":"","background-repeat":"repeat","background-position":"center center","background-size":"auto","background-attachment":"scroll","background-type":"","background-media":"","overlay-type":"","overlay-color":"","overlay-opacity":"","overlay-gradient":""},"tablet":{"background-color":"","background-image":"","background-repeat":"repeat","background-position":"center center","background-size":"auto","background-attachment":"scroll","background-type":"","background-media":"","overlay-type":"","overlay-color":"","overlay-opacity":"","overlay-gradient":""},"mobile":{"background-color":"","background-image":"","background-repeat":"repeat","background-position":"center center","background-size":"auto","background-attachment":"scroll","background-type":"","background-media":"","overlay-type":"","overlay-color":"","overlay-opacity":"","overlay-gradient":""}},"ast-content-background-meta":{"desktop":{"background-color":"var(--ast-global-color-4)","background-image":"","background-repeat":"repeat","background-position":"center center","background-size":"auto","background-attachment":"scroll","background-type":"","background-media":"","overlay-type":"","overlay-color":"","overlay-opacity":"","overlay-gradient":""},"tablet":{"background-color":"var(--ast-global-color-4)","background-image":"","background-repeat":"repeat","background-position":"center center","background-size":"auto","background-attachment":"scroll","background-type":"","background-media":"","overlay-type":"","overlay-color":"","overlay-opacity":"","overlay-gradient":""},"mobile":{"background-color":"var(--ast-global-color-4)","background-image":"","background-repeat":"repeat","background-position":"center center","background-size":"auto","background-attachment":"scroll","background-type":"","background-media":"","overlay-type":"","overlay-color":"","overlay-opacity":"","overlay-gradient":""}},"footnotes":""},"class_list":["post-250","page","type-page","status-publish","hentry"],"_links":{"self":[{"href":"https:\/\/qbet-se.com\/pl\/wp-json\/wp\/v2\/pages\/250","targetHints":{"allow":["GET"]}}],"collection":[{"href":"https:\/\/qbet-se.com\/pl\/wp-json\/wp\/v2\/pages"}],"about":[{"href":"https:\/\/qbet-se.com\/pl\/wp-json\/wp\/v2\/types\/page"}],"author":[{"embeddable":true,"href":"https:\/\/qbet-se.com\/pl\/wp-json\/wp\/v2\/users\/7"}],"replies":[{"embeddable":true,"href":"https:\/\/qbet-se.com\/pl\/wp-json\/wp\/v2\/comments?post=250"}],"version-history":[{"count":3,"href":"https:\/\/qbet-se.com\/pl\/wp-json\/wp\/v2\/pages\/250\/revisions"}],"predecessor-version":[{"id":530,"href":"https:\/\/qbet-se.com\/pl\/wp-json\/wp\/v2\/pages\/250\/revisions\/530"}],"wp:attachment":[{"href":"https:\/\/qbet-se.com\/pl\/wp-json\/wp\/v2\/media?parent=250"}],"curies":[{"name":"wp","href":"https:\/\/api.w.org\/{rel}","templated":true}]}}