{"id":230,"date":"2026-02-13T07:47:34","date_gmt":"2026-02-13T07:47:34","guid":{"rendered":"https:\/\/qbet-se.com\/?page_id=230"},"modified":"2026-03-31T03:32:06","modified_gmt":"2026-03-31T03:32:06","slug":"jogo-responsavel","status":"publish","type":"page","link":"https:\/\/qbet-se.com\/pt-br\/jogo-responsavel\/","title":{"rendered":"Jogo Respons\u00e1vel"},"content":{"rendered":"\n<div class=\"wp-block-columns is-layout-flex wp-container-core-columns-is-layout-28f84493 wp-block-columns-is-layout-flex\">\n<div class=\"wp-block-column is-layout-flow wp-block-column-is-layout-flow\">\n<h2 class=\"wp-block-heading\">Jogo Respons\u00e1vel<\/h2>\n\n\n\n<p>Nosso Jogo Respons\u00e1vel<\/p>\n\n\n\n<p><strong>Nosso compromisso com o jogo respons\u00e1vel<\/strong><\/p>\n\n\n\n<p>Um dos valores fundamentais da <a href=\"https:\/\/qbet-se.com\/pt-br\/\" data-type=\"page\" data-id=\"190\">Qbet Casino<\/a> \u00e9 a transpar\u00eancia. Vamos al\u00e9m, oferecendo informa\u00e7\u00f5es detalhadas sobre como voc\u00ea joga \u2013 quanto aposta, quando ganha e quando perde. Portanto, tamb\u00e9m temos interesse e compromisso em garantir continuamente que os jogos n\u00e3o sejam usados indevidamente e que nossos clientes joguem de forma respons\u00e1vel e transparente.<\/p>\n\n\n\n<p><strong>Como posso jogar de forma respons\u00e1vel?<\/strong><\/p>\n\n\n\n<ul class=\"wp-block-list\">\n<li>Encare os jogos como entretenimento, n\u00e3o como uma fonte de renda.<\/li>\n\n\n\n<li>Nunca aposte mais do que voc\u00ea pode perder. Use limites de dep\u00f3sito e de gastos para controlar os valores que voc\u00ea gasta.<\/li>\n\n\n\n<li>N\u00e3o tente recuperar as perdas \u2013 isso geralmente leva a problemas.<\/li>\n\n\n\n<li>Monitore o tempo que voc\u00ea joga. Use limites de sess\u00e3o para controlar por quanto tempo voc\u00ea pode permanecer conectado.<\/li>\n\n\n\n<li>Equilibre os jogos com outras atividades. Se os jogos se tornarem sua \u00fanica forma de entretenimento, voc\u00ea deve parar e pensar se ainda est\u00e1 se divertindo.<\/li>\n\n\n\n<li>Fa\u00e7a pausas regulares. Jogar por muito tempo pode fazer voc\u00ea perder a no\u00e7\u00e3o do tempo e a perspectiva.<\/li>\n\n\n\n<li>N\u00e3o jogue sob a influ\u00eancia de \u00e1lcool ou quando estiver chateado ou deprimido \u2013 isso prejudica seu julgamento.<\/li>\n\n\n\n<li>Reflita sobre quanto tempo e dinheiro voc\u00ea gasta em jogos de azar. Voc\u00ea pode acompanhar isso no hist\u00f3rico da sua conta online.<\/li>\n\n\n\n<li>Entenda suas chances de ganhar e como o produto funciona.<\/li>\n\n\n\n<li>Se voc\u00ea precisar conversar com algu\u00e9m sobre seu problema com jogos de azar, entre em contato com um grupo de apoio para viciados em jogos de azar.<\/li>\n<\/ul>\n\n\n\n<p><strong>O que \u00e9 o jogo problem\u00e1tico?<\/strong><\/p>\n\n\n\n<p>O jogo problem\u00e1tico envolve jogar em um n\u00edvel que coloca em risco, perturba ou prejudica a vida familiar, os relacionamentos pessoais ou as atividades de lazer. Um jogador problem\u00e1tico \u00e9 frequentemente descrito como algu\u00e9m que gastou mais dinheiro e\/ou tempo jogando do que pode arcar.<\/p>\n\n\n\n<p><strong>Sinais de alerta de problemas com jogos de azar<\/strong><\/p>\n\n\n\n<ul class=\"wp-block-list\">\n<li>Voc\u00ea gasta mais dinheiro e tempo com jogos de azar do que pode se dar ao luxo de perder.<\/li>\n\n\n\n<li>Voc\u00ea tem dificuldade em parar ou controlar seu v\u00edcio em jogos de azar.<\/li>\n\n\n\n<li>Discutir com familiares ou amigos sobre dinheiro e jogos de azar.<\/li>\n\n\n\n<li>Diminui\u00e7\u00e3o do desejo por atividades e interesses habituais.<\/li>\n\n\n\n<li>Voc\u00ea pensa ou fala sobre jogos incessantemente.<\/li>\n\n\n\n<li>Voc\u00ea mente sobre jogos de azar ou esconde isso.<\/li>\n\n\n\n<li>Voc\u00ea tenta recuperar perdas ou apostar para resolver problemas financeiros.<\/li>\n\n\n\n<li>Voc\u00ea joga at\u00e9 acabar com todo o dinheiro.<\/li>\n\n\n\n<li>Voc\u00ea pega dinheiro emprestado, vende coisas ou ignora contas para financiar jogos de azar.<\/li>\n\n\n\n<li>Voc\u00ea precisa de apostas mais altas ou de mais tempo de jogo para obter a mesma &#8220;adrenalina&#8221;.<\/li>\n\n\n\n<li>Trabalho\/estudos\/fam\u00edlia\/responsabilidades ficam prejudicados.<\/li>\n\n\n\n<li>Sentimentos de preocupa\u00e7\u00e3o, culpa, depress\u00e3o ou irritabilidade.<\/li>\n<\/ul>\n\n\n\n<p><strong>Ferramentas que ajudam<\/strong><\/p>\n\n\n\n<p>Dicas pr\u00e1ticas e solu\u00e7\u00f5es para prevenir problemas. As ferramentas abaixo permitem que voc\u00ea monitore seu pr\u00f3prio comportamento de jogo e, se necess\u00e1rio, limite ou pare de jogar.<\/p>\n\n\n\n<p><strong>Limite de dep\u00f3sito<\/strong><\/p>\n\n\n\n<p>Os limites de dep\u00f3sito permitem que voc\u00ea defina quanto dinheiro pode depositar em um dia, semana ou m\u00eas.<br>Assim que o limite for atingido, voc\u00ea n\u00e3o poder\u00e1 depositar mais nada at\u00e9 que o per\u00edodo seja reiniciado. Voc\u00ea ainda poder\u00e1 usar outros servi\u00e7os da Qbet , incluindo jogar com os fundos existentes em sua conta.<\/p>\n\n\n\n<p><strong>Fa\u00e7a uma pausa<\/strong><\/p>\n\n\n\n<p>Se voc\u00ea quiser fazer uma pausa curta nos jogos e apostas, pode escolher <strong>o Per\u00edodo de Inatividade <\/strong>por 72 horas, 7 dias ou 30 dias.<br>Durante o Per\u00edodo de Inatividade, voc\u00ea n\u00e3o poder\u00e1 jogar nem apostar, mas poder\u00e1 acessar sua conta para sacar o saldo restante.<\/p>\n\n\n\n<p><strong>Autoteste<\/strong><\/p>\n\n\n\n<p>O Gamblers Anonymous oferece um teste simples para avaliar se o seu v\u00edcio em jogos de azar est\u00e1 causando um problema:<br><a href=\"http:\/\/www.gamblersanonymous.org\/ga\/content\/20-questions\" target=\"_blank\" rel=\"noopener\"><strong>www.gamblersanonymous.org\/ga\/content\/20-questions<\/strong><\/a><\/p>\n\n\n\n<p><strong>Desligamento autom\u00e1tico<\/strong><\/p>\n\n\n\n<p>Fa\u00e7a login na sua conta Qbet , acesse as configura\u00e7\u00f5es da conta e selecione a op\u00e7\u00e3o de autoexclus\u00e3o desejada.<\/p>\n\n\n\n<p><strong>Quem pode ajudar?<\/strong><\/p>\n\n\n\n<p>Se voc\u00ea ou algu\u00e9m que voc\u00ea conhece tem um problema com jogos de azar, busque ajuda. Admitir um problema \u00e9 um sinal de for\u00e7a, assim como buscar ajuda. Abaixo est\u00e3o algumas organiza\u00e7\u00f5es que trabalham diariamente com quest\u00f5es relacionadas a jogos de azar.<\/p>\n\n\n\n<p><strong>Organiza\u00e7\u00f5es<\/strong><\/p>\n\n\n\n<p><strong>Gambling Therapy<\/strong><br><a href=\"http:\/\/www.gamblingtherapy.org\/\" target=\"_blank\" rel=\"noopener\">www.gamblingtherapy.org<\/a><br>Servi\u00e7o global que oferece aconselhamento pr\u00e1tico gratuito e apoio emocional a qualquer pessoa afetada por problemas com jogos de azar.<\/p>\n\n\n\n<p><strong>Jogadores An\u00f4nimos<\/strong><br><a href=\"http:\/\/www.gamblersanonymous.org.uk\/\" target=\"_blank\" rel=\"noopener\">www.gamblersanonymous.org.uk<\/a><br>F\u00f3runs, bate-papo, materiais e \u2013 o mais importante \u2013 busca de reuni\u00f5es. Reuni\u00f5es s\u00e3o realizadas todos os dias da semana na Inglaterra, Pa\u00eds de Gales e Irlanda do Norte.<\/p>\n\n\n\n<p><strong>Dunlewey Servi\u00e7os<\/strong><br><strong>de tratamento para depend\u00eancia qu\u00edmica <\/strong><a href=\"http:\/\/www.dunlewey.org\/\" target=\"_blank\" rel=\"noopener\">www.dunlewey.org<\/a><br>Programa gratuito e confidencial com aconselhamento e mentoria para pessoas que t\u00eam problemas com o uso de subst\u00e2ncias ou jogos de azar, seja para si mesmas ou para outras pessoas.<\/p>\n\n\n\n<p><strong>Bloquear sites de jogos<\/strong><\/p>\n\n\n\n<p><strong>Gamban.com<\/strong><br><a href=\"http:\/\/www.gamban.com\/\" target=\"_blank\" rel=\"noopener\">www.gamban.com<\/a><br>Se voc\u00ea deseja bloquear o acesso a sites de jogos de azar, o Gamban pode bloquear aplicativos e sites em celulares, tablets e computadores.<\/p>\n\n\n\n<p><strong>D\u00edvidas e aconselhamento financeiro<\/strong><\/p>\n\n\n\n<p>O jogo pode, por vezes, levar ao n\u00e3o pagamento de empr\u00e9stimos ou d\u00edvidas de cart\u00e3o de cr\u00e9dito. N\u00e3o jogue para tentar resolver esses problemas. Existem organiza\u00e7\u00f5es que podem ajud\u00e1-lo a elaborar um plano.<\/p>\n\n\n\n<p><strong>O site My Money Steps<\/strong><br><a href=\"http:\/\/www.mymoneysteps.org\/\" target=\"_blank\" rel=\"noopener\">(www.mymoneysteps.org)<\/a><br>oferece op\u00e7\u00f5es para gerenciar d\u00edvidas e desenvolve um plano de a\u00e7\u00e3o personalizado.<\/p>\n\n\n\n<p><strong>Como ajudar um amigo<\/strong><\/p>\n\n\n\n<p><strong>Reconhe\u00e7a os sinais.<\/strong><\/p>\n\n\n\n<p>Tenha em mente estes pontos se suspeitar que um amigo corre o risco de sofrer danos devido ao jogo:<\/p>\n\n\n\n<ul class=\"wp-block-list\">\n<li><strong>Agita\u00e7\u00e3o: <\/strong>Falar demais sobre vencer n\u00e3o \u00e9 saud\u00e1vel.<\/li>\n\n\n\n<li><strong>Toler\u00e2ncia: <\/strong>Riscos cada vez maiores para a mesma euforia.<\/li>\n\n\n\n<li><strong>Impossibilidade de desistir: <\/strong>Tentei, mas n\u00e3o consegui.<\/li>\n\n\n\n<li><strong>Irritabilidade: <\/strong>Fica chateado se n\u00e3o puder jogar.<\/li>\n\n\n\n<li><strong>Escape: <\/strong>Usa jogos para escapar de problemas em casa\/no trabalho.<\/li>\n\n\n\n<li><strong>Recuperar perdas: <\/strong>Tentar reaver o dinheiro perdido.<\/li>\n\n\n\n<li><strong>Esconda-se: <\/strong>Jogue o jogo de esconde-esconde no celular debaixo da mesa.<\/li>\n\n\n\n<li><strong>Pedir dinheiro emprestado: <\/strong>Pe\u00e7a dinheiro emprestado aos amigos para jogar.<\/li>\n\n\n\n<li><strong>Mentir: <\/strong>Ocultar perdas \u2013 pode indicar problemas mais profundos.<\/li>\n<\/ul>\n\n\n\n<p><strong>Voc\u00ea acha que voc\u00ea ou outra pessoa tem um problema? O que voc\u00ea faz?<\/strong><\/p>\n\n\n\n<p>Se voc\u00ea notar v\u00e1rios sinais em um amigo, converse com ele calmamente.<br>Um simples &#8220;Notei que voc\u00ea tem jogado muito ultimamente \u2013 voc\u00ea est\u00e1 bem?&#8221; j\u00e1 ajuda bastante. O apoio \u00e9 fundamental. Consulte a se\u00e7\u00e3o <strong>&#8220;Quem pode ajudar&#8221; <\/strong>para saber como entrar em contato com ele.<\/p>\n\n\n\n<p><strong>Proteja os menores<\/strong><\/p>\n\n\n\n<p>N\u00e3o permitimos que crian\u00e7as joguem \u2014 ponto final. Realizamos verifica\u00e7\u00f5es de idade em todas as contas para garantir que os clientes tenham mais de 18 anos e, portanto, estejam legalmente autorizados a jogar.<br>Se n\u00e3o conseguirmos confirmar a idade por meio de verifica\u00e7\u00f5es eletr\u00f4nicas, bloquearemos a conta e solicitaremos um comprovante de idade.<\/p>\n\n\n\n<p>As crian\u00e7as costumam usar os dispositivos dos pais, e voc\u00ea pode acabar conectado \u00e0 sua conta. Empresas de jogos e pais precisam trabalhar juntos para proteger os menores.<\/p>\n\n\n\n<p><strong>Dicas para proteger menores<\/strong><\/p>\n\n\n\n<ul class=\"wp-block-list\">\n<li>Mantenha seu nome de usu\u00e1rio, senha e dados banc\u00e1rios fora do alcance de todos (n\u00e3o em um post-it no seu computador).<\/li>\n\n\n\n<li>N\u00e3o salve senhas e n\u00e3o use o preenchimento autom\u00e1tico .<\/li>\n\n\n\n<li>Fa\u00e7a logout da sua conta Qbet sempre que houver crian\u00e7as por perto.<\/li>\n\n\n\n<li>Instale filtros da web, como o NetNanny , para bloquear sites de jogos no PC e em dispositivos m\u00f3veis.<\/li>\n\n\n\n<li>Converse com seus filhos sobre a legalidade e os riscos do jogo para menores de idade.<\/li>\n\n\n\n<li>Limite o tempo que seus filhos passam online.<\/li>\n\n\n\n<li>Utilize os controles parentais integrados em dispositivos m\u00f3veis\/tablets\/computadores\/TVs.<\/li>\n<\/ul>\n<\/div>\n<\/div>\n","protected":false},"excerpt":{"rendered":"<p>Jogo Respons\u00e1vel Nosso Jogo Respons\u00e1vel Nosso compromisso com o jogo respons\u00e1vel Um dos valores fundamentais da Qbet Casino \u00e9 a [&hellip;]<\/p>\n","protected":false},"author":7,"featured_media":0,"parent":0,"menu_order":0,"comment_status":"closed","ping_status":"closed","template":"","meta":{"site-sidebar-layout":"default","site-content-layout":"","ast-site-content-layout":"default","site-content-style":"default","site-sidebar-style":"default","ast-global-header-display":"","ast-banner-title-visibility":"","ast-main-header-display":"","ast-hfb-above-header-display":"","ast-hfb-below-header-display":"","ast-hfb-mobile-header-display":"","site-post-title":"disabled","ast-breadcrumbs-content":"","ast-featured-img":"","footer-sml-layout":"","ast-disable-related-posts":"","theme-transparent-header-meta":"","adv-header-id-meta":"","stick-header-meta":"","header-above-stick-meta":"","header-main-stick-meta":"","header-below-stick-meta":"","astra-migrate-meta-layouts":"default","ast-page-background-enabled":"default","ast-page-background-meta":{"desktop":{"background-color":"var(--ast-global-color-5)","background-image":"","background-repeat":"repeat","background-position":"center center","background-size":"auto","background-attachment":"scroll","background-type":"","background-media":"","overlay-type":"","overlay-color":"","overlay-opacity":"","overlay-gradient":""},"tablet":{"background-color":"","background-image":"","background-repeat":"repeat","background-position":"center center","background-size":"auto","background-attachment":"scroll","background-type":"","background-media":"","overlay-type":"","overlay-color":"","overlay-opacity":"","overlay-gradient":""},"mobile":{"background-color":"","background-image":"","background-repeat":"repeat","background-position":"center center","background-size":"auto","background-attachment":"scroll","background-type":"","background-media":"","overlay-type":"","overlay-color":"","overlay-opacity":"","overlay-gradient":""}},"ast-content-background-meta":{"desktop":{"background-color":"var(--ast-global-color-4)","background-image":"","background-repeat":"repeat","background-position":"center center","background-size":"auto","background-attachment":"scroll","background-type":"","background-media":"","overlay-type":"","overlay-color":"","overlay-opacity":"","overlay-gradient":""},"tablet":{"background-color":"var(--ast-global-color-4)","background-image":"","background-repeat":"repeat","background-position":"center center","background-size":"auto","background-attachment":"scroll","background-type":"","background-media":"","overlay-type":"","overlay-color":"","overlay-opacity":"","overlay-gradient":""},"mobile":{"background-color":"var(--ast-global-color-4)","background-image":"","background-repeat":"repeat","background-position":"center center","background-size":"auto","background-attachment":"scroll","background-type":"","background-media":"","overlay-type":"","overlay-color":"","overlay-opacity":"","overlay-gradient":""}},"footnotes":""},"class_list":["post-230","page","type-page","status-publish","hentry"],"_links":{"self":[{"href":"https:\/\/qbet-se.com\/pt-br\/wp-json\/wp\/v2\/pages\/230","targetHints":{"allow":["GET"]}}],"collection":[{"href":"https:\/\/qbet-se.com\/pt-br\/wp-json\/wp\/v2\/pages"}],"about":[{"href":"https:\/\/qbet-se.com\/pt-br\/wp-json\/wp\/v2\/types\/page"}],"author":[{"embeddable":true,"href":"https:\/\/qbet-se.com\/pt-br\/wp-json\/wp\/v2\/users\/7"}],"replies":[{"embeddable":true,"href":"https:\/\/qbet-se.com\/pt-br\/wp-json\/wp\/v2\/comments?post=230"}],"version-history":[{"count":2,"href":"https:\/\/qbet-se.com\/pt-br\/wp-json\/wp\/v2\/pages\/230\/revisions"}],"predecessor-version":[{"id":536,"href":"https:\/\/qbet-se.com\/pt-br\/wp-json\/wp\/v2\/pages\/230\/revisions\/536"}],"wp:attachment":[{"href":"https:\/\/qbet-se.com\/pt-br\/wp-json\/wp\/v2\/media?parent=230"}],"curies":[{"name":"wp","href":"https:\/\/api.w.org\/{rel}","templated":true}]}}