{"id":247,"date":"2025-09-09T05:27:38","date_gmt":"2025-09-09T05:27:38","guid":{"rendered":"https:\/\/qbet-se.com\/?page_id=247"},"modified":"2026-03-31T03:32:58","modified_gmt":"2026-03-31T03:32:58","slug":"condicoes-do-bonus","status":"publish","type":"page","link":"https:\/\/qbet-se.com\/pt-br\/condicoes-do-bonus\/","title":{"rendered":"Condi\u00e7\u00f5es do b\u00f4nus"},"content":{"rendered":"\n<div class=\"wp-block-columns is-layout-flex wp-container-core-columns-is-layout-28f84493 wp-block-columns-is-layout-flex\">\n<div class=\"wp-block-column is-layout-flow wp-block-column-is-layout-flow\">\n<h2 class=\"wp-block-heading\" id=\"h-bonusvillkor\">Condi\u00e7\u00f5es do b\u00f4nus<\/h2>\n\n\n\n<p><strong>Termos e condi\u00e7\u00f5es gerais do b\u00f4nus<\/strong><\/p>\n\n\n\n<p><strong>Termos e condi\u00e7\u00f5es do b\u00f4nus de cassino<\/strong><\/p>\n\n\n\n<p>Todos os b\u00f4nus oferecidos pela <a href=\"https:\/\/qbet-se.com\/pt-br\/\" data-type=\"page\" data-id=\"190\">QBet Casino<\/a> s\u00f3 podem ser reivindicados uma vez por pessoa\/conta, fam\u00edlia, domic\u00edlio, endere\u00e7o, endere\u00e7o de e-mail, cart\u00e3o de cr\u00e9dito, dispositivo, endere\u00e7o IP ou ambientes onde os computadores s\u00e3o compartilhados (universidade, escola, local de trabalho, biblioteca, etc.).<\/p>\n\n\n\n<p>Se uma campanha ou promo\u00e7\u00e3o exigir um dep\u00f3sito qualificado, este dever\u00e1 ser feito em uma \u00fanica transa\u00e7\u00e3o; dep\u00f3sitos m\u00faltiplos n\u00e3o ser\u00e3o contabilizados.<\/p>\n\n\n\n<p>As ofertas de b\u00f4nus enviadas por e-mail, SMS ou outros canais s\u00e3o pessoais e aplicam-se somente ao destinat\u00e1rio para quem a QBet enviou a oferta.<\/p>\n\n\n\n<p>Cada b\u00f4nus da QBet \u00e9 v\u00e1lido por um per\u00edodo promocional espec\u00edfico e deve ser utilizado dentro desse prazo. B\u00f4nus n\u00e3o utilizados expirar\u00e3o.<\/p>\n\n\n\n<p>Para ser eleg\u00edvel para um b\u00f4nus da QBet , todas as informa\u00e7\u00f5es pessoais devem estar corretas e atualizadas. A QBet reserva-se o direito de anular b\u00f4nus e ganhos em contas com informa\u00e7\u00f5es incorretas.<\/p>\n\n\n\n<p>Os b\u00f4nus n\u00e3o podem ser combinados com outras promo\u00e7\u00f5es nem usados simultaneamente, a menos que seja expressamente indicado o contr\u00e1rio.<\/p>\n\n\n\n<p>Os fundos de b\u00f4nus provenientes de promo\u00e7\u00f5es de cassino s\u00e3o v\u00e1lidos apenas para jogos de ca\u00e7a-n\u00edqueis. Apostas em jogos de mesa, v\u00eddeo p\u00f4quer ou outras categorias fora dos ca\u00e7a-n\u00edqueis n\u00e3o contam para os requisitos de aposta.<\/p>\n\n\n\n<p>F\u00f6ljande slots \u00e4r Sp\u00e4rrade f\u00f6r bonusspel : <strong>Deep Rush, Aviator, 9 Lions, Plinko, Lil Devil, Triple Cash or Crash, London Tube, Wild Swarm, Take the Shot, Scrooge, Dwarfs Fortune, Butterfly Lovers, Money Cart 4, Tomb Raider \u2013 Secret of the Sword, Hot 777, Space XY, Lines, 9 Burning Stars, Babylon Riches, Gem Saviour, Bison Battle, Dragon&#8217;s Crash, Black Horse Cash Out Edition, Limbo, African Spirit Sticky Wilds, Hood vs Wolf, Savage Jungle, The Wish Master Megaways , Football Mania Deluxe, Mice &amp; Magic Wonder Spin, Beautiful Bones, WBC Ring of Riches, Telly Reels, Fruit Mania Deluxe, Tiki Tumble, The Perfect Heist, Cool Buck, Beach Invaders, Money Cart, Monsters Unchained, Pushy Cats, Wild Heart, Siren&#8217;s Riches, Plinko, Ishtar Power Zones, Blaze of Ra, Razor Shark, 1000X BUSTA, Legion Hot 1, Robin \u2013 Nottingham Raiders, Spina Colada, Towering Pays Valhalla, Hammer of Gods, 100 Bit Dice, Vikings go to Hell, Vikings go Berzerk , Hunters Moon Gigablox , Return of the Valkyrie, Ancient Eclipse, Robin \u2013 Sherwood Marauders, Cauldron, The Hot Offer, Spaceman, 5 Families, Double Dragons, Alchymedes , Ozwins Jackpots, Tut&#8217;s Twister, Wolf Hunters, Dark Vortex, Baron Samedi, Football Glory, Atlantean Gigarise , Frost Queen Jackpots, Royal Family, Take Santa&#8217;s Shop, Take Olympus, Take the Kingdom, Knockout Football, Marvelous Furlongs, Presto!, Fruit Mania, Fruit Mania, Hula Magic, Xi You Ji, Ancients Blessing, Arcade Bomb, Atlantis, Aurum Codex, Aztec Spins, Beriched , Betty, Boris e Boo, Blood Suckers, Book of 99, Cash Ultimate, Crown of Valor, Dead or Alive 2, Dead or Alive, Diamond Blitz, Dragon&#8217;s Fire Infinireels , Dragon&#8217;s Fire Megaways , Dwarfs Gone Wild, EggOMatic , Eye of the Kraken, Fa Fa Babies, Forever 7&#8217;s, Frequent Flyer, Gems Gone Wild Power Reels, Get The Gold InfiniReels , Gods of Troy, Golden Lotus, Golden Tsar, Harle Coin, Hellcatraz , Secrets of Atlantis, Hoard of Poseidon, Hotline, Jack Hammer 2: Fishy Business, Jewel Scarabs, Knight Rider, Lion&#8217;s Hoard, Lucky Fridays, Magikspell , Mahjong 88, Marching Legions, Money Cart 2, Multiplier Riches, Three Musketeers, Mystery Joker 6000, Night Roller, Pearls of India, Piggy Pirates, Primate King, Rage dos Mares, Da F\u00faria \u00e0 Riqueza, A Lenda de RA, Roubo de Carretel, Guardi\u00e3o de Carretel, Carret\u00e9is Poderosos Reptizillions , Enigma da Esfinge, Tripula\u00e7\u00e3o do Caos, Minas, Moedas, Caixas, Agente 51, Era dos Drag\u00f5es, Era do Furac\u00e3o, Sonhos de Bangkok, Touro Flamejante, Touro Flamejante 2, Anne Caribenha, Anne Caribenha 2, Encantos C\u00f3smicos, Caverna de Cristal, Odisseia dos Dinossauros, F\u00f3rmula de Finnegan, Fortuna de Firedrake, Goblins e Pedras Preciosas, Hong Bao, Joias de J\u00fapiter, Natal do Coringa, Milh\u00f5es de Maui, Tesouro de Midas, Deus Macaco, Pixie de Fogo, Holmes: Detetive de Carretel, Ca\u00e7adores do C\u00e9u, \u00c1rvore de Ouro, Rainha Zumbi, Rei Solar, Rainha Solar, Templo Solar, Rei do Egito, Kochbuch , Roma: A Era de Ouro, Gemas Reais, Ca\u00e7ador do Mar, Reis do Serengeti, Cidade Girat\u00f3ria, Street Fighter II: O Ca\u00e7a-n\u00edquel Guerreiro Mundial, Super Striker, O Rel\u00e2mpago S\u00e1bio, Tr\u00eas Mosqueteiros, Tower Quest, Viking Runecraft, Snakes and Ladders Megadice , Jungle Gorilla, Cash Elevator, 3 Kingdoms \u2013 Battle of Red Cliffs, Gold Train, Dragon Kingdom \u2013 Eyes of Fire, Well of Wishes, White Rabbit Megaways , Wilderland , Wild Expedition, Wild Hot Chilli Reels, Wild O&#8217;Clock , Win Escalator, Scrooge, Larry the Leprechaun, Hot 777 Deluxe, 11 Champions, Fruit Mania, Cool Buck, Black Horse Deluxe, Take The Bank, Tomb Raider \u2013 Secret of the Sword, Plinko 2, Money Cart 3, Beautiful Bones, Midnight Thirst, 11 Champions.<\/strong><\/p>\n\n\n\n<p>Ao jogar com fundos de b\u00f4nus, \u00e9 proibido usar a fun\u00e7\u00e3o <strong>de Compra de Recurso <\/strong>em slots que a oferecem.<\/p>\n\n\n\n<p>a QBet reserva-se o direito de:<\/p>\n\n\n\n<ul class=\"wp-block-list\">\n<li>perder o b\u00f4nus concedido e todos os ganhos dele decorrentes, e\/ou<\/li>\n\n\n\n<li>revogar ou negar um b\u00f4nus e\/ou bloquear o acesso a determinados produtos e\/ou<\/li>\n\n\n\n<li>Excluir o jogador de futuras promo\u00e7\u00f5es e\/ou encerrar a conta imediatamente.<\/li>\n<\/ul>\n\n\n\n<p>A QBet poder\u00e1 analisar seu hist\u00f3rico de jogos e o uso de b\u00f4nus a qualquer momento. Em caso de abuso, os b\u00f4nus ou ganhos poder\u00e3o ser confiscados e a conta encerrada.<\/p>\n\n\n\n<p>O seu pr\u00f3prio dinheiro depositado \u00e9 sempre utilizado primeiro. Apenas os jogos com dinheiro de b\u00f3nus contam para os requisitos de aposta. Os ganhos provenientes de fundos de b\u00f3nus s\u00e3o considerados b\u00f3nus e n\u00e3o podem ser levantados at\u00e9 que os requisitos de aposta sejam cumpridos.<\/p>\n\n\n\n<p>Se voc\u00ea cancelar o b\u00f4nus ou as rodadas gr\u00e1tis , perder\u00e1 tanto o b\u00f4nus\/ rodadas quanto todos os ganhos obtidos com elas.<\/p>\n\n\n\n<p>Os ganhos obtidos com rodadas gr\u00e1tis ou b\u00f4nus sem dep\u00f3sito n\u00e3o podem exceder <strong>\u20ac100 <\/strong>(ou equivalente). Qualquer valor acima desse limite ser\u00e1 anulado.<\/p>\n\n\n\n<p>Valores m\u00e1ximos de ganhos:<\/p>\n\n\n\n<ul class=\"wp-block-list\">\n<li>NOK: 1.000 NOK<\/li>\n\n\n\n<li>EUR: \u20ac100<\/li>\n\n\n\n<li>CAD: 100 CAD<\/li>\n<\/ul>\n\n\n\n<p>Caso os requisitos de aposta n\u00e3o sejam cumpridos dentro do prazo, o b\u00f4nus e todos os ganhos ser\u00e3o perdidos.<\/p>\n\n\n\n<p>A QBet reserva-se o direito de alterar, suspender ou encerrar promo\u00e7\u00f5es sem aviso pr\u00e9vio.<br>Em caso de lit\u00edgio, a vers\u00e3o em ingl\u00eas dos termos e condi\u00e7\u00f5es prevalecer\u00e1 sempre.<\/p>\n\n\n\n<p><strong>de Dep\u00f3sito\/ Recarga<\/strong><\/p>\n\n\n\n<p>de recarga ou dep\u00f3sito podem ser oferecidos em intervalos regulares. Ao realizar um dep\u00f3sito qualificado, seu dep\u00f3sito ser\u00e1 igualado por uma determinada porcentagem, at\u00e9 um valor especificado.<\/p>\n\n\n\n<ul class=\"wp-block-list\">\n<li>Os b\u00f4nus de cassino de at\u00e9 <strong>100% <\/strong>t\u00eam um requisito de aposta de <strong>40 vezes <\/strong>o valor do b\u00f4nus.<\/li>\n\n\n\n<li>Os b\u00f4nus de cassino a partir de <strong>101% <\/strong>t\u00eam um requisito de aposta de <strong>50x <\/strong>o valor do b\u00f4nus.<\/li>\n<\/ul>\n\n\n\n<p>Apenas um b\u00f4nus pode estar ativo por vez. B\u00f4nus de dep\u00f3sito n\u00e3o s\u00e3o cumulativos.<br>Salvo indica\u00e7\u00e3o em contr\u00e1rio, todos os b\u00f4nus de dep\u00f3sito expiram ap\u00f3s <strong>30 dias <\/strong>.<\/p>\n\n\n\n<p>Apenas as apostas feitas com dinheiro de b\u00f4nus contam para o requisito de aposta.<br>Os jogadores podem cancelar o b\u00f4nus a qualquer momento e sacar o saldo restante.<\/p>\n\n\n\n<p>Aposta m\u00e1xima durante o rollover: <strong>\u20ac4 ou \u20ac0,4 por linha.<\/strong><\/p>\n\n\n\n<p>Ap\u00f3s a ativa\u00e7\u00e3o de um b\u00f4nus de dep\u00f3sito, tanto o dep\u00f3sito quanto o b\u00f4nus devem ser utilizados em jogos de ca\u00e7a-n\u00edqueis . Os ganhos obtidos com recursos iniciados com fundos de b\u00f4nus, mas conclu\u00eddos ap\u00f3s o t\u00e9rmino do b\u00f4nus, ser\u00e3o removidos.<\/p>\n\n\n\n<p>Utilizar b\u00f4nus apenas para &#8220;cumprir os requisitos&#8221; em jogos b\u00f4nus pode anular os ganhos.<\/p>\n\n\n\n<p>Aplicam-se os termos e condi\u00e7\u00f5es gerais dos b\u00f4nus de cassino.<\/p>\n\n\n\n<p><strong>Giros Gr\u00e1tis<\/strong><\/p>\n\n\n\n<p>gr\u00e1tis s\u00e3o jogos gratuitos que s\u00e3o oferecidos ocasionalmente.<\/p>\n\n\n\n<ul class=\"wp-block-list\">\n<li>Salvo indica\u00e7\u00e3o em contr\u00e1rio, as rodadas gr\u00e1tis est\u00e3o vinculadas a um jogo espec\u00edfico.<\/li>\n\n\n\n<li>Eles s\u00e3o sempre jogados com a aposta especificada na oferta.<\/li>\n\n\n\n<li>Os ganhos obtidos com as Rodadas Gr\u00e1tis est\u00e3o sujeitos a um requisito de aposta de <strong>35x <\/strong>, salvo indica\u00e7\u00e3o em contr\u00e1rio.<\/li>\n<\/ul>\n\n\n\n<p>Aplicam-se os <a href=\"https:\/\/qbet-se.com\/pt-br\/termos-e-condicoes\/\" data-type=\"page\" data-id=\"272\">termos e condi\u00e7\u00f5es gerais<\/a>, no caso de regras de b\u00f4nus n\u00e3o espec\u00edficas.<\/p>\n\n\n\n<p><strong>Vers\u00e3o 04, 08.08.2025<\/strong><\/p>\n<\/div>\n<\/div>\n","protected":false},"excerpt":{"rendered":"<p>Condi\u00e7\u00f5es do b\u00f4nus Termos e condi\u00e7\u00f5es gerais do b\u00f4nus Termos e condi\u00e7\u00f5es do b\u00f4nus de cassino Todos os b\u00f4nus oferecidos [&hellip;]<\/p>\n","protected":false},"author":7,"featured_media":0,"parent":0,"menu_order":0,"comment_status":"closed","ping_status":"closed","template":"","meta":{"site-sidebar-layout":"default","site-content-layout":"","ast-site-content-layout":"default","site-content-style":"default","site-sidebar-style":"default","ast-global-header-display":"","ast-banner-title-visibility":"","ast-main-header-display":"","ast-hfb-above-header-display":"","ast-hfb-below-header-display":"","ast-hfb-mobile-header-display":"","site-post-title":"disabled","ast-breadcrumbs-content":"","ast-featured-img":"","footer-sml-layout":"","ast-disable-related-posts":"","theme-transparent-header-meta":"","adv-header-id-meta":"","stick-header-meta":"","header-above-stick-meta":"","header-main-stick-meta":"","header-below-stick-meta":"","astra-migrate-meta-layouts":"default","ast-page-background-enabled":"default","ast-page-background-meta":{"desktop":{"background-color":"var(--ast-global-color-5)","background-image":"","background-repeat":"repeat","background-position":"center center","background-size":"auto","background-attachment":"scroll","background-type":"","background-media":"","overlay-type":"","overlay-color":"","overlay-opacity":"","overlay-gradient":""},"tablet":{"background-color":"","background-image":"","background-repeat":"repeat","background-position":"center center","background-size":"auto","background-attachment":"scroll","background-type":"","background-media":"","overlay-type":"","overlay-color":"","overlay-opacity":"","overlay-gradient":""},"mobile":{"background-color":"","background-image":"","background-repeat":"repeat","background-position":"center center","background-size":"auto","background-attachment":"scroll","background-type":"","background-media":"","overlay-type":"","overlay-color":"","overlay-opacity":"","overlay-gradient":""}},"ast-content-background-meta":{"desktop":{"background-color":"var(--ast-global-color-4)","background-image":"","background-repeat":"repeat","background-position":"center center","background-size":"auto","background-attachment":"scroll","background-type":"","background-media":"","overlay-type":"","overlay-color":"","overlay-opacity":"","overlay-gradient":""},"tablet":{"background-color":"var(--ast-global-color-4)","background-image":"","background-repeat":"repeat","background-position":"center center","background-size":"auto","background-attachment":"scroll","background-type":"","background-media":"","overlay-type":"","overlay-color":"","overlay-opacity":"","overlay-gradient":""},"mobile":{"background-color":"var(--ast-global-color-4)","background-image":"","background-repeat":"repeat","background-position":"center center","background-size":"auto","background-attachment":"scroll","background-type":"","background-media":"","overlay-type":"","overlay-color":"","overlay-opacity":"","overlay-gradient":""}},"footnotes":""},"class_list":["post-247","page","type-page","status-publish","hentry"],"_links":{"self":[{"href":"https:\/\/qbet-se.com\/pt-br\/wp-json\/wp\/v2\/pages\/247","targetHints":{"allow":["GET"]}}],"collection":[{"href":"https:\/\/qbet-se.com\/pt-br\/wp-json\/wp\/v2\/pages"}],"about":[{"href":"https:\/\/qbet-se.com\/pt-br\/wp-json\/wp\/v2\/types\/page"}],"author":[{"embeddable":true,"href":"https:\/\/qbet-se.com\/pt-br\/wp-json\/wp\/v2\/users\/7"}],"replies":[{"embeddable":true,"href":"https:\/\/qbet-se.com\/pt-br\/wp-json\/wp\/v2\/comments?post=247"}],"version-history":[{"count":3,"href":"https:\/\/qbet-se.com\/pt-br\/wp-json\/wp\/v2\/pages\/247\/revisions"}],"predecessor-version":[{"id":539,"href":"https:\/\/qbet-se.com\/pt-br\/wp-json\/wp\/v2\/pages\/247\/revisions\/539"}],"wp:attachment":[{"href":"https:\/\/qbet-se.com\/pt-br\/wp-json\/wp\/v2\/media?parent=247"}],"curies":[{"name":"wp","href":"https:\/\/api.w.org\/{rel}","templated":true}]}}